{"id":83446,"date":"2025-11-27T13:37:12","date_gmt":"2025-11-27T11:37:12","guid":{"rendered":"https:\/\/kasima.lt\/produktas\/volvo-ec240lc-kauso-h-jungtis\/"},"modified":"2025-11-27T13:42:23","modified_gmt":"2025-11-27T13:42:23","slug":"volvo-ec240lc-kauso-h-jungtis","status":"publish","type":"product","link":"https:\/\/kasima.lt\/lv\/produktas\/volvo-ec240lc-kauso-h-jungtis\/","title":{"rendered":"Volvo EC240LC kausa H savienojums"},"content":{"rendered":"<p>Ori\u0123in\u0101la lietota deta\u013ca, iz\u0146emta no Volvo EC240LC<br \/>\nOEM savienojums Volvo ekskavatoriem<br \/>\nPiln\u012bb\u0101 p\u0101rbaud\u012bta un gatava uzst\u0101d\u012b\u0161anai.<br \/>\nPieg\u0101de vis\u0101 pasaul\u0113.<br \/>\nSvars un izm\u0113ri pieg\u0101dei:<br \/>\n\u2022 aptuveni 60 kg<br \/>\n\u2022 800 x 400 x 300 mm<br \/>\nKataloga numurs:<br \/>\n\u2022 VOE 14549981<br \/>\n\u2022 VOE 14552306<\/p>\n","protected":false},"excerpt":{"rendered":"<p>Cena bez PVN<\/p>\n<p>Ra\u017eot\u0101js: VOLVO<br \/>\nModelis: EC240LC056<br \/>\nT\u0101lrunis: <a href=\"tel:+37060842988\">+37060842988<\/a><br \/>\nE-pasts: <a href=\"mailto:usedparts@kasima.lt\">usedparts@kasima.lt<\/a><\/p>\n","protected":false},"featured_media":83407,"template":"","meta":{"_et_pb_use_builder":"","_et_pb_old_content":"","_et_gb_content_width":"","_monsterinsights_skip_tracking":false,"_monsterinsights_sitenote_active":false,"_monsterinsights_sitenote_note":"","_monsterinsights_sitenote_category":0},"product_brand":[],"product_cat":[862,398,822,641,318,685,452],"product_tag":[],"class_list":{"0":"post-83446","1":"product","2":"type-product","3":"status-publish","4":"has-post-thumbnail","6":"product_cat-stieni-un-to-dalas","7":"product_cat-volvo-dalas","8":"product_cat-ec240lc","9":"product_cat-virsbuves-dalas","10":"product_cat-lietotas-dalas","11":"product_cat-ekskavatoru-dalas","12":"product_cat-celtniecibas-tehnikas-dalas","14":"first","15":"instock","16":"shipping-taxable","17":"purchasable","18":"product-type-simple"},"aioseo_notices":[],"_links":{"self":[{"href":"https:\/\/kasima.lt\/lv\/wp-json\/wp\/v2\/product\/83446","targetHints":{"allow":["GET"]}}],"collection":[{"href":"https:\/\/kasima.lt\/lv\/wp-json\/wp\/v2\/product"}],"about":[{"href":"https:\/\/kasima.lt\/lv\/wp-json\/wp\/v2\/types\/product"}],"wp:featuredmedia":[{"embeddable":true,"href":"https:\/\/kasima.lt\/lv\/wp-json\/wp\/v2\/media\/83407"}],"wp:attachment":[{"href":"https:\/\/kasima.lt\/lv\/wp-json\/wp\/v2\/media?parent=83446"}],"wp:term":[{"taxonomy":"product_brand","embeddable":true,"href":"https:\/\/kasima.lt\/lv\/wp-json\/wp\/v2\/product_brand?post=83446"},{"taxonomy":"product_cat","embeddable":true,"href":"https:\/\/kasima.lt\/lv\/wp-json\/wp\/v2\/product_cat?post=83446"},{"taxonomy":"product_tag","embeddable":true,"href":"https:\/\/kasima.lt\/lv\/wp-json\/wp\/v2\/product_tag?post=83446"}],"curies":[{"name":"wp","href":"https:\/\/api.w.org\/{rel}","templated":true}]}}