{"id":83126,"date":"2025-11-27T07:07:08","date_gmt":"2025-11-27T07:07:08","guid":{"rendered":"https:\/\/kasima.lt\/produktas\/casappa-hidraulinis-siurblys\/"},"modified":"2025-11-27T07:26:26","modified_gmt":"2025-11-27T07:26:26","slug":"casappa-hidraulinis-siurblys","status":"publish","type":"product","link":"https:\/\/kasima.lt\/lv\/produktas\/casappa-hidraulinis-siurblys\/","title":{"rendered":"Casappa hidrauliskais s\u016bknis"},"content":{"rendered":"<p>Ori\u0123in\u0101la lietota deta\u013ca, iz\u0146emta no Perkins 1104D-44T dzin\u0113ja.<br \/>\nOEM hidrauliskais s\u016bknis no Merlo P32.6 iekr\u0101v\u0113ja.<br \/>\nPiln\u012bb\u0101 p\u0101rbaud\u012bts un gatavs uzst\u0101d\u012b\u0161anai.<br \/>\nPieg\u0101de vis\u0101 pasaul\u0113.<br \/>\nSvars un izm\u0113ri pieg\u0101dei:<br \/>\n\u2022 aptuveni 15 kg<br \/>\n\u2022 300 x 200 x 200 mm<br \/>\nKataloga numurs:<br \/>\n\u2022 KP3038D0-L9P1-LGF\/GC\/GE<br \/>\n\u2022 03580905<br \/>\n\u2022 32468E<\/p>\n","protected":false},"excerpt":{"rendered":"<p>Cena bez PVN<\/p>\n<p>Ra\u017eot\u0101js: CASAPPA<br \/>\nModelis: MERLOP320051<br \/>\nT\u0101lrunis: <a href=\"tel:+37060842988\">+37060842988<\/a><br \/>\nE-pasts: <a href=\"mailto:usedparts@kasima.lt\">usedparts@kasima.lt<\/a><\/p>\n","protected":false},"featured_media":83102,"template":"","meta":{"_et_pb_use_builder":"","_et_pb_old_content":"","_et_gb_content_width":"","_monsterinsights_skip_tracking":false,"_monsterinsights_sitenote_active":false,"_monsterinsights_sitenote_note":"","_monsterinsights_sitenote_category":0},"product_brand":[],"product_cat":[907,514,617,318,697,452,721],"product_tag":[],"class_list":{"0":"post-83126","1":"product","2":"type-product","3":"status-publish","4":"has-post-thumbnail","6":"product_cat-p32-6-plus-turbo-2011","7":"product_cat-merlo-dalas","8":"product_cat-hidrauliskie-sukni-un-to-detalas","9":"product_cat-lietotas-dalas","10":"product_cat-teleskopisko-iekraveju-dalas","11":"product_cat-celtniecibas-tehnikas-dalas","12":"product_cat-motora-dalas","14":"first","15":"instock","16":"shipping-taxable","17":"purchasable","18":"product-type-simple"},"aioseo_notices":[],"_links":{"self":[{"href":"https:\/\/kasima.lt\/lv\/wp-json\/wp\/v2\/product\/83126","targetHints":{"allow":["GET"]}}],"collection":[{"href":"https:\/\/kasima.lt\/lv\/wp-json\/wp\/v2\/product"}],"about":[{"href":"https:\/\/kasima.lt\/lv\/wp-json\/wp\/v2\/types\/product"}],"wp:featuredmedia":[{"embeddable":true,"href":"https:\/\/kasima.lt\/lv\/wp-json\/wp\/v2\/media\/83102"}],"wp:attachment":[{"href":"https:\/\/kasima.lt\/lv\/wp-json\/wp\/v2\/media?parent=83126"}],"wp:term":[{"taxonomy":"product_brand","embeddable":true,"href":"https:\/\/kasima.lt\/lv\/wp-json\/wp\/v2\/product_brand?post=83126"},{"taxonomy":"product_cat","embeddable":true,"href":"https:\/\/kasima.lt\/lv\/wp-json\/wp\/v2\/product_cat?post=83126"},{"taxonomy":"product_tag","embeddable":true,"href":"https:\/\/kasima.lt\/lv\/wp-json\/wp\/v2\/product_tag?post=83126"}],"curies":[{"name":"wp","href":"https:\/\/api.w.org\/{rel}","templated":true}]}}