{"id":83091,"date":"2025-11-26T21:34:12","date_gmt":"2025-11-26T21:34:12","guid":{"rendered":"https:\/\/kasima.lt\/produktas\/bobcat-84-high-flow-dirvos-kondicionierius\/"},"modified":"2025-11-26T21:37:02","modified_gmt":"2025-11-26T21:37:02","slug":"bobcat-84-high-flow-dirvos-kondicionierius","status":"publish","type":"product","link":"https:\/\/kasima.lt\/lv\/produktas\/bobcat-84-high-flow-dirvos-kondicionierius\/","title":{"rendered":"Bobcat 84&#8243; Augstas pl\u016bsmas augsnes kondicionieris"},"content":{"rendered":"<p>Bobcat 84&#8243; Augstas pl\u016bsmas augsnes kondicionieris<\/p>\n<p>Kond\u012bcija: jauns<br \/>\nRa\u017eo\u0161anas gads: 2021<br \/>\nDarba platums: 84 collas (\u2248213 cm)<br \/>\nKop\u0113jais platums: 245 cm<br \/>\nSvars: 561 kg<br \/>\nNepiecie\u0161ams High Flow<br \/>\nHidraulisk\u0101 pl\u016bsma: 114 &#8211; 140 l\/min<br \/>\nBungas ar karb\u012bda zobiem<br \/>\nIztur\u012bgs r\u0101mis profesion\u0101lai lieto\u0161anai<\/p>\n<p>Paredz\u0113ts Bobcat un citu marku sl\u012bdkr\u0101v\u0113ju ar High Flow sist\u0113mu.<\/p>\n","protected":false},"excerpt":{"rendered":"<p>Cena bez PVN<\/p>\n<p>Ra\u017eot\u0101js: Bobcat<br \/>\nModelis: Augsnes kondicionieris &#8211; High Flow, 84&#8243;<br \/>\nZvans: <a href=\"tel:+37067607071\">+37067607071<\/a><br \/>\nE-pasts: <a href=\"mailto:sales@kasima.lt\">sales@kasima.lt<\/a><\/p>\n","protected":false},"featured_media":83005,"template":"","meta":{"_et_pb_use_builder":"","_et_pb_old_content":"","_et_gb_content_width":"","_monsterinsights_skip_tracking":false,"_monsterinsights_sitenote_active":false,"_monsterinsights_sitenote_note":"","_monsterinsights_sitenote_category":0},"product_brand":[],"product_cat":[153,154,155,237,151],"product_tag":[],"class_list":{"0":"post-83091","1":"product","2":"type-product","3":"status-publish","4":"has-post-thumbnail","6":"product_cat-15-3-tonnas","7":"product_cat-3-5-tonnas","8":"product_cat-jauns","9":"product_cat-citi-piederumi","10":"product_cat-mini-iekraveji","12":"first","13":"instock","14":"shipping-taxable","15":"purchasable","16":"product-type-simple"},"aioseo_notices":[],"_links":{"self":[{"href":"https:\/\/kasima.lt\/lv\/wp-json\/wp\/v2\/product\/83091","targetHints":{"allow":["GET"]}}],"collection":[{"href":"https:\/\/kasima.lt\/lv\/wp-json\/wp\/v2\/product"}],"about":[{"href":"https:\/\/kasima.lt\/lv\/wp-json\/wp\/v2\/types\/product"}],"wp:featuredmedia":[{"embeddable":true,"href":"https:\/\/kasima.lt\/lv\/wp-json\/wp\/v2\/media\/83005"}],"wp:attachment":[{"href":"https:\/\/kasima.lt\/lv\/wp-json\/wp\/v2\/media?parent=83091"}],"wp:term":[{"taxonomy":"product_brand","embeddable":true,"href":"https:\/\/kasima.lt\/lv\/wp-json\/wp\/v2\/product_brand?post=83091"},{"taxonomy":"product_cat","embeddable":true,"href":"https:\/\/kasima.lt\/lv\/wp-json\/wp\/v2\/product_cat?post=83091"},{"taxonomy":"product_tag","embeddable":true,"href":"https:\/\/kasima.lt\/lv\/wp-json\/wp\/v2\/product_tag?post=83091"}],"curies":[{"name":"wp","href":"https:\/\/api.w.org\/{rel}","templated":true}]}}