{"id":82111,"date":"2025-11-24T14:45:30","date_gmt":"2025-11-24T12:45:30","guid":{"rendered":"https:\/\/kasima.lt\/produktas\/volvo-ec240lc-stiklo-valytuvo-variklis\/"},"modified":"2025-11-24T14:55:11","modified_gmt":"2025-11-24T14:55:11","slug":"volvo-ec240lc-stiklo-valytuvo-variklis","status":"publish","type":"product","link":"https:\/\/kasima.lt\/lv\/produktas\/volvo-ec240lc-stiklo-valytuvo-variklis\/","title":{"rendered":"Volvo EC240LC t\u012br\u012bt\u0101ju motors"},"content":{"rendered":"<p>Ori\u0123in\u0101la lietota deta\u013ca, iz\u0146emta no Volvo EC240LC (1997)<br \/>\nOEM Denso motors Volvo ekskavatoriem<br \/>\nPiln\u012bb\u0101 p\u0101rbaud\u012bts un gatavs uzst\u0101d\u012b\u0161anai.<br \/>\nPieg\u0101de vis\u0101 pasaul\u0113.<br \/>\nSvars un izm\u0113ri pieg\u0101dei:<br \/>\n\u2022 aptuveni 3 kg<br \/>\n\u2022 400 x 100 x 100 mm<br \/>\nKataloga numurs:<br \/>\n\u2022 159100-9313<br \/>\n\u2022 SA 1123-00160<\/p>\n","protected":false},"excerpt":{"rendered":"<p>Cena bez PVN<\/p>\n<p>Ra\u017eot\u0101js: DENSO<br \/>\nModelis: EC240LC061<br \/>\nT\u0101lrunis: <a href=\"tel:+37060842988\">+37060842988<\/a><br \/>\nE-pasts: <a href=\"mailto:usedparts@kasima.lt\">usedparts@kasima.lt<\/a><\/p>\n","protected":false},"featured_media":82072,"template":"","meta":{"_et_pb_use_builder":"","_et_pb_old_content":"","_et_gb_content_width":"","_monsterinsights_skip_tracking":false,"_monsterinsights_sitenote_active":false,"_monsterinsights_sitenote_note":"","_monsterinsights_sitenote_category":0},"product_brand":[],"product_cat":[922,398,822,645,318,685,452],"product_tag":[],"class_list":{"0":"post-82111","1":"product","2":"type-product","3":"status-publish","4":"has-post-thumbnail","6":"product_cat-citas-elektroniskas-detalas","7":"product_cat-volvo-dalas","8":"product_cat-ec240lc","9":"product_cat-kabines-un-to-dalas","10":"product_cat-lietotas-dalas","11":"product_cat-ekskavatoru-dalas","12":"product_cat-celtniecibas-tehnikas-dalas","14":"first","15":"instock","16":"shipping-taxable","17":"purchasable","18":"product-type-simple"},"aioseo_notices":[],"_links":{"self":[{"href":"https:\/\/kasima.lt\/lv\/wp-json\/wp\/v2\/product\/82111","targetHints":{"allow":["GET"]}}],"collection":[{"href":"https:\/\/kasima.lt\/lv\/wp-json\/wp\/v2\/product"}],"about":[{"href":"https:\/\/kasima.lt\/lv\/wp-json\/wp\/v2\/types\/product"}],"wp:featuredmedia":[{"embeddable":true,"href":"https:\/\/kasima.lt\/lv\/wp-json\/wp\/v2\/media\/82072"}],"wp:attachment":[{"href":"https:\/\/kasima.lt\/lv\/wp-json\/wp\/v2\/media?parent=82111"}],"wp:term":[{"taxonomy":"product_brand","embeddable":true,"href":"https:\/\/kasima.lt\/lv\/wp-json\/wp\/v2\/product_brand?post=82111"},{"taxonomy":"product_cat","embeddable":true,"href":"https:\/\/kasima.lt\/lv\/wp-json\/wp\/v2\/product_cat?post=82111"},{"taxonomy":"product_tag","embeddable":true,"href":"https:\/\/kasima.lt\/lv\/wp-json\/wp\/v2\/product_tag?post=82111"}],"curies":[{"name":"wp","href":"https:\/\/api.w.org\/{rel}","templated":true}]}}