{"id":81763,"date":"2025-11-24T12:37:25","date_gmt":"2025-11-24T12:37:25","guid":{"rendered":"https:\/\/kasima.lt\/?post_type=product&#038;p=81763"},"modified":"2025-11-26T08:05:24","modified_gmt":"2025-11-26T08:05:24","slug":"wolverine-mini-iekraveja-krumgriezis-kopija","status":"publish","type":"product","link":"https:\/\/kasima.lt\/lv\/produktas\/wolverine-mini-iekraveja-krumgriezis-kopija\/","title":{"rendered":"Wolverine mini iekr\u0101v\u0113ja kr\u016bmgriezis"},"content":{"rendered":"<p>SPECIFIK\u0100CIJAS:<br \/>\nRa\u017eo\u0161anas gads: 2025<br \/>\nPlatums 190 cm.<br \/>\nDarba platums 183 cm.<br \/>\nSvars 360 kg.<br \/>\nStandarta pl\u016bsma l\u012bdz 90 l\/min. (nav nepiecie\u0161ams High Flow sist\u0113mai).<\/p>\n","protected":false},"excerpt":{"rendered":"<p>Cena bez PVN<\/p>\n<p>Ra\u017eot\u0101js: Wolverine<br \/>\nModelis: Kr\u016bmgriezis<br \/>\nZvans: <a href=\"tel:+37067607071\">+37067607071<\/a><br \/>\nE-pasts: <a href=\"mailto:sales@kasima.lt\">sales@kasima.lt<\/a><\/p>\n","protected":false},"featured_media":13317,"template":"","meta":{"_et_pb_use_builder":"","_et_pb_old_content":"","_et_gb_content_width":"","_monsterinsights_skip_tracking":false,"_monsterinsights_sitenote_active":false,"_monsterinsights_sitenote_note":"","_monsterinsights_sitenote_category":0},"product_brand":[],"product_cat":[153,154,155,222,151],"product_tag":[],"class_list":{"0":"post-81763","1":"product","2":"type-product","3":"status-publish","4":"has-post-thumbnail","6":"product_cat-15-3-tonnas","7":"product_cat-3-5-tonnas","8":"product_cat-jauns","9":"product_cat-krumgriezi","10":"product_cat-mini-iekraveji","12":"first","13":"instock","14":"shipping-taxable","15":"purchasable","16":"product-type-simple"},"aioseo_notices":[],"_links":{"self":[{"href":"https:\/\/kasima.lt\/lv\/wp-json\/wp\/v2\/product\/81763","targetHints":{"allow":["GET"]}}],"collection":[{"href":"https:\/\/kasima.lt\/lv\/wp-json\/wp\/v2\/product"}],"about":[{"href":"https:\/\/kasima.lt\/lv\/wp-json\/wp\/v2\/types\/product"}],"wp:featuredmedia":[{"embeddable":true,"href":"https:\/\/kasima.lt\/lv\/wp-json\/wp\/v2\/media\/13317"}],"wp:attachment":[{"href":"https:\/\/kasima.lt\/lv\/wp-json\/wp\/v2\/media?parent=81763"}],"wp:term":[{"taxonomy":"product_brand","embeddable":true,"href":"https:\/\/kasima.lt\/lv\/wp-json\/wp\/v2\/product_brand?post=81763"},{"taxonomy":"product_cat","embeddable":true,"href":"https:\/\/kasima.lt\/lv\/wp-json\/wp\/v2\/product_cat?post=81763"},{"taxonomy":"product_tag","embeddable":true,"href":"https:\/\/kasima.lt\/lv\/wp-json\/wp\/v2\/product_tag?post=81763"}],"curies":[{"name":"wp","href":"https:\/\/api.w.org\/{rel}","templated":true}]}}