{"id":81668,"date":"2025-11-19T13:57:53","date_gmt":"2025-11-19T13:57:53","guid":{"rendered":"https:\/\/kasima.lt\/produktas\/wolverine-statybinis-mini-krautuvo-kausas\/"},"modified":"2025-11-19T13:59:45","modified_gmt":"2025-11-19T13:59:45","slug":"wolverine-statybinis-mini-krautuvo-kausas","status":"publish","type":"product","link":"https:\/\/kasima.lt\/lv\/produktas\/wolverine-statybinis-mini-krautuvo-kausas\/","title":{"rendered":"Wolverine b\u016bvniec\u012bbas mini iekr\u0101v\u0113ja kauss"},"content":{"rendered":"<p>Specifik\u0101cija:<\/p>\n<p>Kond\u012bcija: jauna<br \/>\nRa\u017eo\u0161anas gads: 2025<br \/>\nMaksim\u0101lais hidrauliskais spiediens: 207 bar<br \/>\nHidraulisk\u0101 pl\u016bsma: 56 &#8211; 76 l\/min<br \/>\nPlatums: 183 cm<br \/>\nSvars: 250 kg<\/p>\n","protected":false},"excerpt":{"rendered":"<p>Cena bez PVN<\/p>\n<p>Ra\u017eot\u0101js: Wolverine<br \/>\nModelis: GB-11-72W<br \/>\nZvans: <a href=\"tel:+37067607071\">+37067607071<\/a><br \/>\nE-pasts: <a href=\"mailto:sales@kasima.lt\">sales@kasima.lt<\/a><\/p>\n","protected":false},"featured_media":81594,"template":"","meta":{"_et_pb_use_builder":"","_et_pb_old_content":"","_et_gb_content_width":"","_monsterinsights_skip_tracking":false,"_monsterinsights_sitenote_active":false,"_monsterinsights_sitenote_note":"","_monsterinsights_sitenote_category":0},"product_brand":[],"product_cat":[155,302,151],"product_tag":[],"class_list":{"0":"post-81668","1":"product","2":"type-product","3":"status-publish","4":"has-post-thumbnail","6":"product_cat-jauns","7":"product_cat-spaini","8":"product_cat-mini-iekraveji","10":"first","11":"instock","12":"shipping-taxable","13":"purchasable","14":"product-type-simple"},"aioseo_notices":[],"_links":{"self":[{"href":"https:\/\/kasima.lt\/lv\/wp-json\/wp\/v2\/product\/81668","targetHints":{"allow":["GET"]}}],"collection":[{"href":"https:\/\/kasima.lt\/lv\/wp-json\/wp\/v2\/product"}],"about":[{"href":"https:\/\/kasima.lt\/lv\/wp-json\/wp\/v2\/types\/product"}],"wp:featuredmedia":[{"embeddable":true,"href":"https:\/\/kasima.lt\/lv\/wp-json\/wp\/v2\/media\/81594"}],"wp:attachment":[{"href":"https:\/\/kasima.lt\/lv\/wp-json\/wp\/v2\/media?parent=81668"}],"wp:term":[{"taxonomy":"product_brand","embeddable":true,"href":"https:\/\/kasima.lt\/lv\/wp-json\/wp\/v2\/product_brand?post=81668"},{"taxonomy":"product_cat","embeddable":true,"href":"https:\/\/kasima.lt\/lv\/wp-json\/wp\/v2\/product_cat?post=81668"},{"taxonomy":"product_tag","embeddable":true,"href":"https:\/\/kasima.lt\/lv\/wp-json\/wp\/v2\/product_tag?post=81668"}],"curies":[{"name":"wp","href":"https:\/\/api.w.org\/{rel}","templated":true}]}}