{"id":81583,"date":"2025-11-19T13:30:47","date_gmt":"2025-11-19T13:30:47","guid":{"rendered":"https:\/\/kasima.lt\/produktas\/wolverine-sg-13-08d-hidrauline-kelmu-freza\/"},"modified":"2025-11-19T13:51:35","modified_gmt":"2025-11-19T13:51:35","slug":"wolverine-sg-13-08d-hidrauline-kelmu-freza","status":"publish","type":"product","link":"https:\/\/kasima.lt\/lv\/produktas\/wolverine-sg-13-08d-hidrauline-kelmu-freza\/","title":{"rendered":"Wolverine SG-13-08D &#8211; hidraulisk\u0101 celmu sl\u012bpma\u0161\u012bna"},"content":{"rendered":"<p>Specifik\u0101cija:<\/p>\n<p>Kond\u012bcija: jauna<br \/>\nRa\u017eo\u0161anas gads: 2025<br \/>\nSvars: ~ 354 kg<br \/>\nGrie\u0161anas diska diametrs: 24\u2033 (\u2248 61 cm)<br \/>\nGrie\u0161anas zobi: 32 karb\u012bda<br \/>\n\u0160\u016bpoles loka le\u0146\u0137is: 55\u00b0<br \/>\nHidraulisk\u0101 pl\u016bsma: 57-98 l\/min<br \/>\nDarba spiediens: aptuveni 207 b\u0101ri<\/p>\n","protected":false},"excerpt":{"rendered":"<p>Cena bez PVN<\/p>\n<p>Ra\u017eot\u0101js: Wolverine<br \/>\nModelis: SG-13-08D<br \/>\nZvans: <a href=\"tel:+37067607071\">+37067607071<\/a><br \/>\nE-pasts: <a href=\"mailto:sales@kasima.lt\">sales@kasima.lt<\/a><\/p>\n","protected":false},"featured_media":81503,"template":"","meta":{"_et_pb_use_builder":"","_et_pb_old_content":"","_et_gb_content_width":"","_monsterinsights_skip_tracking":false,"_monsterinsights_sitenote_active":false,"_monsterinsights_sitenote_note":"","_monsterinsights_sitenote_category":0},"product_brand":[],"product_cat":[155,237,151],"product_tag":[],"class_list":{"0":"post-81583","1":"product","2":"type-product","3":"status-publish","4":"has-post-thumbnail","6":"product_cat-jauns","7":"product_cat-citi-piederumi","8":"product_cat-mini-iekraveji","10":"first","11":"instock","12":"shipping-taxable","13":"product-type-simple"},"aioseo_notices":[],"_links":{"self":[{"href":"https:\/\/kasima.lt\/lv\/wp-json\/wp\/v2\/product\/81583","targetHints":{"allow":["GET"]}}],"collection":[{"href":"https:\/\/kasima.lt\/lv\/wp-json\/wp\/v2\/product"}],"about":[{"href":"https:\/\/kasima.lt\/lv\/wp-json\/wp\/v2\/types\/product"}],"wp:featuredmedia":[{"embeddable":true,"href":"https:\/\/kasima.lt\/lv\/wp-json\/wp\/v2\/media\/81503"}],"wp:attachment":[{"href":"https:\/\/kasima.lt\/lv\/wp-json\/wp\/v2\/media?parent=81583"}],"wp:term":[{"taxonomy":"product_brand","embeddable":true,"href":"https:\/\/kasima.lt\/lv\/wp-json\/wp\/v2\/product_brand?post=81583"},{"taxonomy":"product_cat","embeddable":true,"href":"https:\/\/kasima.lt\/lv\/wp-json\/wp\/v2\/product_cat?post=81583"},{"taxonomy":"product_tag","embeddable":true,"href":"https:\/\/kasima.lt\/lv\/wp-json\/wp\/v2\/product_tag?post=81583"}],"curies":[{"name":"wp","href":"https:\/\/api.w.org\/{rel}","templated":true}]}}