{"id":81405,"date":"2025-11-19T09:35:56","date_gmt":"2025-11-19T09:35:56","guid":{"rendered":"https:\/\/kasima.lt\/produktas\/captok-clg72-rastu-griebtuvas\/"},"modified":"2025-11-19T09:38:33","modified_gmt":"2025-11-19T09:38:33","slug":"captok-clg72-rastu-griebtuvas","status":"publish","type":"product","link":"https:\/\/kasima.lt\/lv\/produktas\/captok-clg72-rastu-griebtuvas\/","title":{"rendered":"Captok CLG72 ba\u013c\u0137u satv\u0113r\u0113js"},"content":{"rendered":"<p>Specifik\u0101cija:<\/p>\n<p>Kond\u012bcija: jauna<br \/>\nSaspie\u0161anas sp\u0113ks: 15 KN<br \/>\nDarba platums: 72&#8243; (183 cm)<br \/>\nDarba spiediens: 100 &#8211; 220 bar<\/p>\n","protected":false},"excerpt":{"rendered":"<p>Cena bez PVN<\/p>\n<p>Ra\u017eot\u0101js: Captok<br \/>\nModelis: CLG72<br \/>\nZvans: <a href=\"tel:+37067607071\">+37067607071<\/a><br \/>\nE-pasts: <a href=\"mailto:sales@kasima.lt\">sales@kasima.lt<\/a><\/p>\n","protected":false},"featured_media":81331,"template":"","meta":{"_et_pb_use_builder":"","_et_pb_old_content":"","_et_gb_content_width":"","_monsterinsights_skip_tracking":false,"_monsterinsights_sitenote_active":false,"_monsterinsights_sitenote_note":"","_monsterinsights_sitenote_category":0},"product_brand":[],"product_cat":[155,237,151],"product_tag":[],"class_list":{"0":"post-81405","1":"product","2":"type-product","3":"status-publish","4":"has-post-thumbnail","6":"product_cat-jauns","7":"product_cat-citi-piederumi","8":"product_cat-mini-iekraveji","10":"first","11":"outofstock","12":"shipping-taxable","13":"product-type-simple"},"aioseo_notices":[],"_links":{"self":[{"href":"https:\/\/kasima.lt\/lv\/wp-json\/wp\/v2\/product\/81405","targetHints":{"allow":["GET"]}}],"collection":[{"href":"https:\/\/kasima.lt\/lv\/wp-json\/wp\/v2\/product"}],"about":[{"href":"https:\/\/kasima.lt\/lv\/wp-json\/wp\/v2\/types\/product"}],"wp:featuredmedia":[{"embeddable":true,"href":"https:\/\/kasima.lt\/lv\/wp-json\/wp\/v2\/media\/81331"}],"wp:attachment":[{"href":"https:\/\/kasima.lt\/lv\/wp-json\/wp\/v2\/media?parent=81405"}],"wp:term":[{"taxonomy":"product_brand","embeddable":true,"href":"https:\/\/kasima.lt\/lv\/wp-json\/wp\/v2\/product_brand?post=81405"},{"taxonomy":"product_cat","embeddable":true,"href":"https:\/\/kasima.lt\/lv\/wp-json\/wp\/v2\/product_cat?post=81405"},{"taxonomy":"product_tag","embeddable":true,"href":"https:\/\/kasima.lt\/lv\/wp-json\/wp\/v2\/product_tag?post=81405"}],"curies":[{"name":"wp","href":"https:\/\/api.w.org\/{rel}","templated":true}]}}