{"id":81320,"date":"2025-11-19T08:38:56","date_gmt":"2025-11-19T08:38:56","guid":{"rendered":"https:\/\/kasima.lt\/produktas\/captok-d39f-trenseris\/"},"modified":"2025-11-19T08:41:37","modified_gmt":"2025-11-19T08:41:37","slug":"captok-d39f-trenseris","status":"publish","type":"product","link":"https:\/\/kasima.lt\/lv\/produktas\/captok-d39f-trenseris\/","title":{"rendered":"Captok D39F trena\u017eieris"},"content":{"rendered":"<p>Specifik\u0101cija:<\/p>\n<p>Kond\u012bcija: jauna<br \/>\nRak\u0161anas platums: 20 cm<br \/>\nRak\u0161anas dzi\u013cums: 99 cm<br \/>\nUrbjma\u0161\u012bnas diametrs: 40 cm<br \/>\nMaksim\u0101lais darba spiediens: 200 bar<br \/>\nL\u012bdz 120 apgriezieniem min\u016bt\u0113<br \/>\nSvars: 206 kg<\/p>\n","protected":false},"excerpt":{"rendered":"<p>Cena bez PVN<\/p>\n<p>Ra\u017eot\u0101js: Captok<br \/>\nModelis: D39F<br \/>\nZvans: <a href=\"tel:+37067607071\">+37067607071<\/a><br \/>\nE-pasts: <a href=\"mailto:sales@kasima.lt\">sales@kasima.lt<\/a><\/p>\n","protected":false},"featured_media":81266,"template":"","meta":{"_et_pb_use_builder":"","_et_pb_old_content":"","_et_gb_content_width":"","_monsterinsights_skip_tracking":false,"_monsterinsights_sitenote_active":false,"_monsterinsights_sitenote_note":"","_monsterinsights_sitenote_category":0},"product_brand":[],"product_cat":[155,237,151],"product_tag":[],"class_list":{"0":"post-81320","1":"product","2":"type-product","3":"status-publish","4":"has-post-thumbnail","6":"product_cat-jauns","7":"product_cat-citi-piederumi","8":"product_cat-mini-iekraveji","10":"first","11":"instock","12":"shipping-taxable","13":"purchasable","14":"product-type-simple"},"aioseo_notices":[],"_links":{"self":[{"href":"https:\/\/kasima.lt\/lv\/wp-json\/wp\/v2\/product\/81320","targetHints":{"allow":["GET"]}}],"collection":[{"href":"https:\/\/kasima.lt\/lv\/wp-json\/wp\/v2\/product"}],"about":[{"href":"https:\/\/kasima.lt\/lv\/wp-json\/wp\/v2\/types\/product"}],"wp:featuredmedia":[{"embeddable":true,"href":"https:\/\/kasima.lt\/lv\/wp-json\/wp\/v2\/media\/81266"}],"wp:attachment":[{"href":"https:\/\/kasima.lt\/lv\/wp-json\/wp\/v2\/media?parent=81320"}],"wp:term":[{"taxonomy":"product_brand","embeddable":true,"href":"https:\/\/kasima.lt\/lv\/wp-json\/wp\/v2\/product_brand?post=81320"},{"taxonomy":"product_cat","embeddable":true,"href":"https:\/\/kasima.lt\/lv\/wp-json\/wp\/v2\/product_cat?post=81320"},{"taxonomy":"product_tag","embeddable":true,"href":"https:\/\/kasima.lt\/lv\/wp-json\/wp\/v2\/product_tag?post=81320"}],"curies":[{"name":"wp","href":"https:\/\/api.w.org\/{rel}","templated":true}]}}