{"id":81185,"date":"2025-11-19T08:00:07","date_gmt":"2025-11-19T08:00:07","guid":{"rendered":"https:\/\/kasima.lt\/produktas\/haner-hmc1-4-30a-hidraulines-zirkles\/"},"modified":"2025-11-25T10:09:21","modified_gmt":"2025-11-25T10:09:21","slug":"haner-hmc1-4-30a-hidraulines-zirkles","status":"publish","type":"product","link":"https:\/\/kasima.lt\/lv\/produktas\/haner-hmc1-4-30a-hidraulines-zirkles\/","title":{"rendered":"H\u00e4ner HMC1.4.30A hidraulisk\u0101s \u0161\u0137\u0113res"},"content":{"rendered":"<p>Specifik\u0101cijas:<\/p>\n<p>Ra\u017eo\u0161anas datums: 2025<br \/>\nKond\u012bcija: jauna<br \/>\nSvars: ~175 kg<br \/>\nPiem\u0113rots ekskavatoriem 1-4 tonnu klas\u0113<br \/>\nDarba hidrauliskais spiediens: 250-280 bar<br \/>\nHidraulisk\u0101 pl\u016bsma: 20-40 l\/min.<\/p>\n","protected":false},"excerpt":{"rendered":"<p>Cena bez PVN<\/p>\n<p>Ra\u017eot\u0101js: H\u00e4ner<br \/>\nModelis: HMC1.4.30A<br \/>\nZvans: <a href=\"tel:+37067607071\">+37067607071<\/a><br \/>\nE-pasts: <a href=\"mailto:sales@kasima.lt\">sales@kasima.lt<\/a><\/p>\n","protected":false},"featured_media":81125,"template":"","meta":{"_et_pb_use_builder":"","_et_pb_old_content":"","_et_gb_content_width":"","_monsterinsights_skip_tracking":false,"_monsterinsights_sitenote_active":false,"_monsterinsights_sitenote_note":"","_monsterinsights_sitenote_category":0},"product_brand":[],"product_cat":[294,153,154,155,237,185],"product_tag":[],"class_list":{"0":"post-81185","1":"product","2":"type-product","3":"status-publish","4":"has-post-thumbnail","6":"product_cat-lidz-15-tonnam","7":"product_cat-15-3-tonnas","8":"product_cat-3-5-tonnas","9":"product_cat-jauns","10":"product_cat-citi-piederumi","11":"product_cat-ekskavators","13":"first","14":"instock","15":"shipping-taxable","16":"purchasable","17":"product-type-simple"},"aioseo_notices":[],"_links":{"self":[{"href":"https:\/\/kasima.lt\/lv\/wp-json\/wp\/v2\/product\/81185","targetHints":{"allow":["GET"]}}],"collection":[{"href":"https:\/\/kasima.lt\/lv\/wp-json\/wp\/v2\/product"}],"about":[{"href":"https:\/\/kasima.lt\/lv\/wp-json\/wp\/v2\/types\/product"}],"wp:featuredmedia":[{"embeddable":true,"href":"https:\/\/kasima.lt\/lv\/wp-json\/wp\/v2\/media\/81125"}],"wp:attachment":[{"href":"https:\/\/kasima.lt\/lv\/wp-json\/wp\/v2\/media?parent=81185"}],"wp:term":[{"taxonomy":"product_brand","embeddable":true,"href":"https:\/\/kasima.lt\/lv\/wp-json\/wp\/v2\/product_brand?post=81185"},{"taxonomy":"product_cat","embeddable":true,"href":"https:\/\/kasima.lt\/lv\/wp-json\/wp\/v2\/product_cat?post=81185"},{"taxonomy":"product_tag","embeddable":true,"href":"https:\/\/kasima.lt\/lv\/wp-json\/wp\/v2\/product_tag?post=81185"}],"curies":[{"name":"wp","href":"https:\/\/api.w.org\/{rel}","templated":true}]}}