{"id":81002,"date":"2025-11-13T15:08:45","date_gmt":"2025-11-13T15:08:45","guid":{"rendered":"https:\/\/kasima.lt\/produktas\/bonomi-benne-ir-rolfi-benne-betono-maisykles\/"},"modified":"2025-11-13T15:12:33","modified_gmt":"2025-11-13T15:12:33","slug":"bonomi-benne-ir-rolfi-benne-betono-maisykles","status":"publish","type":"product","link":"https:\/\/kasima.lt\/lv\/produktas\/bonomi-benne-ir-rolfi-benne-betono-maisykles\/","title":{"rendered":"Bonomi Benne un Rolfi Benne betona mais\u012bt\u0101ji"},"content":{"rendered":"<p>Jauni mais\u012bt\u0101ji par lietot\u0101m cen\u0101m!<\/p>\n<p>SPECIFIK\u0100CIJAS:<br \/>\nIeteicam\u0101 mais\u012bt\u0101ja tilpums: 250 l.<br \/>\nTuk\u0161a mais\u012bt\u0101ja svars: 340 kg.<br \/>\nBetona mais\u012bt\u0101ja platums: 1500 mm.<br \/>\nMaksim\u0101lais spiediens: 215 bar.<br \/>\nHidraulisk\u0101s e\u013c\u013cas pl\u016bsma: 90 l\/min.<\/p>\n","protected":false},"excerpt":{"rendered":"<p>Cena bez PVN<\/p>\n<p>Z\u012bmols: Bonomi Benne un Rolfi Benne<br \/>\nZvani: <a href=\"tel:+37067607071\">+37067607071<\/a><br \/>\nRaksti: <a href=\"mailto:sales@kasima.lt\">sales@kasima.lt<\/a><\/p>\n","protected":false},"featured_media":80906,"template":"","meta":{"_et_pb_use_builder":"","_et_pb_old_content":"","_et_gb_content_width":"","_monsterinsights_skip_tracking":false,"_monsterinsights_sitenote_active":false,"_monsterinsights_sitenote_note":"","_monsterinsights_sitenote_category":0},"product_brand":[],"product_cat":[153,154,155,152,185,151],"product_tag":[],"class_list":{"0":"post-81002","1":"product","2":"type-product","3":"status-publish","4":"has-post-thumbnail","6":"product_cat-15-3-tonnas","7":"product_cat-3-5-tonnas","8":"product_cat-jauns","9":"product_cat-betona-maisitaji","10":"product_cat-ekskavators","11":"product_cat-mini-iekraveji","13":"first","14":"instock","15":"shipping-taxable","16":"purchasable","17":"product-type-simple"},"aioseo_notices":[],"_links":{"self":[{"href":"https:\/\/kasima.lt\/lv\/wp-json\/wp\/v2\/product\/81002","targetHints":{"allow":["GET"]}}],"collection":[{"href":"https:\/\/kasima.lt\/lv\/wp-json\/wp\/v2\/product"}],"about":[{"href":"https:\/\/kasima.lt\/lv\/wp-json\/wp\/v2\/types\/product"}],"wp:featuredmedia":[{"embeddable":true,"href":"https:\/\/kasima.lt\/lv\/wp-json\/wp\/v2\/media\/80906"}],"wp:attachment":[{"href":"https:\/\/kasima.lt\/lv\/wp-json\/wp\/v2\/media?parent=81002"}],"wp:term":[{"taxonomy":"product_brand","embeddable":true,"href":"https:\/\/kasima.lt\/lv\/wp-json\/wp\/v2\/product_brand?post=81002"},{"taxonomy":"product_cat","embeddable":true,"href":"https:\/\/kasima.lt\/lv\/wp-json\/wp\/v2\/product_cat?post=81002"},{"taxonomy":"product_tag","embeddable":true,"href":"https:\/\/kasima.lt\/lv\/wp-json\/wp\/v2\/product_tag?post=81002"}],"curies":[{"name":"wp","href":"https:\/\/api.w.org\/{rel}","templated":true}]}}