{"id":7902,"date":"2023-01-24T16:41:13","date_gmt":"2023-01-24T16:41:13","guid":{"rendered":"https:\/\/kasima.lt\/shop\/uncategorized\/manitou-mrt-1432\/"},"modified":"2025-10-29T13:20:33","modified_gmt":"2025-10-29T13:20:33","slug":"manitou-mrt-1432","status":"publish","type":"product","link":"https:\/\/kasima.lt\/lv\/produktas\/manitou-mrt-1432\/","title":{"rendered":"Manitou MRT 1432"},"content":{"rendered":"<p>Rot\u0101cijas &#8211; teleskopiskais iekr\u0101v\u0113ji<\/p>\n<p>Manitou MRT 1432<\/p>\n<p>Uzcelts 2000. gad\u0101.<\/p>\n<p>Motora stundas 3913<\/p>\n<p>Dzin\u0113js Perkins 77 kw.<\/p>\n<p>Svars 11 500 kg.<\/p>\n<p>Celtsp\u0113ja 3200 kg.<\/p>\n<p>Pacel\u0161anas augstums 14 metri.<\/p>\n<p>Paletes dak\u0161as<\/p>\n<p>Iekrau\u0161anas kauss<\/p>\n<p>Lietuv\u0101 nedarbojas<\/p>\n<p>&nbsp;<\/p>\n<p>&nbsp;<\/p>\n","protected":false},"excerpt":{"rendered":"<p>Ra\u017eot\u0101js:Manitou<br \/>\nModelis: MRT 1432<br \/>\nZvans: <a href=\"tel:+37067607071\">+37067607071<\/a><br \/>\nKontaktpersona: <a href=\"mailto:info@kasima.lt\">info@kasima.lt<\/a><\/p>\n","protected":false},"featured_media":0,"template":"","meta":{"_et_pb_use_builder":"","_et_pb_old_content":"","_et_gb_content_width":"","_monsterinsights_skip_tracking":false,"_monsterinsights_sitenote_active":false,"_monsterinsights_sitenote_note":"","_monsterinsights_sitenote_category":0},"product_brand":[],"product_cat":[149],"product_tag":[],"class_list":{"0":"post-7902","1":"product","2":"type-product","3":"status-publish","5":"product_cat-buvnieciba","7":"first","8":"outofstock","9":"shipping-taxable","10":"product-type-simple"},"aioseo_notices":[],"_links":{"self":[{"href":"https:\/\/kasima.lt\/lv\/wp-json\/wp\/v2\/product\/7902","targetHints":{"allow":["GET"]}}],"collection":[{"href":"https:\/\/kasima.lt\/lv\/wp-json\/wp\/v2\/product"}],"about":[{"href":"https:\/\/kasima.lt\/lv\/wp-json\/wp\/v2\/types\/product"}],"wp:attachment":[{"href":"https:\/\/kasima.lt\/lv\/wp-json\/wp\/v2\/media?parent=7902"}],"wp:term":[{"taxonomy":"product_brand","embeddable":true,"href":"https:\/\/kasima.lt\/lv\/wp-json\/wp\/v2\/product_brand?post=7902"},{"taxonomy":"product_cat","embeddable":true,"href":"https:\/\/kasima.lt\/lv\/wp-json\/wp\/v2\/product_cat?post=7902"},{"taxonomy":"product_tag","embeddable":true,"href":"https:\/\/kasima.lt\/lv\/wp-json\/wp\/v2\/product_tag?post=7902"}],"curies":[{"name":"wp","href":"https:\/\/api.w.org\/{rel}","templated":true}]}}