{"id":77540,"date":"2025-10-27T12:34:22","date_gmt":"2025-10-27T12:34:22","guid":{"rendered":"https:\/\/kasima.lt\/produktas\/garrett-m24-turbokompresorius\/"},"modified":"2025-10-29T13:35:25","modified_gmt":"2025-10-29T13:35:25","slug":"garrett-m24-turbokompresorius","status":"publish","type":"product","link":"https:\/\/kasima.lt\/lv\/produktas\/garrett-m24-turbokompresorius\/","title":{"rendered":"Garrett M24 turbokompresors"},"content":{"rendered":"<p>Ori\u0123in\u0101la lietota deta\u013ca, iz\u0146emta no Daewoo Mega 400V, 2001m<br \/>\nOEM turbokompresors Doosan dzin\u0113jam DE12TIA<br \/>\nPiln\u012bb\u0101 p\u0101rbaud\u012bts un gatavs uzst\u0101d\u012b\u0161anai.<br \/>\nPieg\u0101de vis\u0101 pasaul\u0113.<br \/>\nSvars un izm\u0113ri pieg\u0101dei:<br \/>\n\u2022 aptuveni 15 kg<br \/>\n\u2022 400 x 400 x 300 mm<br \/>\nKataloga numurs:<br \/>\n\u2022 466067-1<br \/>\n\u2022 UA0522K<\/p>\n","protected":false},"excerpt":{"rendered":"<p>Cena bez PVN<\/p>\n<p>Ra\u017eot\u0101js: GARRETT<br \/>\nModelis: KND0115<br \/>\nT\u0101lrunis: <a href=\"tel:+37060842988\">+37060842988<\/a><br \/>\nE-pasts: <a href=\"mailto:usedparts@kasima.lt\">usedparts@kasima.lt<\/a><\/p>\n","protected":false},"featured_media":77506,"template":"","meta":{"_et_pb_use_builder":"","_et_pb_old_content":"","_et_gb_content_width":"","_monsterinsights_skip_tracking":false,"_monsterinsights_sitenote_active":false,"_monsterinsights_sitenote_note":"","_monsterinsights_sitenote_category":0},"product_brand":[],"product_cat":[793,318,452,721,737],"product_tag":[],"class_list":{"0":"post-77540","1":"product","2":"type-product","3":"status-publish","4":"has-post-thumbnail","6":"product_cat-doosan-dalas","7":"product_cat-lietotas-dalas","8":"product_cat-celtniecibas-tehnikas-dalas","9":"product_cat-motora-dalas","10":"product_cat-turbinas","12":"first","13":"instock","14":"shipping-taxable","15":"purchasable","16":"product-type-simple"},"aioseo_notices":[],"_links":{"self":[{"href":"https:\/\/kasima.lt\/lv\/wp-json\/wp\/v2\/product\/77540","targetHints":{"allow":["GET"]}}],"collection":[{"href":"https:\/\/kasima.lt\/lv\/wp-json\/wp\/v2\/product"}],"about":[{"href":"https:\/\/kasima.lt\/lv\/wp-json\/wp\/v2\/types\/product"}],"wp:featuredmedia":[{"embeddable":true,"href":"https:\/\/kasima.lt\/lv\/wp-json\/wp\/v2\/media\/77506"}],"wp:attachment":[{"href":"https:\/\/kasima.lt\/lv\/wp-json\/wp\/v2\/media?parent=77540"}],"wp:term":[{"taxonomy":"product_brand","embeddable":true,"href":"https:\/\/kasima.lt\/lv\/wp-json\/wp\/v2\/product_brand?post=77540"},{"taxonomy":"product_cat","embeddable":true,"href":"https:\/\/kasima.lt\/lv\/wp-json\/wp\/v2\/product_cat?post=77540"},{"taxonomy":"product_tag","embeddable":true,"href":"https:\/\/kasima.lt\/lv\/wp-json\/wp\/v2\/product_tag?post=77540"}],"curies":[{"name":"wp","href":"https:\/\/api.w.org\/{rel}","templated":true}]}}