{"id":7745,"date":"2023-01-20T14:30:04","date_gmt":"2023-01-20T14:30:04","guid":{"rendered":"https:\/\/kasima.lt\/shop\/uncategorized\/hamm-h7i-zemes-veltnis\/"},"modified":"2025-10-29T13:20:33","modified_gmt":"2025-10-29T13:20:33","slug":"zemes-tilpums-hamm-h7i","status":"publish","type":"product","link":"https:\/\/kasima.lt\/lv\/produktas\/zemes-tilpums-hamm-h7i\/","title":{"rendered":"Hamm H7i zemes veltnis"},"content":{"rendered":"<p>Ra\u017eot\u0101js Hamm<\/p>\n<p>H7 modelis<\/p>\n<p>Ra\u017eo\u0161anas gads 2020<\/p>\n<p>Moto stundas 391<\/p>\n<p>Dzin\u0113js Kubota 75 ZS<\/p>\n<p>Pa\u0161u svars 6500 kg.<\/p>\n<p>Cena 65900 + PVN<\/p>\n<p>&nbsp;<\/p>\n<p>Lietuv\u0101 nav eksplod\u0113jis<\/p>\n<p>Servisa v\u0113sture,<\/p>\n<p>Bl\u012bv\u0113\u0161anas m\u0113r\u012bt\u0101js,<\/p>\n<p>Gaisa kondicion\u0113\u0161ana<\/p>\n<p>Praktiski jauns meh\u0101nisms&#8230;<\/p>\n<p>&nbsp;<\/p>\n","protected":false},"excerpt":{"rendered":"<p>Ra\u017eot\u0101js.<br \/>\nModelis: H7i<br \/>\nZvans: <a href=\"tel:+37067607071\">+37061118674<\/a><br \/>\nKontaktpersona: <a href=\"mailto:info@kasima.lt\">info@kasima.lt<\/a><\/p>\n","protected":false},"featured_media":7641,"template":"","meta":{"_et_pb_use_builder":"","_et_pb_old_content":"","_et_gb_content_width":"","_monsterinsights_skip_tracking":false,"_monsterinsights_sitenote_active":false,"_monsterinsights_sitenote_note":"","_monsterinsights_sitenote_category":0},"product_brand":[],"product_cat":[208,149],"product_tag":[],"class_list":{"0":"post-7745","1":"product","2":"type-product","3":"status-publish","4":"has-post-thumbnail","6":"product_cat-celu-buvnieciba","7":"product_cat-buvnieciba","9":"first","10":"outofstock","11":"shipping-taxable","12":"product-type-simple"},"aioseo_notices":[],"_links":{"self":[{"href":"https:\/\/kasima.lt\/lv\/wp-json\/wp\/v2\/product\/7745","targetHints":{"allow":["GET"]}}],"collection":[{"href":"https:\/\/kasima.lt\/lv\/wp-json\/wp\/v2\/product"}],"about":[{"href":"https:\/\/kasima.lt\/lv\/wp-json\/wp\/v2\/types\/product"}],"wp:featuredmedia":[{"embeddable":true,"href":"https:\/\/kasima.lt\/lv\/wp-json\/wp\/v2\/media\/7641"}],"wp:attachment":[{"href":"https:\/\/kasima.lt\/lv\/wp-json\/wp\/v2\/media?parent=7745"}],"wp:term":[{"taxonomy":"product_brand","embeddable":true,"href":"https:\/\/kasima.lt\/lv\/wp-json\/wp\/v2\/product_brand?post=7745"},{"taxonomy":"product_cat","embeddable":true,"href":"https:\/\/kasima.lt\/lv\/wp-json\/wp\/v2\/product_cat?post=7745"},{"taxonomy":"product_tag","embeddable":true,"href":"https:\/\/kasima.lt\/lv\/wp-json\/wp\/v2\/product_tag?post=7745"}],"curies":[{"name":"wp","href":"https:\/\/api.w.org\/{rel}","templated":true}]}}