{"id":75647,"date":"2025-10-22T12:04:07","date_gmt":"2025-10-22T12:04:07","guid":{"rendered":"https:\/\/kasima.lt\/produktas\/case-ih-duslintuvas-su-ismetimo-vamzdziu\/"},"modified":"2025-10-29T13:35:19","modified_gmt":"2025-10-29T13:35:19","slug":"case-ih-duslintuvas-su-ismetimo-vamzdziu","status":"publish","type":"product","link":"https:\/\/kasima.lt\/lv\/produktas\/case-ih-duslintuvas-su-ismetimo-vamzdziu\/","title":{"rendered":"Case IH izpl\u016bdes sist\u0113mas klusin\u0101t\u0101js ar izpl\u016bdes cauruli"},"content":{"rendered":"<p>Ori\u0123in\u0101la lietota deta\u013ca, no\u0146emta no Case MXM 155 traktora (2008)<br \/>\nOEM izpl\u016bdes sist\u0113mas klusin\u0101t\u0101js Case un New Holland traktoriem<br \/>\nPiln\u012bb\u0101 p\u0101rbaud\u012bts un gatavs uzst\u0101d\u012b\u0161anai.<br \/>\nPieg\u0101de vis\u0101 pasaul\u0113.<br \/>\nSvars un izm\u0113ri pieg\u0101dei:<br \/>\n\u2022 aptuveni 30 kg<br \/>\n\u2022 100 x 400 x 400 mm<br \/>\nKataloga numurs:<br \/>\n\u2022 82022922<br \/>\n\u2022 82025974<\/p>\n","protected":false},"excerpt":{"rendered":"<p>Cena bez PVN<\/p>\n<p>Ra\u017eot\u0101js: CASE<br \/>\nModelis: CS155MXM051<br \/>\nT\u0101lrunis: <a href=\"tel:+37060842988\">+37060842988<\/a><br \/>\nE-pasts: <a href=\"mailto:usedparts@kasima.lt\">usedparts@kasima.lt<\/a><\/p>\n","protected":false},"featured_media":75623,"template":"","meta":{"_et_pb_use_builder":"","_et_pb_old_content":"","_et_gb_content_width":"","_monsterinsights_skip_tracking":false,"_monsterinsights_sitenote_active":false,"_monsterinsights_sitenote_note":"","_monsterinsights_sitenote_category":0},"product_brand":[],"product_cat":[927,508,838,318,701,455,721],"product_tag":[],"class_list":{"0":"post-75647","1":"product","2":"type-product","3":"status-publish","4":"has-post-thumbnail","6":"product_cat-skanas-slapetaji-un-gaisa-filtri","7":"product_cat-case-dalas","8":"product_cat-mxm-155-2008","9":"product_cat-lietotas-dalas","10":"product_cat-traktoru-dalas","11":"product_cat-lauksaimniecibas-tehnikas-dalas","12":"product_cat-motora-dalas","14":"first","15":"instock","16":"shipping-taxable","17":"purchasable","18":"product-type-simple"},"aioseo_notices":[],"_links":{"self":[{"href":"https:\/\/kasima.lt\/lv\/wp-json\/wp\/v2\/product\/75647","targetHints":{"allow":["GET"]}}],"collection":[{"href":"https:\/\/kasima.lt\/lv\/wp-json\/wp\/v2\/product"}],"about":[{"href":"https:\/\/kasima.lt\/lv\/wp-json\/wp\/v2\/types\/product"}],"wp:featuredmedia":[{"embeddable":true,"href":"https:\/\/kasima.lt\/lv\/wp-json\/wp\/v2\/media\/75623"}],"wp:attachment":[{"href":"https:\/\/kasima.lt\/lv\/wp-json\/wp\/v2\/media?parent=75647"}],"wp:term":[{"taxonomy":"product_brand","embeddable":true,"href":"https:\/\/kasima.lt\/lv\/wp-json\/wp\/v2\/product_brand?post=75647"},{"taxonomy":"product_cat","embeddable":true,"href":"https:\/\/kasima.lt\/lv\/wp-json\/wp\/v2\/product_cat?post=75647"},{"taxonomy":"product_tag","embeddable":true,"href":"https:\/\/kasima.lt\/lv\/wp-json\/wp\/v2\/product_tag?post=75647"}],"curies":[{"name":"wp","href":"https:\/\/api.w.org\/{rel}","templated":true}]}}