{"id":75481,"date":"2025-10-22T07:38:20","date_gmt":"2025-10-22T05:38:20","guid":{"rendered":"https:\/\/kasima.lt\/produktas\/volvo-ec240lc-2014-parduodamas-dalimis\/"},"modified":"2025-10-29T13:35:18","modified_gmt":"2025-10-29T13:35:18","slug":"volvo-ec240lc-2014-parduodamas-dalimis","status":"publish","type":"product","link":"https:\/\/kasima.lt\/lv\/produktas\/volvo-ec240lc-2014-parduodamas-dalimis\/","title":{"rendered":"Volvo EC240LC (1997) p\u0101rdod pa da\u013c\u0101m"},"content":{"rendered":"<p>Volvo EC240LC (1997) k\u0101pur\u0137\u0113\u017eu ekskavators, kas izjaukts pa da\u013c\u0101m<br \/>\nVisas deta\u013cas ir lab\u0101 st\u0101vokl\u012b.<br \/>\nPieejam\u0101s deta\u013cas:<br \/>\n\u2022 Dzin\u0113js<br \/>\n\u2022 Visa hidraulika<br \/>\n\u2022 Cilindri<br \/>\n\u2022 \u0160asijas deta\u013cas<br \/>\n\u2022 Dzes\u0113\u0161anas sist\u0113ma<br \/>\n\u2022 Kab\u012bnes deta\u013cas<br \/>\n\u2022 Korpusa deta\u013cas<br \/>\n\u2022 Elektronika utt. <\/p>\n","protected":false},"excerpt":{"rendered":"<p>Cena bez PVN<\/p>\n<p>Ra\u017eot\u0101js: VOLVO<br \/>\nModelis: EC240L<br \/>\nT\u0101lrunis: <a href=\"tel:+37060842988\">+37060842988<\/a><br \/>\nE-pasts:<a href=\"mailto:usedparts@kasima.lt\"> usedparts@kasima.lt<\/a><\/p>\n","protected":false},"featured_media":75486,"template":"","meta":{"_et_pb_use_builder":"","_et_pb_old_content":"","_et_gb_content_width":"","_monsterinsights_skip_tracking":false,"_monsterinsights_sitenote_active":false,"_monsterinsights_sitenote_note":"","_monsterinsights_sitenote_category":0},"product_brand":[],"product_cat":[398,822,490,645,318,685,452,721],"product_tag":[],"class_list":{"0":"post-75481","1":"product","2":"type-product","3":"status-publish","4":"has-post-thumbnail","6":"product_cat-volvo-dalas","7":"product_cat-ec240lc","8":"product_cat-elektronikas-dalas","9":"product_cat-kabines-un-to-dalas","10":"product_cat-lietotas-dalas","11":"product_cat-ekskavatoru-dalas","12":"product_cat-celtniecibas-tehnikas-dalas","13":"product_cat-motora-dalas","15":"first","16":"instock","17":"shipping-taxable","18":"product-type-simple"},"aioseo_notices":[],"_links":{"self":[{"href":"https:\/\/kasima.lt\/lv\/wp-json\/wp\/v2\/product\/75481","targetHints":{"allow":["GET"]}}],"collection":[{"href":"https:\/\/kasima.lt\/lv\/wp-json\/wp\/v2\/product"}],"about":[{"href":"https:\/\/kasima.lt\/lv\/wp-json\/wp\/v2\/types\/product"}],"wp:featuredmedia":[{"embeddable":true,"href":"https:\/\/kasima.lt\/lv\/wp-json\/wp\/v2\/media\/75486"}],"wp:attachment":[{"href":"https:\/\/kasima.lt\/lv\/wp-json\/wp\/v2\/media?parent=75481"}],"wp:term":[{"taxonomy":"product_brand","embeddable":true,"href":"https:\/\/kasima.lt\/lv\/wp-json\/wp\/v2\/product_brand?post=75481"},{"taxonomy":"product_cat","embeddable":true,"href":"https:\/\/kasima.lt\/lv\/wp-json\/wp\/v2\/product_cat?post=75481"},{"taxonomy":"product_tag","embeddable":true,"href":"https:\/\/kasima.lt\/lv\/wp-json\/wp\/v2\/product_tag?post=75481"}],"curies":[{"name":"wp","href":"https:\/\/api.w.org\/{rel}","templated":true}]}}