{"id":74580,"date":"2025-10-17T12:43:31","date_gmt":"2025-10-17T12:43:31","guid":{"rendered":"https:\/\/kasima.lt\/produktas\/ognibene-hidraulinis-vairo-mechanizmas\/"},"modified":"2025-10-29T13:35:10","modified_gmt":"2025-10-29T13:35:10","slug":"ognibene-hidraulinis-vairo-mechanizmas","status":"publish","type":"product","link":"https:\/\/kasima.lt\/lv\/produktas\/ognibene-hidraulinis-vairo-mechanizmas\/","title":{"rendered":"Ognibene hidraulisk\u0101 st\u016bres sist\u0113ma"},"content":{"rendered":"<p>Ori\u0123in\u0101la lietota deta\u013ca, iz\u0146emta no Case MXM 155 traktora (2008)<br \/>\nOEM hidraulisk\u0101 st\u016bres sist\u0113ma Case un New Holland traktoriem<br \/>\nPiln\u012bb\u0101 p\u0101rbaud\u012bta un gatava uzst\u0101d\u012b\u0161anai.<br \/>\nPieg\u0101de vis\u0101 pasaul\u0113.<br \/>\nSvars un izm\u0113ri pieg\u0101dei:<br \/>\n\u2022 aptuveni 8 kg<br \/>\n\u2022 300 x 200 x 200 mm<br \/>\nKataloga numurs:<br \/>\n\u2022 ST OR 160<br \/>\n\u2022 87391518<br \/>\n\u2022 906772093<br \/>\n\u2022 157000669034<\/p>\n","protected":false},"excerpt":{"rendered":"<p>Cena bez PVN<\/p>\n<p>Ra\u017eot\u0101js: OGNIBENE<br \/>\nModelis: CS155MXM023<br \/>\nT\u0101lrunis: <a href=\"tel:+37060842988\">+37060842988<\/a><br \/>\nE-pasts: <a href=\"mailto:usedparts@kasima.lt\">usedparts@kasima.lt<\/a><\/p>\n","protected":false},"featured_media":74576,"template":"","meta":{"_et_pb_use_builder":"","_et_pb_old_content":"","_et_gb_content_width":"","_monsterinsights_skip_tracking":false,"_monsterinsights_sitenote_active":false,"_monsterinsights_sitenote_note":"","_monsterinsights_sitenote_category":0},"product_brand":[],"product_cat":[508,838,633,318,701,455,677],"product_tag":[],"class_list":{"0":"post-74580","1":"product","2":"type-product","3":"status-publish","4":"has-post-thumbnail","6":"product_cat-case-dalas","7":"product_cat-mxm-155-2008","8":"product_cat-hidrauliskie-varsti","9":"product_cat-lietotas-dalas","10":"product_cat-traktoru-dalas","11":"product_cat-lauksaimniecibas-tehnikas-dalas","12":"product_cat-stures-mehanismi","14":"first","15":"instock","16":"shipping-taxable","17":"purchasable","18":"product-type-simple"},"aioseo_notices":[],"_links":{"self":[{"href":"https:\/\/kasima.lt\/lv\/wp-json\/wp\/v2\/product\/74580","targetHints":{"allow":["GET"]}}],"collection":[{"href":"https:\/\/kasima.lt\/lv\/wp-json\/wp\/v2\/product"}],"about":[{"href":"https:\/\/kasima.lt\/lv\/wp-json\/wp\/v2\/types\/product"}],"wp:featuredmedia":[{"embeddable":true,"href":"https:\/\/kasima.lt\/lv\/wp-json\/wp\/v2\/media\/74576"}],"wp:attachment":[{"href":"https:\/\/kasima.lt\/lv\/wp-json\/wp\/v2\/media?parent=74580"}],"wp:term":[{"taxonomy":"product_brand","embeddable":true,"href":"https:\/\/kasima.lt\/lv\/wp-json\/wp\/v2\/product_brand?post=74580"},{"taxonomy":"product_cat","embeddable":true,"href":"https:\/\/kasima.lt\/lv\/wp-json\/wp\/v2\/product_cat?post=74580"},{"taxonomy":"product_tag","embeddable":true,"href":"https:\/\/kasima.lt\/lv\/wp-json\/wp\/v2\/product_tag?post=74580"}],"curies":[{"name":"wp","href":"https:\/\/api.w.org\/{rel}","templated":true}]}}