{"id":74427,"date":"2025-10-17T08:24:47","date_gmt":"2025-10-17T08:24:47","guid":{"rendered":"https:\/\/kasima.lt\/produktas\/doosan-dx140lcr-3-hidrauline-greita-jungtis\/"},"modified":"2025-12-17T15:26:54","modified_gmt":"2025-12-17T15:26:54","slug":"doosan-dx140lcr-3-hidrauline-greita-jungtis","status":"publish","type":"product","link":"https:\/\/kasima.lt\/lv\/produktas\/doosan-dx140lcr-3-hidrauline-greita-jungtis\/","title":{"rendered":"Doosan DX140LCR-3 hidraulisk\u0101 \u0101trgaitas sakabe"},"content":{"rendered":"<p>Geith hidraulisk\u0101 \u0101trgaitas sakabe Doosan DX140LCR-3. \u0100trai un dro\u0161ai piederumu nomai\u0146ai.   <\/p>\n<p>SPECIFIK\u0100CIJA:<br \/>\nBlo\u0137\u0113\u0161anas veids: hidrauliskais<br \/>\nTapas diametrs: 65 mm<br \/>\nSt\u016bres tapas centra att\u0101lums: 385 mm<br \/>\nKausa tapas centra att\u0101lums: 385 mm<br \/>\nEkskavatora str\u0113les platums: 260 mm<br \/>\nKausa auss distance: 260 mm<\/p>\n","protected":false},"excerpt":{"rendered":"<p>Cena bez PVN<\/p>\n<p>Ra\u017eot\u0101js: Geith<br \/>\nModelis: Doosan DX140LCR-3<br \/>\nZvans: <a href=\"tel:+37067607071\">+37067607071<\/a><br \/>\nE-pasts: <a href=\"mailto:sales@kasima.lt\">sales@kasima.lt<\/a><\/p>\n","protected":false},"featured_media":74383,"template":"","meta":{"_et_pb_use_builder":"","_et_pb_old_content":"","_et_gb_content_width":"","_monsterinsights_skip_tracking":false,"_monsterinsights_sitenote_active":false,"_monsterinsights_sitenote_note":"","_monsterinsights_sitenote_category":0},"product_brand":[],"product_cat":[689,219,283,185],"product_tag":[],"class_list":{"0":"post-74427","1":"product","2":"type-product","3":"status-publish","4":"has-post-thumbnail","6":"product_cat-celtniecibas-masinu-aprikojums","7":"product_cat-lietots","8":"product_cat-ekskavatoru-atrie-savienotaji","9":"product_cat-ekskavators","11":"first","12":"instock","13":"shipping-taxable","14":"purchasable","15":"product-type-simple"},"aioseo_notices":[],"_links":{"self":[{"href":"https:\/\/kasima.lt\/lv\/wp-json\/wp\/v2\/product\/74427","targetHints":{"allow":["GET"]}}],"collection":[{"href":"https:\/\/kasima.lt\/lv\/wp-json\/wp\/v2\/product"}],"about":[{"href":"https:\/\/kasima.lt\/lv\/wp-json\/wp\/v2\/types\/product"}],"wp:featuredmedia":[{"embeddable":true,"href":"https:\/\/kasima.lt\/lv\/wp-json\/wp\/v2\/media\/74383"}],"wp:attachment":[{"href":"https:\/\/kasima.lt\/lv\/wp-json\/wp\/v2\/media?parent=74427"}],"wp:term":[{"taxonomy":"product_brand","embeddable":true,"href":"https:\/\/kasima.lt\/lv\/wp-json\/wp\/v2\/product_brand?post=74427"},{"taxonomy":"product_cat","embeddable":true,"href":"https:\/\/kasima.lt\/lv\/wp-json\/wp\/v2\/product_cat?post=74427"},{"taxonomy":"product_tag","embeddable":true,"href":"https:\/\/kasima.lt\/lv\/wp-json\/wp\/v2\/product_tag?post=74427"}],"curies":[{"name":"wp","href":"https:\/\/api.w.org\/{rel}","templated":true}]}}