{"id":74292,"date":"2025-10-17T06:11:07","date_gmt":"2025-10-17T06:11:07","guid":{"rendered":"https:\/\/kasima.lt\/produktas\/kubota-kx018-4\/"},"modified":"2025-10-29T13:35:09","modified_gmt":"2025-10-29T13:35:09","slug":"kubota-kx018-4","status":"publish","type":"product","link":"https:\/\/kasima.lt\/lv\/produktas\/kubota-kx018-4\/","title":{"rendered":"Kubota KX018-4"},"content":{"rendered":"<p>Kubota KX018-4<br \/>\nMini ekskavators, kas netiek ekspluat\u0113ts Lietuv\u0101<\/p>\n<p>Gads: 2020<br \/>\nDzin\u0113js: Kubota, 11,6 kW \/ 15,6 ZS<br \/>\nDarb\u012bbas svars: aptuveni 1,8 t<br \/>\nMotocikli: 2 404<br \/>\nKausi: 2 kausi komplekt\u0101 (pl\u0101no\u0161anas kauss, 2 rak\u0161anas kausi)<br \/>\n\u0160asija:<br \/>\n Kond\u012bcija: \u013coti laba, gatavs lieto\u0161anai<\/p>\n<p>Kompakts, manevr\u0113ts un uzticams mini ekskavators, piem\u0113rots da\u017e\u0101diem b\u016bvniec\u012bbas, ainavu veido\u0161anas un teritorijas uztur\u0113\u0161anas darbiem.<\/p>\n<p>Ekonomiskais un klusais Kubota dzin\u0113js nodro\u0161ina \u0113rtu ekspluat\u0101ciju pat \u0161aur\u0101s telp\u0101s.<\/p>\n<p><iframe loading=\"lazy\" title=\"Kubota KX018-4 \u2502 UAB KASIMA\" width=\"1080\" height=\"608\" src=\"https:\/\/www.youtube.com\/embed\/Q0xi-XEBKnc?feature=oembed\"  allow=\"accelerometer; autoplay; clipboard-write; encrypted-media; gyroscope; picture-in-picture; web-share\" referrerpolicy=\"strict-origin-when-cross-origin\" allowfullscreen><\/iframe><\/p>\n","protected":false},"excerpt":{"rendered":"<p>Cena bez PVN<\/p>\n<p>Ra\u017eot\u0101js: Kubota<br \/>\nModelis: KX018-4<br \/>\nZvans: <a href=\"tel:+37067607071\">+37067607071<\/a><br \/>\nE-pasts: <a href=\"mailto:sales@kasima.lt\">sales@kasima.lt<\/a><\/p>\n","protected":false},"featured_media":74142,"template":"","meta":{"_et_pb_use_builder":"","_et_pb_old_content":"","_et_gb_content_width":"","_monsterinsights_skip_tracking":false,"_monsterinsights_sitenote_active":false,"_monsterinsights_sitenote_note":"","_monsterinsights_sitenote_category":0},"product_brand":[],"product_cat":[778,149],"product_tag":[],"class_list":{"0":"post-74292","1":"product","2":"type-product","3":"status-publish","4":"has-post-thumbnail","6":"product_cat-celtniecibas-masinas","7":"product_cat-buvnieciba","9":"first","10":"outofstock","11":"shipping-taxable","12":"product-type-simple"},"aioseo_notices":[],"_links":{"self":[{"href":"https:\/\/kasima.lt\/lv\/wp-json\/wp\/v2\/product\/74292","targetHints":{"allow":["GET"]}}],"collection":[{"href":"https:\/\/kasima.lt\/lv\/wp-json\/wp\/v2\/product"}],"about":[{"href":"https:\/\/kasima.lt\/lv\/wp-json\/wp\/v2\/types\/product"}],"wp:featuredmedia":[{"embeddable":true,"href":"https:\/\/kasima.lt\/lv\/wp-json\/wp\/v2\/media\/74142"}],"wp:attachment":[{"href":"https:\/\/kasima.lt\/lv\/wp-json\/wp\/v2\/media?parent=74292"}],"wp:term":[{"taxonomy":"product_brand","embeddable":true,"href":"https:\/\/kasima.lt\/lv\/wp-json\/wp\/v2\/product_brand?post=74292"},{"taxonomy":"product_cat","embeddable":true,"href":"https:\/\/kasima.lt\/lv\/wp-json\/wp\/v2\/product_cat?post=74292"},{"taxonomy":"product_tag","embeddable":true,"href":"https:\/\/kasima.lt\/lv\/wp-json\/wp\/v2\/product_tag?post=74292"}],"curies":[{"name":"wp","href":"https:\/\/api.w.org\/{rel}","templated":true}]}}