{"id":74137,"date":"2025-10-16T22:50:54","date_gmt":"2025-10-16T22:50:54","guid":{"rendered":"https:\/\/kasima.lt\/produktas\/terex-mbr71-vibrovolas-682m-h\/"},"modified":"2025-10-29T13:35:09","modified_gmt":"2025-10-29T13:35:09","slug":"terex-mbr71-vibrovolas-682m-h","status":"publish","type":"product","link":"https:\/\/kasima.lt\/lv\/produktas\/terex-mbr71-vibrovolas-682m-h\/","title":{"rendered":"Terex MBR71 vibr\u0101cijas veltnis (682 m\/h)"},"content":{"rendered":"<p>Terex MBR71<br \/>\nvibro veltnis ar piekabi transport\u0113\u0161anai<br \/>\nLietuv\u0101 netiek ekspluat\u0113ts  <\/p>\n<p>Dzin\u0113js: d\u012bze\u013cdegviela<br \/>\nMotoru stundu skaits: 682<br \/>\nDarb\u012bbas svars: aptuveni 500 kg<br \/>\nDarba platums: 710 mm<br \/>\nTransport\u0113\u0161anas piekabe<br \/>\nLaist\u012b\u0161anas funkcija<br \/>\nKond\u012bcija: lab\u0101 k\u0101rt\u012bb\u0101, piln\u012bb\u0101 gatavs lieto\u0161anai.<\/p>\n<p>Kompakts un uzticams viena cilindra vibroveltnis, kas piem\u0113rots asfalt\u0113\u0161anai, ce\u013cu remontdarbiem un augsnes bl\u012bv\u0113\u0161anai ierobe\u017eot\u0101s viet\u0101s.<br \/>\nViegli lietojams, ekonomisks dzin\u0113js un iztur\u012bga konstrukcija nodro\u0161ina ilgu kalpo\u0161anas laiku un zemas uztur\u0113\u0161anas izmaksas.<br \/>\nTransporta piekabe \u0113rtai un dro\u0161ai transport\u0113\u0161anai.<\/p>\n<p><iframe loading=\"lazy\" title=\"Terex MBR71 (682m\/h) \u2502 UAB KASIMA\" width=\"1080\" height=\"608\" src=\"https:\/\/www.youtube.com\/embed\/PK1zkgk3CJk?feature=oembed\"  allow=\"accelerometer; autoplay; clipboard-write; encrypted-media; gyroscope; picture-in-picture; web-share\" referrerpolicy=\"strict-origin-when-cross-origin\" allowfullscreen><\/iframe><\/p>\n","protected":false},"excerpt":{"rendered":"<p>Cena bez PVN<\/p>\n<p>Ra\u017eot\u0101js: Terex<br \/>\nModelis: MBR71<br \/>\nZvans: <a href=\"tel:+37067607071\">+37067607071<\/a><br \/>\nE-pasts: <a href=\"mailto:sales@kasima.lt\">sales@kasima.lt<\/a><\/p>\n","protected":false},"featured_media":74017,"template":"","meta":{"_et_pb_use_builder":"","_et_pb_old_content":"","_et_gb_content_width":"","_monsterinsights_skip_tracking":false,"_monsterinsights_sitenote_active":false,"_monsterinsights_sitenote_note":"","_monsterinsights_sitenote_category":0},"product_brand":[],"product_cat":[778,208,149],"product_tag":[],"class_list":{"0":"post-74137","1":"product","2":"type-product","3":"status-publish","4":"has-post-thumbnail","6":"product_cat-celtniecibas-masinas","7":"product_cat-celu-buvnieciba","8":"product_cat-buvnieciba","10":"first","11":"instock","12":"shipping-taxable","13":"purchasable","14":"product-type-simple"},"aioseo_notices":[],"_links":{"self":[{"href":"https:\/\/kasima.lt\/lv\/wp-json\/wp\/v2\/product\/74137","targetHints":{"allow":["GET"]}}],"collection":[{"href":"https:\/\/kasima.lt\/lv\/wp-json\/wp\/v2\/product"}],"about":[{"href":"https:\/\/kasima.lt\/lv\/wp-json\/wp\/v2\/types\/product"}],"wp:featuredmedia":[{"embeddable":true,"href":"https:\/\/kasima.lt\/lv\/wp-json\/wp\/v2\/media\/74017"}],"wp:attachment":[{"href":"https:\/\/kasima.lt\/lv\/wp-json\/wp\/v2\/media?parent=74137"}],"wp:term":[{"taxonomy":"product_brand","embeddable":true,"href":"https:\/\/kasima.lt\/lv\/wp-json\/wp\/v2\/product_brand?post=74137"},{"taxonomy":"product_cat","embeddable":true,"href":"https:\/\/kasima.lt\/lv\/wp-json\/wp\/v2\/product_cat?post=74137"},{"taxonomy":"product_tag","embeddable":true,"href":"https:\/\/kasima.lt\/lv\/wp-json\/wp\/v2\/product_tag?post=74137"}],"curies":[{"name":"wp","href":"https:\/\/api.w.org\/{rel}","templated":true}]}}