{"id":73414,"date":"2025-10-15T12:31:25","date_gmt":"2025-10-15T12:31:25","guid":{"rendered":"https:\/\/kasima.lt\/produktas\/case-ih-ventiliatorius-su-sankaba\/"},"modified":"2025-10-29T13:35:07","modified_gmt":"2025-10-29T13:35:07","slug":"case-ih-ventiliatorius-su-sankaba","status":"publish","type":"product","link":"https:\/\/kasima.lt\/lv\/produktas\/case-ih-ventiliatorius-su-sankaba\/","title":{"rendered":"Case IH ventilators ar saj\u016bgu"},"content":{"rendered":"<p>Ori\u0123in\u0101la lietota deta\u013ca, iz\u0146emta no Case MXM 155 traktora (2008)<br \/>\nOEM ventilators Case un New Holland traktoriem<br \/>\nPiln\u012bb\u0101 p\u0101rbaud\u012bts un gatavs uzst\u0101d\u012b\u0161anai.<br \/>\nPieg\u0101de vis\u0101 pasaul\u0113.<br \/>\nSvars un izm\u0113ri pieg\u0101dei:<br \/>\n\u2022 aptuveni 8 kg<br \/>\n\u2022 500 x 500 x 200 mm<br \/>\nKataloga numurs:<br \/>\n\u2022 82025804<br \/>\n\u2022 82025803<\/p>\n","protected":false},"excerpt":{"rendered":"<p>Cena bez PVN<\/p>\n<p>Ra\u017eot\u0101js: CASE<br \/>\nModelis: CS155MXM019<br \/>\nT\u0101lrunis: <a href=\"tel:+37060842988\">+37060842988<\/a><br \/>\nE-pasts: <a href=\"mailto:usedparts@kasima.lt\">usedparts@kasima.lt<\/a><\/p>\n","protected":false},"featured_media":73395,"template":"","meta":{"_et_pb_use_builder":"","_et_pb_old_content":"","_et_gb_content_width":"","_monsterinsights_skip_tracking":false,"_monsterinsights_sitenote_active":false,"_monsterinsights_sitenote_note":"","_monsterinsights_sitenote_category":0},"product_brand":[],"product_cat":[508,838,318,701,455,807],"product_tag":[],"class_list":{"0":"post-73414","1":"product","2":"type-product","3":"status-publish","4":"has-post-thumbnail","6":"product_cat-case-dalas","7":"product_cat-mxm-155-2008","8":"product_cat-lietotas-dalas","9":"product_cat-traktoru-dalas","10":"product_cat-lauksaimniecibas-tehnikas-dalas","11":"product_cat-dzesesanas-sistemas-un-to-komponenti","13":"first","14":"instock","15":"shipping-taxable","16":"purchasable","17":"product-type-simple"},"aioseo_notices":[],"_links":{"self":[{"href":"https:\/\/kasima.lt\/lv\/wp-json\/wp\/v2\/product\/73414","targetHints":{"allow":["GET"]}}],"collection":[{"href":"https:\/\/kasima.lt\/lv\/wp-json\/wp\/v2\/product"}],"about":[{"href":"https:\/\/kasima.lt\/lv\/wp-json\/wp\/v2\/types\/product"}],"wp:featuredmedia":[{"embeddable":true,"href":"https:\/\/kasima.lt\/lv\/wp-json\/wp\/v2\/media\/73395"}],"wp:attachment":[{"href":"https:\/\/kasima.lt\/lv\/wp-json\/wp\/v2\/media?parent=73414"}],"wp:term":[{"taxonomy":"product_brand","embeddable":true,"href":"https:\/\/kasima.lt\/lv\/wp-json\/wp\/v2\/product_brand?post=73414"},{"taxonomy":"product_cat","embeddable":true,"href":"https:\/\/kasima.lt\/lv\/wp-json\/wp\/v2\/product_cat?post=73414"},{"taxonomy":"product_tag","embeddable":true,"href":"https:\/\/kasima.lt\/lv\/wp-json\/wp\/v2\/product_tag?post=73414"}],"curies":[{"name":"wp","href":"https:\/\/api.w.org\/{rel}","templated":true}]}}