{"id":73389,"date":"2025-10-15T12:07:51","date_gmt":"2025-10-15T12:07:51","guid":{"rendered":"https:\/\/kasima.lt\/produktas\/case-ih-kompresorius\/"},"modified":"2025-10-29T13:35:07","modified_gmt":"2025-10-29T13:35:07","slug":"case-ih-kompresorius","status":"publish","type":"product","link":"https:\/\/kasima.lt\/lv\/produktas\/case-ih-kompresorius\/","title":{"rendered":"Case IH kompresors"},"content":{"rendered":"<p>Ori\u0123in\u0101la lietota deta\u013ca, iz\u0146emta no Case MXM 155 traktora (2008)<br \/>\nOEM kompresors Case un New Holland traktoriem<br \/>\nPiln\u012bb\u0101 p\u0101rbaud\u012bts un gatavs uzst\u0101d\u012b\u0161anai.<br \/>\nPieg\u0101de vis\u0101 pasaul\u0113.<br \/>\nSvars un izm\u0113ri pieg\u0101dei:<br \/>\n\u2022 aptuveni 5 kg<br \/>\n\u2022 200 x 100 x 100 mm<br \/>\nKataloga numurs:<br \/>\n\u2022 82016158<br \/>\n\u2022 SD7H15<br \/>\n\u2022 S8230<br \/>\n\u2022 2847201180<\/p>\n","protected":false},"excerpt":{"rendered":"<p>Cena bez PVN<\/p>\n<p>Ra\u017eot\u0101js: SANDEN<br \/>\nModelis: CS155MXM014<br \/>\nT\u0101lrunis: <a href=\"tel:+37060842988\">+37060842988<\/a><br \/>\nE-pasts: <a href=\"mailto:usedparts@kasima.lt\">usedparts@kasima.lt<\/a><\/p>\n","protected":false},"featured_media":73360,"template":"","meta":{"_et_pb_use_builder":"","_et_pb_old_content":"","_et_gb_content_width":"","_monsterinsights_skip_tracking":false,"_monsterinsights_sitenote_active":false,"_monsterinsights_sitenote_note":"","_monsterinsights_sitenote_category":0},"product_brand":[],"product_cat":[942,508,838,490,318,701,807],"product_tag":[],"class_list":{"0":"post-73389","1":"product","2":"type-product","3":"status-publish","4":"has-post-thumbnail","6":"product_cat-kompresori","7":"product_cat-case-dalas","8":"product_cat-mxm-155-2008","9":"product_cat-elektronikas-dalas","10":"product_cat-lietotas-dalas","11":"product_cat-traktoru-dalas","12":"product_cat-dzesesanas-sistemas-un-to-komponenti","14":"first","15":"instock","16":"shipping-taxable","17":"purchasable","18":"product-type-simple"},"aioseo_notices":[],"_links":{"self":[{"href":"https:\/\/kasima.lt\/lv\/wp-json\/wp\/v2\/product\/73389","targetHints":{"allow":["GET"]}}],"collection":[{"href":"https:\/\/kasima.lt\/lv\/wp-json\/wp\/v2\/product"}],"about":[{"href":"https:\/\/kasima.lt\/lv\/wp-json\/wp\/v2\/types\/product"}],"wp:featuredmedia":[{"embeddable":true,"href":"https:\/\/kasima.lt\/lv\/wp-json\/wp\/v2\/media\/73360"}],"wp:attachment":[{"href":"https:\/\/kasima.lt\/lv\/wp-json\/wp\/v2\/media?parent=73389"}],"wp:term":[{"taxonomy":"product_brand","embeddable":true,"href":"https:\/\/kasima.lt\/lv\/wp-json\/wp\/v2\/product_brand?post=73389"},{"taxonomy":"product_cat","embeddable":true,"href":"https:\/\/kasima.lt\/lv\/wp-json\/wp\/v2\/product_cat?post=73389"},{"taxonomy":"product_tag","embeddable":true,"href":"https:\/\/kasima.lt\/lv\/wp-json\/wp\/v2\/product_tag?post=73389"}],"curies":[{"name":"wp","href":"https:\/\/api.w.org\/{rel}","templated":true}]}}