{"id":73323,"date":"2025-10-15T11:34:11","date_gmt":"2025-10-15T11:34:11","guid":{"rendered":"https:\/\/kasima.lt\/produktas\/case-ih-ausintuvas\/"},"modified":"2025-10-29T13:35:07","modified_gmt":"2025-10-29T13:35:07","slug":"case-ih-ausintuvas","status":"publish","type":"product","link":"https:\/\/kasima.lt\/lv\/produktas\/case-ih-ausintuvas\/","title":{"rendered":"Case IH starpdzes\u0113t\u0101js"},"content":{"rendered":"<p>Originali naudota detal\u0117, i\u0161montuota i\u0161 Case MXM 155 traktoriaus (2008 m.)<br \/>\nOEM radiatorius Case ir New Holland traktoriams<br \/>\nI\u0161bandytas ir paruo\u0161tas montuoti.<br \/>\nPristatymas visame pasaulyje.<br \/>\nSvoris ir matmenys pristatymui:<br \/>\n\u2022 apie 10 kg<br \/>\n\u2022 500 x 500 x 200 mm<br \/>\nKatalogo numeris:<br \/>\n\u2022 82028450<\/p>\n","protected":false},"excerpt":{"rendered":"<p>Cena bez PVN<\/p>\n<p>Ra\u017eot\u0101js: CASE<br \/>\nModelis: CS155MXM011<br \/>\nT\u0101lrunis: <a href=\"tel:+37060842988\">+37060842988<\/a><br \/>\nE-pasts: <a href=\"mailto:usedparts@kasima.lt\">usedparts@kasima.lt<\/a><\/p>\n","protected":false},"featured_media":73294,"template":"","meta":{"_et_pb_use_builder":"","_et_pb_old_content":"","_et_gb_content_width":"","_monsterinsights_skip_tracking":false,"_monsterinsights_sitenote_active":false,"_monsterinsights_sitenote_note":"","_monsterinsights_sitenote_category":0},"product_brand":[],"product_cat":[508,838,318,701,455,807],"product_tag":[],"class_list":{"0":"post-73323","1":"product","2":"type-product","3":"status-publish","4":"has-post-thumbnail","6":"product_cat-case-dalas","7":"product_cat-mxm-155-2008","8":"product_cat-lietotas-dalas","9":"product_cat-traktoru-dalas","10":"product_cat-lauksaimniecibas-tehnikas-dalas","11":"product_cat-dzesesanas-sistemas-un-to-komponenti","13":"first","14":"instock","15":"shipping-taxable","16":"purchasable","17":"product-type-simple"},"aioseo_notices":[],"_links":{"self":[{"href":"https:\/\/kasima.lt\/lv\/wp-json\/wp\/v2\/product\/73323","targetHints":{"allow":["GET"]}}],"collection":[{"href":"https:\/\/kasima.lt\/lv\/wp-json\/wp\/v2\/product"}],"about":[{"href":"https:\/\/kasima.lt\/lv\/wp-json\/wp\/v2\/types\/product"}],"wp:featuredmedia":[{"embeddable":true,"href":"https:\/\/kasima.lt\/lv\/wp-json\/wp\/v2\/media\/73294"}],"wp:attachment":[{"href":"https:\/\/kasima.lt\/lv\/wp-json\/wp\/v2\/media?parent=73323"}],"wp:term":[{"taxonomy":"product_brand","embeddable":true,"href":"https:\/\/kasima.lt\/lv\/wp-json\/wp\/v2\/product_brand?post=73323"},{"taxonomy":"product_cat","embeddable":true,"href":"https:\/\/kasima.lt\/lv\/wp-json\/wp\/v2\/product_cat?post=73323"},{"taxonomy":"product_tag","embeddable":true,"href":"https:\/\/kasima.lt\/lv\/wp-json\/wp\/v2\/product_tag?post=73323"}],"curies":[{"name":"wp","href":"https:\/\/api.w.org\/{rel}","templated":true}]}}