{"id":7309,"date":"2023-01-07T15:11:10","date_gmt":"2023-01-07T15:11:10","guid":{"rendered":"https:\/\/kasima.lt\/shop\/uncategorized\/wolverine-mini-iekraveja-krumgriezis\/"},"modified":"2025-10-29T13:20:32","modified_gmt":"2025-10-29T13:20:32","slug":"mini-iekraveji-krumpetes-vilkaci","status":"publish","type":"product","link":"https:\/\/kasima.lt\/lv\/produktas\/mini-iekraveji-krumpetes-vilkaci\/","title":{"rendered":"Wolverine mini iekr\u0101v\u0113ja kr\u016bmgriezis"},"content":{"rendered":"<p>SPECIFIK\u0100CIJAS:<br \/>\nRa\u017eo\u0161anas gads: 2025<br \/>\nPlatums 190 cm.<br \/>\nDarba platums 183 cm.<br \/>\nSvars 360 kg.<br \/>\nStandarta pl\u016bsma l\u012bdz 90 l\/min. (nav nepiecie\u0161ams High Flow sist\u0113mai).<\/p>\n<p>M\u0113s pied\u0101v\u0101jam jums Wolverine mini iekr\u0101v\u0113ja kr\u016bmgriezi-trimmeri lieto\u0161anai ar mini iekr\u0101v\u0113ju. \u0160is uzgalis ir ide\u0101li piem\u0113rots ainavu veido\u0161anai, vec\u0101s z\u0101les un kr\u016bmu p\u013cau\u0161anai un smalcin\u0101\u0161anai. \u012apa\u0161i \u0101trie asme\u0146i ir lieliski piem\u0113roti mazu kr\u016bmu un vecas z\u0101les p\u013cau\u0161anai un smalcin\u0101\u0161anai. M\u0113s pied\u0101v\u0101jam 12 m\u0113ne\u0161u garantiju pret r\u016bpn\u012bcas defektiem. KASIMA UAB nodro\u0161ina garantijas un p\u0113cgarantijas apkalpo\u0161anu.<\/p>\n<p>PIEG\u0100DE:<br \/>\nPreces ir m\u016bsu noliktav\u0101, t\u0101p\u0113c j\u016bs varat ierasties un apskat\u012bt t\u0101s kl\u0101tien\u0113.<br \/>\n\u0100tra pieg\u0101de uz j\u016bsu adresi.<\/p>\n<p>\u0160is kr\u016bmgriezis ir piem\u0113rots \u0161\u0101du z\u012bmolu iekr\u0101v\u0113ji: Bobcat, CAT, Geht, Takeuchi, Manitou, Komatsu, Wacker Neuson, Terex, New Holland, JCB, Mustang, CASE, EUROCOMACH, Doosan, Caterpillar un citi iekr\u0101v\u0113ji.<\/p>\n","protected":false},"excerpt":{"rendered":"<p>Cena bez PVN<\/p>\n<p>Ra\u017eot\u0101js: Wolverine<br \/>\nModelis: Kr\u016bmgriezis<br \/>\nZvans: <a href=\"tel:+37067607071\">+37067607071<\/a><br \/>\nE-pasts: <a href=\"mailto:sales@kasima.lt\">sales@kasima.lt<\/a><\/p>\n","protected":false},"featured_media":79352,"template":"","meta":{"_et_pb_use_builder":"","_et_pb_old_content":"","_et_gb_content_width":"","_monsterinsights_skip_tracking":false,"_monsterinsights_sitenote_active":false,"_monsterinsights_sitenote_note":"","_monsterinsights_sitenote_category":0},"product_brand":[],"product_cat":[153,154,155,222,151],"product_tag":[],"class_list":{"0":"post-7309","1":"product","2":"type-product","3":"status-publish","4":"has-post-thumbnail","6":"product_cat-15-3-tonnas","7":"product_cat-3-5-tonnas","8":"product_cat-jauns","9":"product_cat-krumgriezi","10":"product_cat-mini-iekraveji","12":"first","13":"instock","14":"shipping-taxable","15":"purchasable","16":"product-type-simple"},"aioseo_notices":[],"_links":{"self":[{"href":"https:\/\/kasima.lt\/lv\/wp-json\/wp\/v2\/product\/7309","targetHints":{"allow":["GET"]}}],"collection":[{"href":"https:\/\/kasima.lt\/lv\/wp-json\/wp\/v2\/product"}],"about":[{"href":"https:\/\/kasima.lt\/lv\/wp-json\/wp\/v2\/types\/product"}],"wp:featuredmedia":[{"embeddable":true,"href":"https:\/\/kasima.lt\/lv\/wp-json\/wp\/v2\/media\/79352"}],"wp:attachment":[{"href":"https:\/\/kasima.lt\/lv\/wp-json\/wp\/v2\/media?parent=7309"}],"wp:term":[{"taxonomy":"product_brand","embeddable":true,"href":"https:\/\/kasima.lt\/lv\/wp-json\/wp\/v2\/product_brand?post=7309"},{"taxonomy":"product_cat","embeddable":true,"href":"https:\/\/kasima.lt\/lv\/wp-json\/wp\/v2\/product_cat?post=7309"},{"taxonomy":"product_tag","embeddable":true,"href":"https:\/\/kasima.lt\/lv\/wp-json\/wp\/v2\/product_tag?post=7309"}],"curies":[{"name":"wp","href":"https:\/\/api.w.org\/{rel}","templated":true}]}}