{"id":7304,"date":"2023-01-07T15:11:09","date_gmt":"2023-01-07T15:11:09","guid":{"rendered":"https:\/\/kasima.lt\/shop\/uncategorized\/bunkuru-slota-ar-slipam-birstem-wolverine-72\/"},"modified":"2026-02-19T10:51:28","modified_gmt":"2026-02-19T08:51:28","slug":"bunkurs-ar-parklajumu-un-stura-sedekli-wolverine-72","status":"publish","type":"product","link":"https:\/\/kasima.lt\/lv\/produktas\/bunkurs-ar-parklajumu-un-stura-sedekli-wolverine-72\/","title":{"rendered":"Bunkura slota ar le\u0146\u0137a birsti Wolverine 72"},"content":{"rendered":"<p>SPECIFIK\u0100CIJA:<br \/>\nBunkura slotas darba platums: 183 cm<br \/>\nKop\u0113jais bunkura slotas platums: 220 cm<br \/>\nBunkura slotas garums: 130 cm<br \/>\nBunkura slotas augstums: 68 cm<br \/>\nBunkura slotas svars: 435 kg<br \/>\nDarba pl\u016bsma: l\u012bdz 90 l\/min<br \/>\nRegul\u0113jams slauc\u012b\u0161anas segmenta augstums<br \/>\nE\u013c\u013cojami gult\u0146i<br \/>\nStiprin\u0101jums: mini iekr\u0101v\u0113jam<\/p>\n<p>Pied\u0101v\u0101jam Jums pilnas komplekt\u0101cijas Wolverine bunkura slotu, kas paredz\u0113ta dub\u013cu, beramo materi\u0101lu un citu nev\u0113lamu materi\u0101lu sav\u0101k\u0161anai un slauc\u012b\u0161anai ar mini iekr\u0101v\u0113ju.<br \/>Bunkura slotas komplekt\u0101 ietilpst: hidraulisk\u0101s \u0161\u013c\u016btenes ar piesl\u0113guma uzga\u013ciem.<br \/>Bunkura slota ir lielisks risin\u0101jums tiem, kam nepiecie\u0161ams ne tikai noslauc\u012bt, bet ar\u012b sav\u0101kt net\u012brumus \u2013 to, ko nevar izdar\u012bt standarta le\u0146\u0137a slota. Ar bunkura pal\u012bdz\u012bbu sav\u0101ktie atkritumi tiek viegli transport\u0113ti un iztuk\u0161oti J\u016bsu izv\u0113l\u0113taj\u0101 viet\u0101.<br \/>Iek\u0101rtas aizsarggumijas nov\u0113r\u0161 putek\u013cu izplat\u012b\u0161anos apk\u0101rt\u0113j\u0101 vid\u0113. Operatora darbs k\u013c\u016bst viegl\u0101ks, un apk\u0101rt\u0113j\u0101 vid\u0113 tiek izplat\u012bts maz\u0101k putek\u013cu.<br \/>\u0160ai Wolverine slotai ir ar\u012b papildu funkcija \u2013 s\u0101nu slauc\u012b\u0161anas birste, kas \u013cauj efekt\u012bvi t\u012br\u012bt tie\u0161i pie apmal\u0113m.<br \/>Nodro\u0161in\u0101m 12 m\u0113ne\u0161u garantiju r\u016bpn\u012bcas defektu nov\u0113r\u0161anai. SIA \u201eKASIMA\u201c veic garantijas un p\u0113cgarantijas apkalpo\u0161anu.<br \/>\nPRECES PIEG\u0100DE:<br \/>\nPrece ir pieejama uz vietas \u2013 varat ierasties un apskat\u012bt to kl\u0101tien\u0113. Nodro\u0161in\u0101m \u0101tru pieg\u0101di uz J\u016bsu nor\u0101d\u012bto adresi. \u0160\u012b bunkura slota ir piem\u0113rota \u0161\u0101diem iekr\u0101v\u0113jiem: Bobcat, CAT, Gehl, Takeuchi, Manitou, Komatsu, Wacker Neuson, Terex, New Holland, JCB, Mustang, CASE, EUROCOMACH, Doosan, Caterpillar un citiem.<br \/>Par papildu samaksu iesp\u0113jama adaptera uzst\u0101d\u012b\u0161ana atbilsto\u0161i J\u016bsu iekr\u0101v\u0113ja stiprin\u0101jumam.<\/p>\n","protected":false},"excerpt":{"rendered":"<p>Cena bez PVN<\/p>\n<p>Ra\u017eot\u0101js: Wolverine<br \/>\nModelis: Sweeper spainis 72 S<br \/>\nZvans: <a href=\"tel:+37067607071\">+37067607071<\/a><br \/>\nE-pasts: <a href=\"mailto:sales@kasima.lt\">sales@kasima.lt<\/a><\/p>\n","protected":false},"featured_media":79132,"template":"","meta":{"_et_pb_use_builder":"","_et_pb_old_content":"","_et_gb_content_width":"","_monsterinsights_skip_tracking":false,"_monsterinsights_sitenote_active":false,"_monsterinsights_sitenote_note":"","_monsterinsights_sitenote_category":0},"product_brand":[],"product_cat":[153,154,155,291,151],"product_tag":[],"class_list":{"0":"post-7304","1":"product","2":"type-product","3":"status-publish","4":"has-post-thumbnail","6":"product_cat-15-3-tonnas","7":"product_cat-3-5-tonnas","8":"product_cat-jauns","9":"product_cat-hidrauliskas-slotas-lv","10":"product_cat-mini-iekraveji","12":"first","13":"instock","14":"shipping-taxable","15":"purchasable","16":"product-type-simple"},"aioseo_notices":[],"_links":{"self":[{"href":"https:\/\/kasima.lt\/lv\/wp-json\/wp\/v2\/product\/7304","targetHints":{"allow":["GET"]}}],"collection":[{"href":"https:\/\/kasima.lt\/lv\/wp-json\/wp\/v2\/product"}],"about":[{"href":"https:\/\/kasima.lt\/lv\/wp-json\/wp\/v2\/types\/product"}],"wp:featuredmedia":[{"embeddable":true,"href":"https:\/\/kasima.lt\/lv\/wp-json\/wp\/v2\/media\/79132"}],"wp:attachment":[{"href":"https:\/\/kasima.lt\/lv\/wp-json\/wp\/v2\/media?parent=7304"}],"wp:term":[{"taxonomy":"product_brand","embeddable":true,"href":"https:\/\/kasima.lt\/lv\/wp-json\/wp\/v2\/product_brand?post=7304"},{"taxonomy":"product_cat","embeddable":true,"href":"https:\/\/kasima.lt\/lv\/wp-json\/wp\/v2\/product_cat?post=7304"},{"taxonomy":"product_tag","embeddable":true,"href":"https:\/\/kasima.lt\/lv\/wp-json\/wp\/v2\/product_tag?post=7304"}],"curies":[{"name":"wp","href":"https:\/\/api.w.org\/{rel}","templated":true}]}}