{"id":72309,"date":"2025-10-10T08:08:13","date_gmt":"2025-10-10T08:08:13","guid":{"rendered":"https:\/\/kasima.lt\/produktas\/jcb-js130w-parduodamas-dalimis\/"},"modified":"2025-10-29T13:35:05","modified_gmt":"2025-10-29T13:35:05","slug":"jcb-js130w-parduodamas-dalimis","status":"publish","type":"product","link":"https:\/\/kasima.lt\/lv\/produktas\/jcb-js130w-parduodamas-dalimis\/","title":{"rendered":"JCB JS130W P\u0101rdod pa da\u013c\u0101m"},"content":{"rendered":"<p>Rite\u0146u ekskavators JCB JS130W (2007) izjaukts deta\u013c\u0101m.<br \/>\nLiel\u0101k\u0101 da\u013ca deta\u013cu ir lab\u0101 st\u0101vokl\u012b.<br \/>\nPieejam\u0101s deta\u013cas:<br \/>\n\u2022 Isuzu dzin\u0113js BB-4BG1T<br \/>\n\u2022 Hidraulika<br \/>\n\u2022 Cilindri<br \/>\n\u2022 Asis<br \/>\n\u2022 Kab\u012bnes deta\u013cas<br \/>\n\u2022 Dzes\u0113\u0161anas sist\u0113ma<br \/>\n\u2022 Elektronika<\/p>\n","protected":false},"excerpt":{"rendered":"<p>Cena bez PVN<\/p>\n<p>Ra\u017eot\u0101js: JCB<br \/>\nModelis: JS130W<br \/>\nT\u0101lrunis: <a href=\"tel:+37060842988\">+37060842988<\/a><br \/>\nE-pasts: <a href=\"mailto:usedparts@kasima.lt\">usedparts@kasima.lt<\/a><\/p>\n","protected":false},"featured_media":72280,"template":"","meta":{"_et_pb_use_builder":"","_et_pb_old_content":"","_et_gb_content_width":"","_monsterinsights_skip_tracking":false,"_monsterinsights_sitenote_active":false,"_monsterinsights_sitenote_note":"","_monsterinsights_sitenote_category":0},"product_brand":[],"product_cat":[443,857,490,645,318,685,452,721],"product_tag":[],"class_list":{"0":"post-72309","1":"product","2":"type-product","3":"status-publish","4":"has-post-thumbnail","6":"product_cat-jcb-dalas","7":"product_cat-js130w-2007","8":"product_cat-elektronikas-dalas","9":"product_cat-kabines-un-to-dalas","10":"product_cat-lietotas-dalas","11":"product_cat-ekskavatoru-dalas","12":"product_cat-celtniecibas-tehnikas-dalas","13":"product_cat-motora-dalas","15":"first","16":"instock","17":"shipping-taxable","18":"product-type-simple"},"aioseo_notices":[],"_links":{"self":[{"href":"https:\/\/kasima.lt\/lv\/wp-json\/wp\/v2\/product\/72309","targetHints":{"allow":["GET"]}}],"collection":[{"href":"https:\/\/kasima.lt\/lv\/wp-json\/wp\/v2\/product"}],"about":[{"href":"https:\/\/kasima.lt\/lv\/wp-json\/wp\/v2\/types\/product"}],"wp:featuredmedia":[{"embeddable":true,"href":"https:\/\/kasima.lt\/lv\/wp-json\/wp\/v2\/media\/72280"}],"wp:attachment":[{"href":"https:\/\/kasima.lt\/lv\/wp-json\/wp\/v2\/media?parent=72309"}],"wp:term":[{"taxonomy":"product_brand","embeddable":true,"href":"https:\/\/kasima.lt\/lv\/wp-json\/wp\/v2\/product_brand?post=72309"},{"taxonomy":"product_cat","embeddable":true,"href":"https:\/\/kasima.lt\/lv\/wp-json\/wp\/v2\/product_cat?post=72309"},{"taxonomy":"product_tag","embeddable":true,"href":"https:\/\/kasima.lt\/lv\/wp-json\/wp\/v2\/product_tag?post=72309"}],"curies":[{"name":"wp","href":"https:\/\/api.w.org\/{rel}","templated":true}]}}