{"id":72119,"date":"2025-10-09T22:23:45","date_gmt":"2025-10-09T22:23:45","guid":{"rendered":"https:\/\/kasima.lt\/?post_type=product&#038;p=72119"},"modified":"2025-10-29T13:35:04","modified_gmt":"2025-10-29T13:35:04","slug":"betona-drupinasanas-zaunas-ksm-sc500-kopija","status":"publish","type":"product","link":"https:\/\/kasima.lt\/lv\/produktas\/betona-drupinasanas-zaunas-ksm-sc500-kopija\/","title":{"rendered":"Betona drupin\u0101\u0161anas \u017eaunas KSM SC1000"},"content":{"rendered":"<p>KSM SC1000 ir augstas veiktsp\u0113jas hidrauliskais drupin\u0101t\u0101js ar hidraulisko rotoru, kas paredz\u0113ts ekskavatoriem ar kravnes\u012bbu no 12 l\u012bdz 16 tonn\u0101m. \u0160is modelis ir ide\u0101li piem\u0113rots profesion\u0101lai betona, \u0137ie\u0123e\u013cu un konstrukciju drupin\u0101\u0161anai un armat\u016bras atdal\u012b\u0161anai, nodro\u0161inot augstu produktivit\u0101ti pat visgr\u016bt\u0101kajos nojauk\u0161anas darbos. <\/p>\n<p>Tehniskie dati:<\/p>\n<p>Modelis: KSM SC1000<br \/>\nIeteicamais ekskavatora svars: 12-16 t<br \/>\nVad\u012bba: elektromagn\u0113tiskais v\u0101rsts<br \/>\nRotors: hidrauliskais<br \/>\nSvars (atkar\u012bb\u0101 no apr\u012bkojuma): aptuveni 950 kg<br \/>\nHidraulikas darba spiediens: l\u012bdz 300 bar<br \/>\nMaks. Sp\u0101rnu atv\u0113rums: 535 mm<br \/>\n\u0160\u0137\u0113res augstums: 1820 mm<br \/>\n\u0160\u0137\u0113res platums: 440 mm<br \/>\nSpie\u0161anas jauda: 165 t. <\/p>\n","protected":false},"excerpt":{"rendered":"<p>Cena bez PVN<\/p>\n<p>Ra\u017eot\u0101js: KSM Attachments<br \/>\nModelis: SC1000<br \/>\nZvans: <a href=\"tel:+37067607071\">+37067607071<\/a><br \/>\nE-pasts: <a href=\"mailto:sales@kasima.lt\">sales@kasima.lt<\/a><\/p>\n","protected":false},"featured_media":72109,"template":"","meta":{"_et_pb_use_builder":"","_et_pb_old_content":"","_et_gb_content_width":"","_monsterinsights_skip_tracking":false,"_monsterinsights_sitenote_active":false,"_monsterinsights_sitenote_note":"","_monsterinsights_sitenote_category":0},"product_brand":[],"product_cat":[171,174,689,155,237,185],"product_tag":[],"class_list":{"0":"post-72119","1":"product","2":"type-product","3":"status-publish","4":"has-post-thumbnail","6":"product_cat-10-13-tonnas","7":"product_cat-13-16-tonnas","8":"product_cat-celtniecibas-masinu-aprikojums","9":"product_cat-jauns","10":"product_cat-citi-piederumi","11":"product_cat-ekskavators","13":"first","14":"instock","15":"shipping-taxable","16":"purchasable","17":"product-type-simple"},"aioseo_notices":[],"_links":{"self":[{"href":"https:\/\/kasima.lt\/lv\/wp-json\/wp\/v2\/product\/72119","targetHints":{"allow":["GET"]}}],"collection":[{"href":"https:\/\/kasima.lt\/lv\/wp-json\/wp\/v2\/product"}],"about":[{"href":"https:\/\/kasima.lt\/lv\/wp-json\/wp\/v2\/types\/product"}],"wp:featuredmedia":[{"embeddable":true,"href":"https:\/\/kasima.lt\/lv\/wp-json\/wp\/v2\/media\/72109"}],"wp:attachment":[{"href":"https:\/\/kasima.lt\/lv\/wp-json\/wp\/v2\/media?parent=72119"}],"wp:term":[{"taxonomy":"product_brand","embeddable":true,"href":"https:\/\/kasima.lt\/lv\/wp-json\/wp\/v2\/product_brand?post=72119"},{"taxonomy":"product_cat","embeddable":true,"href":"https:\/\/kasima.lt\/lv\/wp-json\/wp\/v2\/product_cat?post=72119"},{"taxonomy":"product_tag","embeddable":true,"href":"https:\/\/kasima.lt\/lv\/wp-json\/wp\/v2\/product_tag?post=72119"}],"curies":[{"name":"wp","href":"https:\/\/api.w.org\/{rel}","templated":true}]}}