{"id":72064,"date":"2025-10-09T22:17:11","date_gmt":"2025-10-09T22:17:11","guid":{"rendered":"https:\/\/kasima.lt\/?post_type=product&#038;p=72064"},"modified":"2025-10-29T13:35:04","modified_gmt":"2025-10-29T13:35:04","slug":"hidrauliskas-skeres-ksm-ps55-kopija","status":"publish","type":"product","link":"https:\/\/kasima.lt\/lv\/produktas\/hidrauliskas-skeres-ksm-ps55-kopija\/","title":{"rendered":"Betona drupin\u0101\u0161anas \u017eaunas KSM SC500"},"content":{"rendered":"<p>KSM SC 500 ir kompakts, bet jaud\u012bgs hidrauliskais drupin\u0101t\u0101js ar hidraulisko rotoru ekskavatoriem ar kravnes\u012bbu no 4 l\u012bdz 10 tonn\u0101m. Tas ir paredz\u0113ts efekt\u012bvai betona, \u0137ie\u0123e\u013cu un konstrukciju drupin\u0101\u0161anai un atdal\u012b\u0161anai no armat\u016bras, ko izmanto nojauk\u0161anas un p\u0101rstr\u0101des darbos. <\/p>\n<p>Tehniskie dati:<\/p>\n<p>Modelis: KSM SC 500<br \/>\nIeteicamais ekskavatora svars: 4-10 t<br \/>\nVad\u012bba: elektromagn\u0113tiskais v\u0101rsts<br \/>\nRotors: hidrauliskais<br \/>\nSvars: aptuveni 380 kg<br \/>\nHidrauliskais darba spiediens: l\u012bdz 230 bar<br \/>\nMaks. Sp\u0101rnu atv\u0113rums: 415 mm<br \/>\n\u0160\u0137\u0113res augstums: 1350 mm<br \/>\n\u0160\u0137\u0113res platums: 330 mm<br \/>\nSpie\u0161anas jauda: 126 t. <\/p>\n","protected":false},"excerpt":{"rendered":"<p>Cena bez PVN<\/p>\n<p>Ra\u017eot\u0101js: KSM Attachments<br \/>\nModelis: SC500<br \/>\nZvans: <a href=\"tel:+37067607071\">+37067607071<\/a><br \/>\nE-pasts: <a href=\"mailto:sales@kasima.lt\">sales@kasima.lt<\/a><\/p>\n","protected":false},"featured_media":72009,"template":"","meta":{"_et_pb_use_builder":"","_et_pb_old_content":"","_et_gb_content_width":"","_monsterinsights_skip_tracking":false,"_monsterinsights_sitenote_active":false,"_monsterinsights_sitenote_note":"","_monsterinsights_sitenote_category":0},"product_brand":[],"product_cat":[154,166,168,689,155,237,185],"product_tag":[],"class_list":{"0":"post-72064","1":"product","2":"type-product","3":"status-publish","4":"has-post-thumbnail","6":"product_cat-3-5-tonnas","7":"product_cat-5-7-tonnas","8":"product_cat-7-10-tonnas","9":"product_cat-celtniecibas-masinu-aprikojums","10":"product_cat-jauns","11":"product_cat-citi-piederumi","12":"product_cat-ekskavators","14":"first","15":"instock","16":"shipping-taxable","17":"purchasable","18":"product-type-simple"},"aioseo_notices":[],"_links":{"self":[{"href":"https:\/\/kasima.lt\/lv\/wp-json\/wp\/v2\/product\/72064","targetHints":{"allow":["GET"]}}],"collection":[{"href":"https:\/\/kasima.lt\/lv\/wp-json\/wp\/v2\/product"}],"about":[{"href":"https:\/\/kasima.lt\/lv\/wp-json\/wp\/v2\/types\/product"}],"wp:featuredmedia":[{"embeddable":true,"href":"https:\/\/kasima.lt\/lv\/wp-json\/wp\/v2\/media\/72009"}],"wp:attachment":[{"href":"https:\/\/kasima.lt\/lv\/wp-json\/wp\/v2\/media?parent=72064"}],"wp:term":[{"taxonomy":"product_brand","embeddable":true,"href":"https:\/\/kasima.lt\/lv\/wp-json\/wp\/v2\/product_brand?post=72064"},{"taxonomy":"product_cat","embeddable":true,"href":"https:\/\/kasima.lt\/lv\/wp-json\/wp\/v2\/product_cat?post=72064"},{"taxonomy":"product_tag","embeddable":true,"href":"https:\/\/kasima.lt\/lv\/wp-json\/wp\/v2\/product_tag?post=72064"}],"curies":[{"name":"wp","href":"https:\/\/api.w.org\/{rel}","templated":true}]}}