{"id":71939,"date":"2025-10-09T22:04:55","date_gmt":"2025-10-09T22:04:55","guid":{"rendered":"https:\/\/kasima.lt\/produktas\/hidraulines-zirkles-ksm-ps35\/"},"modified":"2025-10-29T13:35:04","modified_gmt":"2025-10-29T13:35:04","slug":"hidraulines-zirkles-ksm-ps35","status":"publish","type":"product","link":"https:\/\/kasima.lt\/lv\/produktas\/hidraulines-zirkles-ksm-ps35\/","title":{"rendered":"Hidraulisk\u0101s \u0161\u0137\u0113res KSM PS35"},"content":{"rendered":"<p>KSM PS35 ir jaud\u012bgas un uzticamas hidraulisk\u0101s \u0161\u0137\u0113res ar hidraulisko rotoru, kas paredz\u0113tas darbam ar 4-8 tonnu smagiem ekskavatoriem. T\u0101 nodro\u0161ina augstu precizit\u0101ti, lielu grie\u0161anas jaudu un daudzpus\u012bbu, kas piem\u0113rota da\u017e\u0101diem b\u016bvniec\u012bbas, nojauk\u0161anas un p\u0101rstr\u0101des darbiem. <\/p>\n<p>Tehniskie dati:<\/p>\n<p>Modelis: KSM PS35<br \/>\nIeteicamais ekskavatora svars: 4-8 t<br \/>\nVad\u012bba: elektromagn\u0113tisk\u0101<br \/>\nRotors: hidrauliskais<br \/>\nSvars: aptuveni 350 kg<br \/>\nHidrauliskais darba spiediens: l\u012bdz 210 bar<br \/>\nMaks. \u017daunu atv\u0113rums: 435 mm<br \/>\n\u0160\u0137\u0113res augstums: 1270 mm<br \/>\n\u0160\u0137\u0113res platums: 700 mm<br \/>\nSaspie\u0161anas jauda: 300 kN<br \/>\n\u0160\u0137\u0113res asme\u0146i: 90 mm. <\/p>\n","protected":false},"excerpt":{"rendered":"<p>Cena bez PVN<\/p>\n<p>Ra\u017eot\u0101js: KSM Attachments<br \/>\nModelis: PS35<br \/>\nZvans: <a href=\"tel:+37067607071\">+37067607071<\/a><br \/>\nE-pasts: <a href=\"mailto:sales@kasima.lt\">sales@kasima.lt<\/a><\/p>\n","protected":false},"featured_media":71819,"template":"","meta":{"_et_pb_use_builder":"","_et_pb_old_content":"","_et_gb_content_width":"","_monsterinsights_skip_tracking":false,"_monsterinsights_sitenote_active":false,"_monsterinsights_sitenote_note":"","_monsterinsights_sitenote_category":0},"product_brand":[],"product_cat":[154,166,168,689,155,237,185],"product_tag":[],"class_list":{"0":"post-71939","1":"product","2":"type-product","3":"status-publish","4":"has-post-thumbnail","6":"product_cat-3-5-tonnas","7":"product_cat-5-7-tonnas","8":"product_cat-7-10-tonnas","9":"product_cat-celtniecibas-masinu-aprikojums","10":"product_cat-jauns","11":"product_cat-citi-piederumi","12":"product_cat-ekskavators","14":"first","15":"instock","16":"shipping-taxable","17":"purchasable","18":"product-type-simple"},"aioseo_notices":[],"_links":{"self":[{"href":"https:\/\/kasima.lt\/lv\/wp-json\/wp\/v2\/product\/71939","targetHints":{"allow":["GET"]}}],"collection":[{"href":"https:\/\/kasima.lt\/lv\/wp-json\/wp\/v2\/product"}],"about":[{"href":"https:\/\/kasima.lt\/lv\/wp-json\/wp\/v2\/types\/product"}],"wp:featuredmedia":[{"embeddable":true,"href":"https:\/\/kasima.lt\/lv\/wp-json\/wp\/v2\/media\/71819"}],"wp:attachment":[{"href":"https:\/\/kasima.lt\/lv\/wp-json\/wp\/v2\/media?parent=71939"}],"wp:term":[{"taxonomy":"product_brand","embeddable":true,"href":"https:\/\/kasima.lt\/lv\/wp-json\/wp\/v2\/product_brand?post=71939"},{"taxonomy":"product_cat","embeddable":true,"href":"https:\/\/kasima.lt\/lv\/wp-json\/wp\/v2\/product_cat?post=71939"},{"taxonomy":"product_tag","embeddable":true,"href":"https:\/\/kasima.lt\/lv\/wp-json\/wp\/v2\/product_tag?post=71939"}],"curies":[{"name":"wp","href":"https:\/\/api.w.org\/{rel}","templated":true}]}}