{"id":71306,"date":"2025-10-07T07:43:19","date_gmt":"2025-10-07T07:43:19","guid":{"rendered":"https:\/\/kasima.lt\/produktas\/case-mxm-155-2008-dalimis\/"},"modified":"2025-10-29T13:35:02","modified_gmt":"2025-10-29T13:35:02","slug":"case-mxm-155-2008-dalimis","status":"publish","type":"product","link":"https:\/\/kasima.lt\/lv\/produktas\/case-mxm-155-2008-dalimis\/","title":{"rendered":"Case MXM 155 (2008) rezerves da\u013c\u0101m"},"content":{"rendered":"<p>2008. gada Case MXM 155 traktors.<br \/>\nKab\u012bne ir boj\u0101ta av\u0101rij\u0101, bet visas p\u0101r\u0113j\u0101s deta\u013cas ir lab\u0101 darba k\u0101rt\u012bb\u0101.<br \/>\n\u2022 Dzin\u0113js<br \/>\n\u2022 P\u0101rnesumk\u0101rba<br \/>\n\u2022 Asis<br \/>\n\u2022 Hidraulika<br \/>\nIde\u0101li piem\u0113rots rezerves da\u013c\u0101m. <\/p>\n","protected":false},"excerpt":{"rendered":"<p>Cena bez PVN<\/p>\n<p>Ra\u017eot\u0101js: CASE<br \/>\nModelis: MXM 155<br \/>\nZvaniet:<a href=\"tel:+37060842988\"> +37060842988<\/a><br \/>\nE-pasts: <a href=\"mailto:usedparts@kasima.lt\">usedparts@kasima.lt<\/a><\/p>\n","protected":false},"featured_media":71297,"template":"","meta":{"_et_pb_use_builder":"","_et_pb_old_content":"","_et_gb_content_width":"","_monsterinsights_skip_tracking":false,"_monsterinsights_sitenote_active":false,"_monsterinsights_sitenote_note":"","_monsterinsights_sitenote_category":0},"product_brand":[],"product_cat":[508,838,490,645,318,701,455,705,721,749,673],"product_tag":[],"class_list":{"0":"post-71306","1":"product","2":"type-product","3":"status-publish","4":"has-post-thumbnail","6":"product_cat-case-dalas","7":"product_cat-mxm-155-2008","8":"product_cat-elektronikas-dalas","9":"product_cat-kabines-un-to-dalas","10":"product_cat-lietotas-dalas","11":"product_cat-traktoru-dalas","12":"product_cat-lauksaimniecibas-tehnikas-dalas","13":"product_cat-transmisijas-dalas","14":"product_cat-motora-dalas","15":"product_cat-asis-un-dalas","16":"product_cat-bremzu-sistemas-dalas","18":"first","19":"instock","20":"shipping-taxable","21":"product-type-simple"},"aioseo_notices":[],"_links":{"self":[{"href":"https:\/\/kasima.lt\/lv\/wp-json\/wp\/v2\/product\/71306","targetHints":{"allow":["GET"]}}],"collection":[{"href":"https:\/\/kasima.lt\/lv\/wp-json\/wp\/v2\/product"}],"about":[{"href":"https:\/\/kasima.lt\/lv\/wp-json\/wp\/v2\/types\/product"}],"wp:featuredmedia":[{"embeddable":true,"href":"https:\/\/kasima.lt\/lv\/wp-json\/wp\/v2\/media\/71297"}],"wp:attachment":[{"href":"https:\/\/kasima.lt\/lv\/wp-json\/wp\/v2\/media?parent=71306"}],"wp:term":[{"taxonomy":"product_brand","embeddable":true,"href":"https:\/\/kasima.lt\/lv\/wp-json\/wp\/v2\/product_brand?post=71306"},{"taxonomy":"product_cat","embeddable":true,"href":"https:\/\/kasima.lt\/lv\/wp-json\/wp\/v2\/product_cat?post=71306"},{"taxonomy":"product_tag","embeddable":true,"href":"https:\/\/kasima.lt\/lv\/wp-json\/wp\/v2\/product_tag?post=71306"}],"curies":[{"name":"wp","href":"https:\/\/api.w.org\/{rel}","templated":true}]}}