{"id":70995,"date":"2025-10-06T08:41:26","date_gmt":"2025-10-06T08:41:26","guid":{"rendered":"https:\/\/kasima.lt\/produktas\/sakinio-krautuvo-priekine-apsauga\/"},"modified":"2025-10-29T13:35:01","modified_gmt":"2025-10-29T13:35:01","slug":"sakinio-krautuvo-priekine-apsauga","status":"publish","type":"product","link":"https:\/\/kasima.lt\/lv\/produktas\/sakinio-krautuvo-priekine-apsauga\/","title":{"rendered":"Priek\u0161\u0113jais aizsargs pac\u0113l\u0101jam"},"content":{"rendered":"<p>Lietots, bet joproj\u0101m lab\u0101 st\u0101vokl\u012b<br \/>\nIzm\u0113ri un svars:<br \/>\n\u2022 apm\u0113ram 40 kg<br \/>\n\u2022 1200 x 1200 x 100 mm<br \/>\nDa\u013cas numurs:<br \/>\n\u2022 0390186<\/p>\n","protected":false},"excerpt":{"rendered":"<p>Cena bez PVN<\/p>\n<p>Ra\u017eot\u0101js: Nezin\u0101ms<br \/>\nModelis: KND0108<br \/>\nZvaniet: <a href=\"tel:+37060842988\">+37060842988<\/a><br \/>\nE-pasts: <a href=\"mailto:usedparts@kasima.lt\">usedparts@kasima.lt<\/a><\/p>\n","protected":false},"featured_media":70971,"template":"","meta":{"_et_pb_use_builder":"","_et_pb_old_content":"","_et_gb_content_width":"","_monsterinsights_skip_tracking":false,"_monsterinsights_sitenote_active":false,"_monsterinsights_sitenote_note":"","_monsterinsights_sitenote_category":0},"product_brand":[],"product_cat":[641,458,318,452],"product_tag":[],"class_list":{"0":"post-70995","1":"product","2":"type-product","3":"status-publish","4":"has-post-thumbnail","6":"product_cat-virsbuves-dalas","7":"product_cat-citas-dalas","8":"product_cat-lietotas-dalas","9":"product_cat-celtniecibas-tehnikas-dalas","11":"first","12":"instock","13":"shipping-taxable","14":"purchasable","15":"product-type-simple"},"aioseo_notices":[],"_links":{"self":[{"href":"https:\/\/kasima.lt\/lv\/wp-json\/wp\/v2\/product\/70995","targetHints":{"allow":["GET"]}}],"collection":[{"href":"https:\/\/kasima.lt\/lv\/wp-json\/wp\/v2\/product"}],"about":[{"href":"https:\/\/kasima.lt\/lv\/wp-json\/wp\/v2\/types\/product"}],"wp:featuredmedia":[{"embeddable":true,"href":"https:\/\/kasima.lt\/lv\/wp-json\/wp\/v2\/media\/70971"}],"wp:attachment":[{"href":"https:\/\/kasima.lt\/lv\/wp-json\/wp\/v2\/media?parent=70995"}],"wp:term":[{"taxonomy":"product_brand","embeddable":true,"href":"https:\/\/kasima.lt\/lv\/wp-json\/wp\/v2\/product_brand?post=70995"},{"taxonomy":"product_cat","embeddable":true,"href":"https:\/\/kasima.lt\/lv\/wp-json\/wp\/v2\/product_cat?post=70995"},{"taxonomy":"product_tag","embeddable":true,"href":"https:\/\/kasima.lt\/lv\/wp-json\/wp\/v2\/product_tag?post=70995"}],"curies":[{"name":"wp","href":"https:\/\/api.w.org\/{rel}","templated":true}]}}