{"id":70533,"date":"2025-10-01T12:54:21","date_gmt":"2025-10-01T12:54:21","guid":{"rendered":"https:\/\/kasima.lt\/produktas\/doosan-kebulo-virsutinis-dangtis\/"},"modified":"2025-10-29T13:34:58","modified_gmt":"2025-10-29T13:34:58","slug":"doosan-kebulo-virsutinis-dangtis","status":"publish","type":"product","link":"https:\/\/kasima.lt\/lv\/produktas\/doosan-kebulo-virsutinis-dangtis\/","title":{"rendered":"Doosan virsb\u016bves aug\u0161\u0113jais p\u0101rsegs"},"content":{"rendered":"<p>Lietota ori\u0123in\u0101l\u0101 deta\u013ca, iz\u0146emta no Doosan DX140LCR-3 ekskavatora.<br \/>\nOEM p\u0101rsegs Doosan ekskavatoriem.<br \/>\nPiln\u012bb\u0101 p\u0101rbaud\u012bts un gatavs uzst\u0101d\u012b\u0161anai.<br \/>\nPieg\u0101de vis\u0101 pasaul\u0113.<br \/>\nSvars un izm\u0113ri pieg\u0101dei:<br \/>\n\u2022 apm\u0113ram 10 kg<br \/>\n\u2022 600x600x100mm<br \/>\nKataloga numurs:<br \/>\n\u2022 110508-07833C<br \/>\n\u2022 110508-07833B<\/p>\n","protected":false},"excerpt":{"rendered":"<p>Cena bez PVN<\/p>\n<p>Ra\u017eot\u0101js: DOOSAN<br \/>\nModelis: DX140LCR043<br \/>\nZvaniet:<a href=\"tel:+37060842988\"> +37060842988<\/a><br \/>\nE-pasts:<a href=\"mailto:usedparts@kasima.lt\"> usedparts@kasima.lt<\/a><\/p>\n","protected":false},"featured_media":70519,"template":"","meta":{"_et_pb_use_builder":"","_et_pb_old_content":"","_et_gb_content_width":"","_monsterinsights_skip_tracking":false,"_monsterinsights_sitenote_active":false,"_monsterinsights_sitenote_note":"","_monsterinsights_sitenote_category":0},"product_brand":[],"product_cat":[877,793,641,653,318,685,452],"product_tag":[],"class_list":{"0":"post-70533","1":"product","2":"type-product","3":"status-publish","4":"has-post-thumbnail","6":"product_cat-dx140lcr-3-2015","7":"product_cat-doosan-dalas","8":"product_cat-virsbuves-dalas","9":"product_cat-motora-un-sanu-parsegi","10":"product_cat-lietotas-dalas","11":"product_cat-ekskavatoru-dalas","12":"product_cat-celtniecibas-tehnikas-dalas","14":"first","15":"instock","16":"shipping-taxable","17":"purchasable","18":"product-type-simple"},"aioseo_notices":[],"_links":{"self":[{"href":"https:\/\/kasima.lt\/lv\/wp-json\/wp\/v2\/product\/70533","targetHints":{"allow":["GET"]}}],"collection":[{"href":"https:\/\/kasima.lt\/lv\/wp-json\/wp\/v2\/product"}],"about":[{"href":"https:\/\/kasima.lt\/lv\/wp-json\/wp\/v2\/types\/product"}],"wp:featuredmedia":[{"embeddable":true,"href":"https:\/\/kasima.lt\/lv\/wp-json\/wp\/v2\/media\/70519"}],"wp:attachment":[{"href":"https:\/\/kasima.lt\/lv\/wp-json\/wp\/v2\/media?parent=70533"}],"wp:term":[{"taxonomy":"product_brand","embeddable":true,"href":"https:\/\/kasima.lt\/lv\/wp-json\/wp\/v2\/product_brand?post=70533"},{"taxonomy":"product_cat","embeddable":true,"href":"https:\/\/kasima.lt\/lv\/wp-json\/wp\/v2\/product_cat?post=70533"},{"taxonomy":"product_tag","embeddable":true,"href":"https:\/\/kasima.lt\/lv\/wp-json\/wp\/v2\/product_tag?post=70533"}],"curies":[{"name":"wp","href":"https:\/\/api.w.org\/{rel}","templated":true}]}}