{"id":70458,"date":"2025-10-01T10:35:49","date_gmt":"2025-10-01T10:35:49","guid":{"rendered":"https:\/\/kasima.lt\/produktas\/doosan-turbokompresorius\/"},"modified":"2025-10-29T13:34:57","modified_gmt":"2025-10-29T13:34:57","slug":"doosan-turbokompresorius","status":"publish","type":"product","link":"https:\/\/kasima.lt\/lv\/produktas\/doosan-turbokompresorius\/","title":{"rendered":"Doosan turbokompresors"},"content":{"rendered":"<p>Lietota ori\u0123in\u0101l\u0101 deta\u013ca, iz\u0146emta no Doosan DX140LCR-3 ekskavatora.<br \/>\nOEM turbokompresors Doosan ekskavatoriem.<br \/>\nPiln\u012bb\u0101 p\u0101rbaud\u012bts un gatavs uzst\u0101d\u012b\u0161anai.<br \/>\nPieg\u0101de vis\u0101 pasaul\u0113.<br \/>\nSvars un izm\u0113ri pieg\u0101dei:<br \/>\n\u2022 apm\u0113ram 10 kg<br \/>\n\u2022 400x300x200mm<br \/>\nKataloga numurs:<br \/>\n\u2022 TD04HL4SC-11KYRCN-VFT<br \/>\n\u2022 49389-03620<br \/>\n\u2022 P05300976<br \/>\n\u2022 S231866039<br \/>\n\u2022 4983052<br \/>\n\u2022 49489-17400<br \/>\n\u2022 740023<\/p>\n","protected":false},"excerpt":{"rendered":"<p>Cena bez PVN<\/p>\n<p>Ra\u017eot\u0101js: DOOSAN<br \/>\nModelis: DX140LCR032<br \/>\nZvaniet: <a href=\"tel:+37060842988\">+37060842988<\/a><br \/>\nE-pasts: <a href=\"mailto:usedparts@kasima.lt\">usedparts@kasima.lt<\/a><\/p>\n","protected":false},"featured_media":70419,"template":"","meta":{"_et_pb_use_builder":"","_et_pb_old_content":"","_et_gb_content_width":"","_monsterinsights_skip_tracking":false,"_monsterinsights_sitenote_active":false,"_monsterinsights_sitenote_note":"","_monsterinsights_sitenote_category":0},"product_brand":[],"product_cat":[877,793,490,318,685,721,737],"product_tag":[],"class_list":{"0":"post-70458","1":"product","2":"type-product","3":"status-publish","4":"has-post-thumbnail","6":"product_cat-dx140lcr-3-2015","7":"product_cat-doosan-dalas","8":"product_cat-elektronikas-dalas","9":"product_cat-lietotas-dalas","10":"product_cat-ekskavatoru-dalas","11":"product_cat-motora-dalas","12":"product_cat-turbinas","14":"first","15":"instock","16":"shipping-taxable","17":"purchasable","18":"product-type-simple"},"aioseo_notices":[],"_links":{"self":[{"href":"https:\/\/kasima.lt\/lv\/wp-json\/wp\/v2\/product\/70458","targetHints":{"allow":["GET"]}}],"collection":[{"href":"https:\/\/kasima.lt\/lv\/wp-json\/wp\/v2\/product"}],"about":[{"href":"https:\/\/kasima.lt\/lv\/wp-json\/wp\/v2\/types\/product"}],"wp:featuredmedia":[{"embeddable":true,"href":"https:\/\/kasima.lt\/lv\/wp-json\/wp\/v2\/media\/70419"}],"wp:attachment":[{"href":"https:\/\/kasima.lt\/lv\/wp-json\/wp\/v2\/media?parent=70458"}],"wp:term":[{"taxonomy":"product_brand","embeddable":true,"href":"https:\/\/kasima.lt\/lv\/wp-json\/wp\/v2\/product_brand?post=70458"},{"taxonomy":"product_cat","embeddable":true,"href":"https:\/\/kasima.lt\/lv\/wp-json\/wp\/v2\/product_cat?post=70458"},{"taxonomy":"product_tag","embeddable":true,"href":"https:\/\/kasima.lt\/lv\/wp-json\/wp\/v2\/product_tag?post=70458"}],"curies":[{"name":"wp","href":"https:\/\/api.w.org\/{rel}","templated":true}]}}