{"id":69762,"date":"2025-09-29T06:29:05","date_gmt":"2025-09-29T06:29:05","guid":{"rendered":"https:\/\/kasima.lt\/produktas\/doosan-virsutiniai-ir-apatiniai-ritineliai\/"},"modified":"2025-10-29T13:34:53","modified_gmt":"2025-10-29T13:34:53","slug":"doosan-virsutiniai-ir-apatiniai-ritineliai","status":"publish","type":"product","link":"https:\/\/kasima.lt\/lv\/produktas\/doosan-virsutiniai-ir-apatiniai-ritineliai\/","title":{"rendered":"Doosan aug\u0161\u0113jie un apak\u0161\u0113jie velt\u0146i"},"content":{"rendered":"<p>Lietota ori\u0123in\u0101l\u0101 deta\u013ca, iz\u0146emta no Doosan DX140LCR-3 ekskavatora.<br \/>\nOEM velt\u0146i Doosan ekskavatoriem.<br \/>\nPiln\u012bb\u0101 p\u0101rbaud\u012bti un gatavi uzst\u0101d\u012b\u0161anai.<br \/>\nPieg\u0101de vis\u0101 pasaul\u0113.<br \/>\nSvars un izm\u0113ri pieg\u0101dei:<br \/>\n\u2022 apm\u0113ram 20 kg<br \/>\n\u2022 300x200x200mm<br \/>\nKataloga numurs:<br \/>\n\u2022 200104-00028A<br \/>\n\u2022 200105-00016A<br \/>\n\u2022 K1015660A<\/p>\n","protected":false},"excerpt":{"rendered":"<p>Cena bez PVN<\/p>\n<p>Ra\u017eot\u0101js: DOOSAN<br \/>\nModelis: DX140LCR031<br \/>\nZvaniet:<a href=\"tel:+37060842988\"> +37060842988<\/a><br \/>\nE-pasts:<a href=\"mailto:usedparts@kasima.lt\"> usedparts@kasima.lt<\/a><\/p>\n","protected":false},"featured_media":69728,"template":"","meta":{"_et_pb_use_builder":"","_et_pb_old_content":"","_et_gb_content_width":"","_monsterinsights_skip_tracking":false,"_monsterinsights_sitenote_active":false,"_monsterinsights_sitenote_note":"","_monsterinsights_sitenote_category":0},"product_brand":[],"product_cat":[877,793,318,685,452,681],"product_tag":[],"class_list":{"0":"post-69762","1":"product","2":"type-product","3":"status-publish","4":"has-post-thumbnail","6":"product_cat-dx140lcr-3-2015","7":"product_cat-doosan-dalas","8":"product_cat-lietotas-dalas","9":"product_cat-ekskavatoru-dalas","10":"product_cat-celtniecibas-tehnikas-dalas","11":"product_cat-kapuri-un-to-dalas","13":"first","14":"instock","15":"shipping-taxable","16":"product-type-simple"},"aioseo_notices":[],"_links":{"self":[{"href":"https:\/\/kasima.lt\/lv\/wp-json\/wp\/v2\/product\/69762","targetHints":{"allow":["GET"]}}],"collection":[{"href":"https:\/\/kasima.lt\/lv\/wp-json\/wp\/v2\/product"}],"about":[{"href":"https:\/\/kasima.lt\/lv\/wp-json\/wp\/v2\/types\/product"}],"wp:featuredmedia":[{"embeddable":true,"href":"https:\/\/kasima.lt\/lv\/wp-json\/wp\/v2\/media\/69728"}],"wp:attachment":[{"href":"https:\/\/kasima.lt\/lv\/wp-json\/wp\/v2\/media?parent=69762"}],"wp:term":[{"taxonomy":"product_brand","embeddable":true,"href":"https:\/\/kasima.lt\/lv\/wp-json\/wp\/v2\/product_brand?post=69762"},{"taxonomy":"product_cat","embeddable":true,"href":"https:\/\/kasima.lt\/lv\/wp-json\/wp\/v2\/product_cat?post=69762"},{"taxonomy":"product_tag","embeddable":true,"href":"https:\/\/kasima.lt\/lv\/wp-json\/wp\/v2\/product_tag?post=69762"}],"curies":[{"name":"wp","href":"https:\/\/api.w.org\/{rel}","templated":true}]}}