{"id":69081,"date":"2025-09-24T13:06:21","date_gmt":"2025-09-24T13:06:21","guid":{"rendered":"https:\/\/kasima.lt\/produktas\/doosan-kaires-puses-valdymo-svirtis\/"},"modified":"2025-10-29T13:34:50","modified_gmt":"2025-10-29T13:34:50","slug":"doosan-kaires-puses-valdymo-svirtis","status":"publish","type":"product","link":"https:\/\/kasima.lt\/lv\/produktas\/doosan-kaires-puses-valdymo-svirtis\/","title":{"rendered":"Doosan kreis\u0101s puses vad\u012bbas svira"},"content":{"rendered":"<p>Lietota ori\u0123in\u0101l\u0101 deta\u013ca, iz\u0146emta no Doosan DX140LCR-3 ekskavatora.<br \/>\nOEM kontrolieris Doosan ekskavatoriem.<br \/>\nPiln\u012bb\u0101 p\u0101rbaud\u012bts un gatavs uzst\u0101d\u012b\u0161anai.<br \/>\nPieg\u0101de vis\u0101 pasaul\u0113.<br \/>\nSvars un izm\u0113ri pieg\u0101dei:<br \/>\n\u2022 apm\u0113ram 3 kg<br \/>\n\u2022 500x100x100mm<br \/>\nKataloga numurs:<br \/>\n\u2022 190201-00045A<br \/>\n\u2022 410113-00079<br \/>\n\u2022 K1000556H<br \/>\n\u2022 410113-00124A<br \/>\n\u2022 14I1795<\/p>\n","protected":false},"excerpt":{"rendered":"<p>Cena bez PVN<\/p>\n<p>Ra\u017eot\u0101js: DOOSAN<br \/>\nModelis: DX140LCR021<br \/>\nZvaniet: <a href=\"tel:+37060842988\">+37060842988<\/a><br \/>\nE-pasts: <a href=\"mailto:usedparts@kasima.lt\">usedparts@kasima.lt<\/a><\/p>\n","protected":false},"featured_media":69067,"template":"","meta":{"_et_pb_use_builder":"","_et_pb_old_content":"","_et_gb_content_width":"","_monsterinsights_skip_tracking":false,"_monsterinsights_sitenote_active":false,"_monsterinsights_sitenote_note":"","_monsterinsights_sitenote_category":0},"product_brand":[],"product_cat":[877,912,793,490,633,645,318,685,452],"product_tag":[],"class_list":{"0":"post-69081","1":"product","2":"type-product","3":"status-publish","4":"has-post-thumbnail","6":"product_cat-dx140lcr-3-2015","7":"product_cat-vadibas-sviras","8":"product_cat-doosan-dalas","9":"product_cat-elektronikas-dalas","10":"product_cat-hidrauliskie-varsti","11":"product_cat-kabines-un-to-dalas","12":"product_cat-lietotas-dalas","13":"product_cat-ekskavatoru-dalas","14":"product_cat-celtniecibas-tehnikas-dalas","16":"first","17":"instock","18":"shipping-taxable","19":"purchasable","20":"product-type-simple"},"aioseo_notices":[],"_links":{"self":[{"href":"https:\/\/kasima.lt\/lv\/wp-json\/wp\/v2\/product\/69081","targetHints":{"allow":["GET"]}}],"collection":[{"href":"https:\/\/kasima.lt\/lv\/wp-json\/wp\/v2\/product"}],"about":[{"href":"https:\/\/kasima.lt\/lv\/wp-json\/wp\/v2\/types\/product"}],"wp:featuredmedia":[{"embeddable":true,"href":"https:\/\/kasima.lt\/lv\/wp-json\/wp\/v2\/media\/69067"}],"wp:attachment":[{"href":"https:\/\/kasima.lt\/lv\/wp-json\/wp\/v2\/media?parent=69081"}],"wp:term":[{"taxonomy":"product_brand","embeddable":true,"href":"https:\/\/kasima.lt\/lv\/wp-json\/wp\/v2\/product_brand?post=69081"},{"taxonomy":"product_cat","embeddable":true,"href":"https:\/\/kasima.lt\/lv\/wp-json\/wp\/v2\/product_cat?post=69081"},{"taxonomy":"product_tag","embeddable":true,"href":"https:\/\/kasima.lt\/lv\/wp-json\/wp\/v2\/product_tag?post=69081"}],"curies":[{"name":"wp","href":"https:\/\/api.w.org\/{rel}","templated":true}]}}