{"id":68443,"date":"2025-09-23T07:52:24","date_gmt":"2025-09-23T07:52:24","guid":{"rendered":"https:\/\/kasima.lt\/produktas\/cat-216b\/"},"modified":"2025-10-29T13:34:48","modified_gmt":"2025-10-29T13:34:48","slug":"cat-216b","status":"publish","type":"product","link":"https:\/\/kasima.lt\/lv\/produktas\/cat-216b\/","title":{"rendered":"CAT 216B"},"content":{"rendered":"<p>CAT 216B mini iekr\u0101v\u0113ji<\/p>\n<p>Gads: 2007<br \/>\nDzin\u0113js: CAT C2.2, 4 cilindru, 2,2 l<br \/>\nJauda: 37 kW \/ 50 ZS<br \/>\nMotora stundas: 2 142<br \/>\nKond\u012bcija: Kond\u012bcija: lietota, \u013coti sakopta<\/p>\n<p>Sl\u0113gta un apsild\u0101ma kab\u012bne<br \/>\nDzin\u0113js: CAT C2.2, d\u012bze\u013cdzin\u0113js, 4 cilindru<br \/>\nJauda: 37 kW \/ 50 ZS<br \/>\nDarb\u012bbas svars: ~2 800 kg<br \/>\nP\u0101rnesumk\u0101rba: hidrostatisk\u0101 piedzi\u0146a<br \/>\nAugstums virs kab\u012bnes: ~1,95 m<br \/>\nIekrau\u0161anas augstums: ~2,17 m<br \/>\nPlatums p\u0101ri rite\u0146iem: ~1,52 m<br \/>\nIetver kausu un pale\u0161u dak\u0161as<\/p>\n<p>CAT 216B mini iekr\u0101v\u0113js p\u0101rdo\u0161anai Lietuv\u0101 &#8211; kompakts un uzticams mini iekr\u0101v\u0113js, kas piem\u0113rots visda\u017e\u0101d\u0101kajiem celtniec\u012bbas, ainavu veido\u0161anas un lauksaimniec\u012bbas darbiem.  <\/p>\n<p>Iekr\u0101v\u0113ji tikko ir sa\u0146emti, tie ir izg\u0101ju\u0161i tehnisko p\u0101rbaudi.<br \/>\nP\u0101rbaude un test\u0113\u0161ana pieejama UAB KASIMA noliktav\u0101.<br \/>\nPieg\u0101de iesp\u0113jama vis\u0101 Lietuv\u0101.<\/p>\n","protected":false},"excerpt":{"rendered":"<p>Cena bez PVN<\/p>\n<p>Ra\u017eot\u0101js: CAT<br \/>\nModelis: 216B<br \/>\nZvans: <a href=\"tel:+37067607071\">+37067607071<\/a><br \/>\nE-pasts: <a href=\"mailto:sales@kasima.lt\">sales@kasima.lt<\/a><\/p>\n","protected":false},"featured_media":68258,"template":"","meta":{"_et_pb_use_builder":"","_et_pb_old_content":"","_et_gb_content_width":"","_monsterinsights_skip_tracking":false,"_monsterinsights_sitenote_active":false,"_monsterinsights_sitenote_note":"","_monsterinsights_sitenote_category":0},"product_brand":[],"product_cat":[778,149],"product_tag":[],"class_list":{"0":"post-68443","1":"product","2":"type-product","3":"status-publish","4":"has-post-thumbnail","6":"product_cat-celtniecibas-masinas","7":"product_cat-buvnieciba","9":"first","10":"outofstock","11":"shipping-taxable","12":"product-type-simple"},"aioseo_notices":[],"_links":{"self":[{"href":"https:\/\/kasima.lt\/lv\/wp-json\/wp\/v2\/product\/68443","targetHints":{"allow":["GET"]}}],"collection":[{"href":"https:\/\/kasima.lt\/lv\/wp-json\/wp\/v2\/product"}],"about":[{"href":"https:\/\/kasima.lt\/lv\/wp-json\/wp\/v2\/types\/product"}],"wp:featuredmedia":[{"embeddable":true,"href":"https:\/\/kasima.lt\/lv\/wp-json\/wp\/v2\/media\/68258"}],"wp:attachment":[{"href":"https:\/\/kasima.lt\/lv\/wp-json\/wp\/v2\/media?parent=68443"}],"wp:term":[{"taxonomy":"product_brand","embeddable":true,"href":"https:\/\/kasima.lt\/lv\/wp-json\/wp\/v2\/product_brand?post=68443"},{"taxonomy":"product_cat","embeddable":true,"href":"https:\/\/kasima.lt\/lv\/wp-json\/wp\/v2\/product_cat?post=68443"},{"taxonomy":"product_tag","embeddable":true,"href":"https:\/\/kasima.lt\/lv\/wp-json\/wp\/v2\/product_tag?post=68443"}],"curies":[{"name":"wp","href":"https:\/\/api.w.org\/{rel}","templated":true}]}}