{"id":67932,"date":"2025-09-19T12:25:11","date_gmt":"2025-09-19T12:25:11","guid":{"rendered":"https:\/\/kasima.lt\/produktas\/doosan-dx140lcr-3-parduodamas-dalimis\/"},"modified":"2025-10-29T13:34:47","modified_gmt":"2025-10-29T13:34:47","slug":"doosan-dx140lcr-3-parduodamas-dalimis","status":"publish","type":"product","link":"https:\/\/kasima.lt\/lv\/produktas\/doosan-dx140lcr-3-parduodamas-dalimis\/","title":{"rendered":"Doosan DX140LCR-3 p\u0101rdod pa da\u013c\u0101m"},"content":{"rendered":"<p>Doosan ekskavators (2015) izjaukts pa da\u013c\u0101m.<br \/>\nDzin\u0113jam ir darb\u012bbas trauc\u0113jumi, bet liel\u0101k\u0101 da\u013ca deta\u013cu ir lab\u0101 st\u0101vokl\u012b.<br \/>\nPieejam\u0101s deta\u013cas:<br \/>\nVisa hidraulika lab\u0101 st\u0101vokl\u012b,<br \/>\ncilindri,<br \/>\nk\u0101pur\u0137\u0113des,<br \/>\npiekabes komponenti,<br \/>\ngalvenie piedzi\u0146as meh\u0101nismi,<br \/>\np\u0101rnesumk\u0101rba,<br \/>\ndzes\u0113\u0161anas sist\u0113ma,<br \/>\nkab\u012bnes komponenti,<br \/>\nelektronika un citi. <\/p>\n","protected":false},"excerpt":{"rendered":"<p>Cena bez PVN<\/p>\n<p>Ra\u017eot\u0101js: DOOSAN<br \/>\nModelis: DX140LCR-3<br \/>Zvaniet:<a href=\"tel:+37060842988\"> +37060842988<\/a><br \/>E-pasts: <a href=\"mailto:usedparts@kasima.lt\">usedparts@kasima.lt<\/a><\/p>\n","protected":false},"featured_media":67883,"template":"","meta":{"_et_pb_use_builder":"","_et_pb_old_content":"","_et_gb_content_width":"","_monsterinsights_skip_tracking":false,"_monsterinsights_sitenote_active":false,"_monsterinsights_sitenote_note":"","_monsterinsights_sitenote_category":0},"product_brand":[],"product_cat":[877,793,490,609,641,458,685,721,745],"product_tag":[],"class_list":{"0":"post-67932","1":"product","2":"type-product","3":"status-publish","4":"has-post-thumbnail","6":"product_cat-dx140lcr-3-2015","7":"product_cat-doosan-dalas","8":"product_cat-elektronikas-dalas","9":"product_cat-hidrauliskas-sistemas-dalas","10":"product_cat-virsbuves-dalas","11":"product_cat-citas-dalas","12":"product_cat-ekskavatoru-dalas","13":"product_cat-motora-dalas","14":"product_cat-sasijas-dalas","16":"first","17":"instock","18":"shipping-taxable","19":"product-type-simple"},"aioseo_notices":[],"_links":{"self":[{"href":"https:\/\/kasima.lt\/lv\/wp-json\/wp\/v2\/product\/67932","targetHints":{"allow":["GET"]}}],"collection":[{"href":"https:\/\/kasima.lt\/lv\/wp-json\/wp\/v2\/product"}],"about":[{"href":"https:\/\/kasima.lt\/lv\/wp-json\/wp\/v2\/types\/product"}],"wp:featuredmedia":[{"embeddable":true,"href":"https:\/\/kasima.lt\/lv\/wp-json\/wp\/v2\/media\/67883"}],"wp:attachment":[{"href":"https:\/\/kasima.lt\/lv\/wp-json\/wp\/v2\/media?parent=67932"}],"wp:term":[{"taxonomy":"product_brand","embeddable":true,"href":"https:\/\/kasima.lt\/lv\/wp-json\/wp\/v2\/product_brand?post=67932"},{"taxonomy":"product_cat","embeddable":true,"href":"https:\/\/kasima.lt\/lv\/wp-json\/wp\/v2\/product_cat?post=67932"},{"taxonomy":"product_tag","embeddable":true,"href":"https:\/\/kasima.lt\/lv\/wp-json\/wp\/v2\/product_tag?post=67932"}],"curies":[{"name":"wp","href":"https:\/\/api.w.org\/{rel}","templated":true}]}}