{"id":67321,"date":"2025-08-20T07:33:34","date_gmt":"2025-08-20T07:33:34","guid":{"rendered":"https:\/\/kasima3.bcapps.lt\/produktas\/cat-303e-kreisas-puses-konsoles-ramis\/"},"modified":"2025-10-29T13:34:37","modified_gmt":"2025-10-29T13:34:37","slug":"cat-303e-kreisas-puses-konsoles-ramis","status":"publish","type":"product","link":"https:\/\/kasima.lt\/lv\/produktas\/cat-303e-kreisas-puses-konsoles-ramis\/","title":{"rendered":"CAT 303E kreis\u0101s puses konsoles r\u0101mis"},"content":{"rendered":"<p>Lietota ori\u0123in\u0101l\u0101 deta\u013ca, iz\u0146emta no CAT 303E CR mini ekskavatora.<br \/>\nOEM deta\u013ca CAT mini ekskavatoriem.<br \/>\nPiln\u012bb\u0101 p\u0101rbaud\u012bta un gatava uzst\u0101d\u012b\u0161anai.<br \/>\nPieg\u0101de vis\u0101 pasaul\u0113.<br \/>\nSvars un izm\u0113ri pieg\u0101dei:<br \/>\n\u2022 apm\u0113ram 5 kg<br \/>\n\u2022 500x400x200mm<br \/>\nKataloga numurs:<br \/>\n\u2022 379-3613<\/p>\n","protected":false},"excerpt":{"rendered":"<p>Cena bez PVN<\/p>\n<p>Ra\u017eot\u0101js: CAT<br \/>\nModelis: CAT303E064<br \/>\nZvaniet: <a href=\"tel:+37060842988\">+37060842988<\/a><br \/>\nE-pasts: <a href=\"mailto:usedparts@kasima.lt\">usedparts@kasima.lt<\/a><\/p>\n","protected":false},"featured_media":65016,"template":"","meta":{"_et_pb_use_builder":"","_et_pb_old_content":"","_et_gb_content_width":"","_monsterinsights_skip_tracking":false,"_monsterinsights_sitenote_active":false,"_monsterinsights_sitenote_note":"","_monsterinsights_sitenote_category":0},"product_brand":[],"product_cat":[882,518,645,318,685,452],"product_tag":[],"class_list":{"0":"post-67321","1":"product","2":"type-product","3":"status-publish","4":"has-post-thumbnail","6":"product_cat-882","7":"product_cat-cat-dalas","8":"product_cat-kabines-un-to-dalas","9":"product_cat-lietotas-dalas","10":"product_cat-ekskavatoru-dalas","11":"product_cat-celtniecibas-tehnikas-dalas","13":"first","14":"instock","15":"shipping-taxable","16":"purchasable","17":"product-type-simple"},"aioseo_notices":[],"_links":{"self":[{"href":"https:\/\/kasima.lt\/lv\/wp-json\/wp\/v2\/product\/67321","targetHints":{"allow":["GET"]}}],"collection":[{"href":"https:\/\/kasima.lt\/lv\/wp-json\/wp\/v2\/product"}],"about":[{"href":"https:\/\/kasima.lt\/lv\/wp-json\/wp\/v2\/types\/product"}],"wp:featuredmedia":[{"embeddable":true,"href":"https:\/\/kasima.lt\/lv\/wp-json\/wp\/v2\/media\/65016"}],"wp:attachment":[{"href":"https:\/\/kasima.lt\/lv\/wp-json\/wp\/v2\/media?parent=67321"}],"wp:term":[{"taxonomy":"product_brand","embeddable":true,"href":"https:\/\/kasima.lt\/lv\/wp-json\/wp\/v2\/product_brand?post=67321"},{"taxonomy":"product_cat","embeddable":true,"href":"https:\/\/kasima.lt\/lv\/wp-json\/wp\/v2\/product_cat?post=67321"},{"taxonomy":"product_tag","embeddable":true,"href":"https:\/\/kasima.lt\/lv\/wp-json\/wp\/v2\/product_tag?post=67321"}],"curies":[{"name":"wp","href":"https:\/\/api.w.org\/{rel}","templated":true}]}}