{"id":57618,"date":"2025-07-31T12:16:26","date_gmt":"2025-07-31T12:16:26","guid":{"rendered":"https:\/\/kasima.lt\/produktas\/cat-259d\/"},"modified":"2025-11-07T11:30:36","modified_gmt":"2025-11-07T11:30:36","slug":"cat-259d","status":"publish","type":"product","link":"https:\/\/kasima.lt\/lv\/produktas\/cat-259d\/","title":{"rendered":"CAT 259D"},"content":{"rendered":"<p>CAT 259D &#8211; k\u0101pur\u0137\u0113\u017eu mini iekr\u0101v\u0113js \u013coti lab\u0101 st\u0101vokl\u012b un nelietots Lietuv\u0101<\/p>\n<p>Gads: 2015<br \/>\nStundas: 1 535 h<br \/>\nSvars: ~4 600 kg<br \/>\nDzin\u0113js: 54,6 kW (74 ZS)<br \/>\nKond\u012bcija: Lietots, \u013coti sakopts<br \/>\n2 \u0101trumi<br \/>\nHigh Flow sist\u0113ma &#8211; piem\u0113rota augstas pl\u016bsmas piederumiem<br \/>\nSl\u0113gta apsild\u0101ma kab\u012bne<br \/>\nGaisa kondicionieris<br \/>\nPapildu atsvari aizmugur\u0113<br \/>\nAizmugur\u0113j\u0101 kamera<br \/>\nDarba gaismas.<\/p>\n<p>Kauss<br \/>\nPaletes dak\u0161as<\/p>\n<p>Iesp\u0113jama p\u0101rbaude un test\u0113\u0161ana KASIMA noliktav\u0101<br \/>\nIesp\u0113jama pieg\u0101de uz J\u016bsu adresi.<\/p>\n<p><iframe loading=\"lazy\" title=\"CAT 259D \u2502 UAB KASIMA\" width=\"1080\" height=\"608\" src=\"https:\/\/www.youtube.com\/embed\/90MpKEKEpkU?feature=oembed\"  allow=\"accelerometer; autoplay; clipboard-write; encrypted-media; gyroscope; picture-in-picture; web-share\" referrerpolicy=\"strict-origin-when-cross-origin\" allowfullscreen><\/iframe><\/p>\n","protected":false},"excerpt":{"rendered":"<p>Cena bez PVN<\/p>\n<p>Ra\u017eot\u0101js: CAT<br \/>\nModelis: 259D<br \/>\nZvans: <a href=\"tel:+37067607071\">+37067607071<\/a><br \/>\nE-pasts: <a href=\"mailto:sales@kasima.lt\">sales@kasima.lt<\/a><\/p>\n","protected":false},"featured_media":57444,"template":"","meta":{"_et_pb_use_builder":"","_et_pb_old_content":"","_et_gb_content_width":"","_monsterinsights_skip_tracking":false,"_monsterinsights_sitenote_active":false,"_monsterinsights_sitenote_note":"","_monsterinsights_sitenote_category":0},"product_brand":[],"product_cat":[149],"product_tag":[],"class_list":{"0":"post-57618","1":"product","2":"type-product","3":"status-publish","4":"has-post-thumbnail","6":"product_cat-buvnieciba","8":"first","9":"outofstock","10":"shipping-taxable","11":"product-type-simple"},"aioseo_notices":[],"_links":{"self":[{"href":"https:\/\/kasima.lt\/lv\/wp-json\/wp\/v2\/product\/57618","targetHints":{"allow":["GET"]}}],"collection":[{"href":"https:\/\/kasima.lt\/lv\/wp-json\/wp\/v2\/product"}],"about":[{"href":"https:\/\/kasima.lt\/lv\/wp-json\/wp\/v2\/types\/product"}],"wp:featuredmedia":[{"embeddable":true,"href":"https:\/\/kasima.lt\/lv\/wp-json\/wp\/v2\/media\/57444"}],"wp:attachment":[{"href":"https:\/\/kasima.lt\/lv\/wp-json\/wp\/v2\/media?parent=57618"}],"wp:term":[{"taxonomy":"product_brand","embeddable":true,"href":"https:\/\/kasima.lt\/lv\/wp-json\/wp\/v2\/product_brand?post=57618"},{"taxonomy":"product_cat","embeddable":true,"href":"https:\/\/kasima.lt\/lv\/wp-json\/wp\/v2\/product_cat?post=57618"},{"taxonomy":"product_tag","embeddable":true,"href":"https:\/\/kasima.lt\/lv\/wp-json\/wp\/v2\/product_tag?post=57618"}],"curies":[{"name":"wp","href":"https:\/\/api.w.org\/{rel}","templated":true}]}}