{"id":56851,"date":"2025-07-28T07:05:41","date_gmt":"2025-07-28T07:05:41","guid":{"rendered":"https:\/\/kasima.lt\/produktas\/terex-ta6\/"},"modified":"2025-10-29T13:34:45","modified_gmt":"2025-10-29T13:34:45","slug":"terex-ta6","status":"publish","type":"product","link":"https:\/\/kasima.lt\/lv\/produktas\/terex-ta6\/","title":{"rendered":"Terex TA6"},"content":{"rendered":"<p>Pa\u0161izg\u0101z\u0113js Terex TA6 Lietuv\u0101 netiek izmantots<\/p>\n<p>Gads: 2015<br \/>\nDzin\u0113js: 74 ZS \/ 55 kW, bez Adblue<br \/>\nMotora stundas: 2 215 h<br \/>\nKond\u012bcija: Lietots, lab\u0101 st\u0101vokl\u012b<br \/>\nCeltsp\u0113ja: 6 000 kg<br \/>\nPakabes svars: ~4 400 kg<br \/>\nVirsb\u016bves tilpums: ~3,8 m\u00b3<br \/>\nP\u0101rnesumk\u0101rba: hidrostatisk\u0101<br \/>\n\u0160asija: 4&#215;4, \u0161arn\u012brveida \u0161asija<br \/>\nMaksim\u0101lais \u0101trums: 26 km\/h<br \/>\nVirsb\u016bves tips: priek\u0161\u0113j\u0101 apg\u0101\u0161an\u0101s<br \/>\nBremzes: hidraulisk\u0101s<br \/>\nRiepas: Lab\u0101 st\u0101vokl\u012b<\/p>\n<p>P\u0101rdodamais Terex TA6 ir kompakts un jaud\u012bgs 6 tonnu pa\u0161izg\u0101z\u0113js, kas ir ide\u0101li piem\u0113rots maziem un vid\u0113ja apjoma celtniec\u012bbas darbiem. Pateicoties iztur\u012bgam r\u0101mim, \u010detru rite\u0146u piedzi\u0146ai un pla\u0161am operatora s\u0113deklim, tas var efekt\u012bvi str\u0101d\u0101t pat sare\u017e\u0123\u012btos apst\u0101k\u013cos. <\/p>\n<p>P\u0101rbaude un test\u0113\u0161ana pieejama UAB KASIMA noliktav\u0101.<br \/>\nPieg\u0101de vis\u0101 Lietuv\u0101.<\/p>\n<p><iframe loading=\"lazy\" title=\"Terex TA6 \u2502 UAB KASIMA\" width=\"1080\" height=\"608\" src=\"https:\/\/www.youtube.com\/embed\/8HY0g85g4Ws?feature=oembed\"  allow=\"accelerometer; autoplay; clipboard-write; encrypted-media; gyroscope; picture-in-picture; web-share\" referrerpolicy=\"strict-origin-when-cross-origin\" allowfullscreen><\/iframe><\/p>\n","protected":false},"excerpt":{"rendered":"<p>Cena bez PVN<\/p>\n<p>Ra\u017eot\u0101js: Terex<br \/>\nModelis: TA6<br \/>\nZvans: <a href=\"tel:+37067607071\">+37067607071<\/a><br \/>\nE-pasts: <a href=\"mailto:sales@kasima.lt\">sales@kasima.lt<\/a><\/p>\n","protected":false},"featured_media":56722,"template":"","meta":{"_et_pb_use_builder":"","_et_pb_old_content":"","_et_gb_content_width":"","_monsterinsights_skip_tracking":false,"_monsterinsights_sitenote_active":false,"_monsterinsights_sitenote_note":"","_monsterinsights_sitenote_category":0},"product_brand":[],"product_cat":[149],"product_tag":[],"class_list":{"0":"post-56851","1":"product","2":"type-product","3":"status-publish","4":"has-post-thumbnail","6":"product_cat-buvnieciba","8":"first","9":"outofstock","10":"shipping-taxable","11":"product-type-simple"},"aioseo_notices":[],"_links":{"self":[{"href":"https:\/\/kasima.lt\/lv\/wp-json\/wp\/v2\/product\/56851","targetHints":{"allow":["GET"]}}],"collection":[{"href":"https:\/\/kasima.lt\/lv\/wp-json\/wp\/v2\/product"}],"about":[{"href":"https:\/\/kasima.lt\/lv\/wp-json\/wp\/v2\/types\/product"}],"wp:featuredmedia":[{"embeddable":true,"href":"https:\/\/kasima.lt\/lv\/wp-json\/wp\/v2\/media\/56722"}],"wp:attachment":[{"href":"https:\/\/kasima.lt\/lv\/wp-json\/wp\/v2\/media?parent=56851"}],"wp:term":[{"taxonomy":"product_brand","embeddable":true,"href":"https:\/\/kasima.lt\/lv\/wp-json\/wp\/v2\/product_brand?post=56851"},{"taxonomy":"product_cat","embeddable":true,"href":"https:\/\/kasima.lt\/lv\/wp-json\/wp\/v2\/product_cat?post=56851"},{"taxonomy":"product_tag","embeddable":true,"href":"https:\/\/kasima.lt\/lv\/wp-json\/wp\/v2\/product_tag?post=56851"}],"curies":[{"name":"wp","href":"https:\/\/api.w.org\/{rel}","templated":true}]}}