{"id":56443,"date":"2025-07-17T07:15:31","date_gmt":"2025-07-17T07:15:31","guid":{"rendered":"https:\/\/kasima.lt\/produktas\/fendt-716-vario\/"},"modified":"2025-12-17T09:20:57","modified_gmt":"2025-12-17T09:20:57","slug":"fendt-716-vario","status":"publish","type":"product","link":"https:\/\/kasima.lt\/lv\/produktas\/fendt-716-vario\/","title":{"rendered":"Fendt 716 Vario"},"content":{"rendered":"<p>Fendt 716 Vario, Lietuv\u0101 nelietots, lab\u0101 st\u0101vokl\u012b<\/p>\n<p>Gads: 2002<br \/>\nDzin\u0113js: 160 ZS\/118 kW<br \/>\nP\u0101rnesumk\u0101rba: bezpak\u0101pju<br \/>\nStundas: 12 709<br \/>\nKond\u012bcija: Lietots, lab\u0101 st\u0101vokl\u012b<\/p>\n<p>Fendt 716 Vario p\u0101rdo\u0161anai &#8211; uzticams, daudzpus\u012bgs un ekonomisks traktors ar bezpak\u0101pju transmisiju. Ide\u0101li piem\u0113rots gan augsnes apstr\u0101des, gan transporta darbiem. <\/p>\n<p>Dzin\u0113js: Deutz 6 cilindru, 6,06 l, turbo<br \/>\nJauda: 160 ZS\/118 kW<br \/>\nP\u0101rnesumk\u0101rba: bezpak\u0101pju transmisija<br \/>\nPTO: 540\/540E\/1000 apgr.\/min.<br \/>\nHidraulika: 4 hidrauliskie p\u0101ri aizmugur\u0113<br \/>\nMaksim\u0101lais \u0101trums: 50 km\/h<br \/>\nPriek\u0161\u0113j\u0101 balstiek\u0101rta ar hidrauliskaj\u0101m l\u012bnij\u0101m<br \/>\nPriek\u0161\u0113jais PTO<br \/>\nPneimatisk\u0101s un hidraulisk\u0101s bremzes<br \/>\nRiepas lab\u0101 st\u0101vokl\u012b &#8211; Pirelli<br \/>\nGaisa kondicionieris<br \/>\nPneimatiskais s\u0113deklis, amortiz\u0113jo\u0161a kab\u012bne<br \/>\nAmortiz\u0113jo\u0161s priek\u0161\u0113jais tilts<\/p>\n<p>Iesp\u0113jama p\u0101rbaude un test\u0113\u0161ana KASIMA noliktav\u0101<br \/>\nIesp\u0113jama pieg\u0101de uz J\u016bsu adresi.<\/p>\n<p><iframe loading=\"lazy\" title=\"Fendt 716 Vario \u2502 UAB KASIMA\" width=\"1080\" height=\"608\" src=\"https:\/\/www.youtube.com\/embed\/IN6P6vzFh3U?feature=oembed\"  allow=\"accelerometer; autoplay; clipboard-write; encrypted-media; gyroscope; picture-in-picture; web-share\" referrerpolicy=\"strict-origin-when-cross-origin\" allowfullscreen><\/iframe><\/p>\n","protected":false},"excerpt":{"rendered":"<p>Cena bez PVN<br \/>\n<br \/>Ra\u017eot\u0101js: Fendt<br \/>\nModelis: 716 Vario<br \/>\nZvans: <a href=\"tel:+37067607071\">+37067607071<\/a><br \/>\nE-pasts: <a href=\"mailto:sales@kasima.lt\">sales@kasima.lt<\/a><\/p>\n","protected":false},"featured_media":56333,"template":"","meta":{"_et_pb_use_builder":"","_et_pb_old_content":"","_et_gb_content_width":"","_monsterinsights_skip_tracking":false,"_monsterinsights_sitenote_active":false,"_monsterinsights_sitenote_note":"","_monsterinsights_sitenote_category":0},"product_brand":[],"product_cat":[176],"product_tag":[],"class_list":{"0":"post-56443","1":"product","2":"type-product","3":"status-publish","4":"has-post-thumbnail","6":"product_cat-lauksaimnieciba","8":"first","9":"outofstock","10":"shipping-taxable","11":"product-type-simple"},"aioseo_notices":[],"_links":{"self":[{"href":"https:\/\/kasima.lt\/lv\/wp-json\/wp\/v2\/product\/56443","targetHints":{"allow":["GET"]}}],"collection":[{"href":"https:\/\/kasima.lt\/lv\/wp-json\/wp\/v2\/product"}],"about":[{"href":"https:\/\/kasima.lt\/lv\/wp-json\/wp\/v2\/types\/product"}],"wp:featuredmedia":[{"embeddable":true,"href":"https:\/\/kasima.lt\/lv\/wp-json\/wp\/v2\/media\/56333"}],"wp:attachment":[{"href":"https:\/\/kasima.lt\/lv\/wp-json\/wp\/v2\/media?parent=56443"}],"wp:term":[{"taxonomy":"product_brand","embeddable":true,"href":"https:\/\/kasima.lt\/lv\/wp-json\/wp\/v2\/product_brand?post=56443"},{"taxonomy":"product_cat","embeddable":true,"href":"https:\/\/kasima.lt\/lv\/wp-json\/wp\/v2\/product_cat?post=56443"},{"taxonomy":"product_tag","embeddable":true,"href":"https:\/\/kasima.lt\/lv\/wp-json\/wp\/v2\/product_tag?post=56443"}],"curies":[{"name":"wp","href":"https:\/\/api.w.org\/{rel}","templated":true}]}}