{"id":56328,"date":"2025-07-17T06:32:55","date_gmt":"2025-07-17T06:32:55","guid":{"rendered":"https:\/\/kasima.lt\/produktas\/case-puma-traukos-jutiklis-kaistis\/"},"modified":"2025-10-29T13:34:44","modified_gmt":"2025-10-29T13:34:44","slug":"case-puma-traukos-jutiklis-kaistis","status":"publish","type":"product","link":"https:\/\/kasima.lt\/lv\/produktas\/case-puma-traukos-jutiklis-kaistis\/","title":{"rendered":"CASE Puma vilkmes sensors\/ tapa"},"content":{"rendered":"<p>\u0160\u012b deta\u013ca ir lietota, bet joproj\u0101m ir lab\u0101 st\u0101vokl\u012b<br \/>\nMums ir divas vien\u012bbas. Otr\u0101s vien\u012bbas kabelis bija pak\u013cauts karstuma iedarb\u012bbai, ta\u010du nopietni boj\u0101jumi netika nodar\u012bti. Tikai \u0101r\u0113jais p\u0101rkl\u0101jums nedaudz izkusis.<br \/>\nNo\u0146emts no Case Puma CVX 185, 2018<br \/>\nKataloga numurs: 47800260.  <\/p>\n","protected":false},"excerpt":{"rendered":"<p>Cena bez PVN<\/p>\n<p>Ra\u017eot\u0101js: CASE<br \/>\nModelis: CS185PUMA0056<br \/>\nIzsaukums: <a href=\"tel:+37060842988\">+37060842988<\/a><br \/>\nE-pasts: <a href=\"mailto:usedparts@kasima.lt\">usedparts@kasima.lt<\/a><\/p>\n","protected":false},"featured_media":56274,"template":"","meta":{"_et_pb_use_builder":"","_et_pb_old_content":"","_et_gb_content_width":"","_monsterinsights_skip_tracking":false,"_monsterinsights_sitenote_active":false,"_monsterinsights_sitenote_note":"","_monsterinsights_sitenote_category":0},"product_brand":[],"product_cat":[508,842,490,597,318,455],"product_tag":[],"class_list":{"0":"post-56328","1":"product","2":"type-product","3":"status-publish","4":"has-post-thumbnail","6":"product_cat-case-dalas","7":"product_cat-puma-cvx-185-2018","8":"product_cat-elektronikas-dalas","9":"product_cat-deveji-un-sensori","10":"product_cat-lietotas-dalas","11":"product_cat-lauksaimniecibas-tehnikas-dalas","13":"first","14":"instock","15":"shipping-taxable","16":"purchasable","17":"product-type-simple"},"aioseo_notices":[],"_links":{"self":[{"href":"https:\/\/kasima.lt\/lv\/wp-json\/wp\/v2\/product\/56328","targetHints":{"allow":["GET"]}}],"collection":[{"href":"https:\/\/kasima.lt\/lv\/wp-json\/wp\/v2\/product"}],"about":[{"href":"https:\/\/kasima.lt\/lv\/wp-json\/wp\/v2\/types\/product"}],"wp:featuredmedia":[{"embeddable":true,"href":"https:\/\/kasima.lt\/lv\/wp-json\/wp\/v2\/media\/56274"}],"wp:attachment":[{"href":"https:\/\/kasima.lt\/lv\/wp-json\/wp\/v2\/media?parent=56328"}],"wp:term":[{"taxonomy":"product_brand","embeddable":true,"href":"https:\/\/kasima.lt\/lv\/wp-json\/wp\/v2\/product_brand?post=56328"},{"taxonomy":"product_cat","embeddable":true,"href":"https:\/\/kasima.lt\/lv\/wp-json\/wp\/v2\/product_cat?post=56328"},{"taxonomy":"product_tag","embeddable":true,"href":"https:\/\/kasima.lt\/lv\/wp-json\/wp\/v2\/product_tag?post=56328"}],"curies":[{"name":"wp","href":"https:\/\/api.w.org\/{rel}","templated":true}]}}