{"id":56168,"date":"2025-07-15T12:12:46","date_gmt":"2025-07-15T12:12:46","guid":{"rendered":"https:\/\/kasima.lt\/produktas\/parker-hidraulinis-krumpliaratinis-siurblys\/"},"modified":"2025-10-29T13:34:43","modified_gmt":"2025-10-29T13:34:43","slug":"parker-hidraulinis-krumpliaratinis-siurblys","status":"publish","type":"product","link":"https:\/\/kasima.lt\/lv\/produktas\/parker-hidraulinis-krumpliaratinis-siurblys\/","title":{"rendered":"Parker hidrauliskais zobratu s\u016bknis"},"content":{"rendered":"<p>\u0160\u012b deta\u013ca ir lietota, bet ir lab\u0101 st\u0101vokl\u012b<br \/>\nOri\u0123in\u0101ls Parker zobratu s\u016bknis, paredz\u0113ts JCB tehnikai<br \/>\nDeta\u013cas numurs:<br \/>\n7029530008<br \/>\n20\/925588<br \/>\n51\/06-10304690\/011<\/p>\n","protected":false},"excerpt":{"rendered":"<p>Cena bez PVN<\/p>\n<p>Ra\u017eot\u0101js: PARKER<br \/>\nModelis: KND0095<br \/>\nIzsaukums: <a href=\"tel:+37060842988\">+37060842988<\/a><br \/>\nE-pasts: <a href=\"mailto:usedparts@kasima.lt\">usedparts@kasima.lt<\/a><\/p>\n","protected":false},"featured_media":56079,"template":"","meta":{"_et_pb_use_builder":"","_et_pb_old_content":"","_et_gb_content_width":"","_monsterinsights_skip_tracking":false,"_monsterinsights_sitenote_active":false,"_monsterinsights_sitenote_note":"","_monsterinsights_sitenote_category":0},"product_brand":[],"product_cat":[443,617,318,452],"product_tag":[],"class_list":{"0":"post-56168","1":"product","2":"type-product","3":"status-publish","4":"has-post-thumbnail","6":"product_cat-jcb-dalas","7":"product_cat-hidrauliskie-sukni-un-to-detalas","8":"product_cat-lietotas-dalas","9":"product_cat-celtniecibas-tehnikas-dalas","11":"first","12":"instock","13":"shipping-taxable","14":"purchasable","15":"product-type-simple"},"aioseo_notices":[],"_links":{"self":[{"href":"https:\/\/kasima.lt\/lv\/wp-json\/wp\/v2\/product\/56168","targetHints":{"allow":["GET"]}}],"collection":[{"href":"https:\/\/kasima.lt\/lv\/wp-json\/wp\/v2\/product"}],"about":[{"href":"https:\/\/kasima.lt\/lv\/wp-json\/wp\/v2\/types\/product"}],"wp:featuredmedia":[{"embeddable":true,"href":"https:\/\/kasima.lt\/lv\/wp-json\/wp\/v2\/media\/56079"}],"wp:attachment":[{"href":"https:\/\/kasima.lt\/lv\/wp-json\/wp\/v2\/media?parent=56168"}],"wp:term":[{"taxonomy":"product_brand","embeddable":true,"href":"https:\/\/kasima.lt\/lv\/wp-json\/wp\/v2\/product_brand?post=56168"},{"taxonomy":"product_cat","embeddable":true,"href":"https:\/\/kasima.lt\/lv\/wp-json\/wp\/v2\/product_cat?post=56168"},{"taxonomy":"product_tag","embeddable":true,"href":"https:\/\/kasima.lt\/lv\/wp-json\/wp\/v2\/product_tag?post=56168"}],"curies":[{"name":"wp","href":"https:\/\/api.w.org\/{rel}","templated":true}]}}