{"id":55968,"date":"2025-07-15T10:53:52","date_gmt":"2025-07-15T10:53:52","guid":{"rendered":"https:\/\/kasima.lt\/produktas\/itr-transmisijos-siurblys\/"},"modified":"2025-10-29T13:34:43","modified_gmt":"2025-10-29T13:34:43","slug":"itr-transmisijos-siurblys","status":"publish","type":"product","link":"https:\/\/kasima.lt\/lv\/produktas\/itr-transmisijos-siurblys\/","title":{"rendered":"ITR transmisijas s\u016bknis"},"content":{"rendered":"<p>\u0160\u012b da\u013ca ir piln\u012bgi jauna<br \/>\nBija paredz\u0113ta CAT D6M k\u0101pur\u0137\u0113\u017eu traktoram<br \/>\nDeta\u013cas numurs:<br \/>\n1333409<br \/>\nD20746<br \/>\nU22153<\/p>\n","protected":false},"excerpt":{"rendered":"<p>Cena bez PVN<\/p>\n<p>Ra\u017eot\u0101js: ITR<br \/>\nModelis: KND0093<br \/>\nIzsaukums: <a href=\"tel:+37060842988\">+37060842988<\/a><br \/>\nE-pasts: <a href=\"mailto:usedparts@kasima.lt\">usedparts@kasima.lt<\/a><\/p>\n","protected":false},"featured_media":55924,"template":"","meta":{"_et_pb_use_builder":"","_et_pb_old_content":"","_et_gb_content_width":"","_monsterinsights_skip_tracking":false,"_monsterinsights_sitenote_active":false,"_monsterinsights_sitenote_note":"","_monsterinsights_sitenote_category":0},"product_brand":[],"product_cat":[617,318,445,452],"product_tag":[],"class_list":{"0":"post-55968","1":"product","2":"type-product","3":"status-publish","4":"has-post-thumbnail","6":"product_cat-hidrauliskie-sukni-un-to-detalas","7":"product_cat-lietotas-dalas","8":"product_cat-jaunas-dalas","9":"product_cat-celtniecibas-tehnikas-dalas","11":"first","12":"instock","13":"shipping-taxable","14":"purchasable","15":"product-type-simple"},"aioseo_notices":[],"_links":{"self":[{"href":"https:\/\/kasima.lt\/lv\/wp-json\/wp\/v2\/product\/55968","targetHints":{"allow":["GET"]}}],"collection":[{"href":"https:\/\/kasima.lt\/lv\/wp-json\/wp\/v2\/product"}],"about":[{"href":"https:\/\/kasima.lt\/lv\/wp-json\/wp\/v2\/types\/product"}],"wp:featuredmedia":[{"embeddable":true,"href":"https:\/\/kasima.lt\/lv\/wp-json\/wp\/v2\/media\/55924"}],"wp:attachment":[{"href":"https:\/\/kasima.lt\/lv\/wp-json\/wp\/v2\/media?parent=55968"}],"wp:term":[{"taxonomy":"product_brand","embeddable":true,"href":"https:\/\/kasima.lt\/lv\/wp-json\/wp\/v2\/product_brand?post=55968"},{"taxonomy":"product_cat","embeddable":true,"href":"https:\/\/kasima.lt\/lv\/wp-json\/wp\/v2\/product_cat?post=55968"},{"taxonomy":"product_tag","embeddable":true,"href":"https:\/\/kasima.lt\/lv\/wp-json\/wp\/v2\/product_tag?post=55968"}],"curies":[{"name":"wp","href":"https:\/\/api.w.org\/{rel}","templated":true}]}}