{"id":55879,"date":"2025-07-14T06:03:11","date_gmt":"2025-07-14T06:03:11","guid":{"rendered":"https:\/\/kasima.lt\/produktas\/kawasaki-hidraulinio-siurblio-vidurinioji-dalis\/"},"modified":"2025-10-29T13:34:42","modified_gmt":"2025-10-29T13:34:42","slug":"kawasaki-hidraulinio-siurblio-vidurinioji-dalis","status":"publish","type":"product","link":"https:\/\/kasima.lt\/lv\/produktas\/kawasaki-hidraulinio-siurblio-vidurinioji-dalis\/","title":{"rendered":"Kawasaki hidraulisk\u0101 s\u016bk\u0146a vidusda\u013ca"},"content":{"rendered":"<p>\u0160\u012b da\u013ca ir lietota,<br \/>\nP\u0101rbaud\u012bta, bez plais\u0101m vai boj\u0101jumiem<br \/>\nPiem\u0113rota s\u016bk\u0146a remontam vai da\u013c\u0113jai atjauno\u0161anai.<\/p>\n","protected":false},"excerpt":{"rendered":"<p>Cena bez PVN<\/p>\n<p>Ra\u017eot\u0101js: KAWASAKI<br \/>\nModelis: KND0092<br \/>\nIzsaukums: <a href=\"tel:+37060842988\">+37060842988<\/a><br \/>\nE-pasts: <a href=\"mailto:usedparts@kasima.lt\">usedparts@kasima.lt<\/a><\/p>\n","protected":false},"featured_media":55850,"template":"","meta":{"_et_pb_use_builder":"","_et_pb_old_content":"","_et_gb_content_width":"","_monsterinsights_skip_tracking":false,"_monsterinsights_sitenote_active":false,"_monsterinsights_sitenote_note":"","_monsterinsights_sitenote_category":0},"product_brand":[],"product_cat":[443,398,617,318,452],"product_tag":[],"class_list":{"0":"post-55879","1":"product","2":"type-product","3":"status-publish","4":"has-post-thumbnail","6":"product_cat-jcb-dalas","7":"product_cat-volvo-dalas","8":"product_cat-hidrauliskie-sukni-un-to-detalas","9":"product_cat-lietotas-dalas","10":"product_cat-celtniecibas-tehnikas-dalas","12":"first","13":"instock","14":"shipping-taxable","15":"purchasable","16":"product-type-simple"},"aioseo_notices":[],"_links":{"self":[{"href":"https:\/\/kasima.lt\/lv\/wp-json\/wp\/v2\/product\/55879","targetHints":{"allow":["GET"]}}],"collection":[{"href":"https:\/\/kasima.lt\/lv\/wp-json\/wp\/v2\/product"}],"about":[{"href":"https:\/\/kasima.lt\/lv\/wp-json\/wp\/v2\/types\/product"}],"wp:featuredmedia":[{"embeddable":true,"href":"https:\/\/kasima.lt\/lv\/wp-json\/wp\/v2\/media\/55850"}],"wp:attachment":[{"href":"https:\/\/kasima.lt\/lv\/wp-json\/wp\/v2\/media?parent=55879"}],"wp:term":[{"taxonomy":"product_brand","embeddable":true,"href":"https:\/\/kasima.lt\/lv\/wp-json\/wp\/v2\/product_brand?post=55879"},{"taxonomy":"product_cat","embeddable":true,"href":"https:\/\/kasima.lt\/lv\/wp-json\/wp\/v2\/product_cat?post=55879"},{"taxonomy":"product_tag","embeddable":true,"href":"https:\/\/kasima.lt\/lv\/wp-json\/wp\/v2\/product_tag?post=55879"}],"curies":[{"name":"wp","href":"https:\/\/api.w.org\/{rel}","templated":true}]}}