{"id":55480,"date":"2025-07-09T13:17:18","date_gmt":"2025-07-09T11:17:18","guid":{"rendered":"https:\/\/kasima.lt\/produktas\/vogele-ab500-2-tv-praplatinimo-modulis-025-m-025-m\/"},"modified":"2025-10-29T13:34:40","modified_gmt":"2025-10-29T13:34:40","slug":"vogele-ab500-2-tv-praplatinimo-modulis-025-m-025-m","status":"publish","type":"product","link":"https:\/\/kasima.lt\/lv\/produktas\/vogele-ab500-2-tv-praplatinimo-modulis-025-m-025-m\/","title":{"rendered":"V\u00d6GELE AB500-2 TV pagarin\u0101juma modulis (0,25 m + 0,25 m)"},"content":{"rendered":"<p>Neizmantots AB500-2 TV pagarin\u0101jums (0,25 m + 0,25 m)<\/p>\n<p>P\u0101rdod ori\u0123in\u0101lus V\u00f6gele AB500-2 TV multiplekss pagarin\u0101juma modu\u013cus, 2 x 0,25 m, ra\u017eoti 2012. gad\u0101. Iek\u0101rta ir jauna, nekad nelietota, ide\u0101l\u0101 st\u0101vokl\u012b &#8211; ide\u0101li piem\u0113rota profesion\u0101lai asfalt\u0113\u0161anai, kur nepiecie\u0161ams palielin\u0101t darba platumu, nemazinot kvalit\u0101ti. <\/p>\n<p>Funkcijas:<\/p>\n<p>Darba platums: 0,25 m + 0,25 m<br \/>\nGads: 2012<br \/>\nKond\u012bcija: nelietots<br \/>\nSavietojam\u012bba: V\u00f6gele AB500-2 TV tipa bl\u012bv\u0113t\u0101jiem.<\/p>\n<p>Ieguvumi:<\/p>\n<p>\u0100tra un vienk\u0101r\u0161a uzst\u0101d\u012b\u0161ana uz eso\u0161ajiem bru\u0123akme\u0146iem<br \/>\nNodro\u0161ina augstas kvalit\u0101tes asfalt\u0113\u0161anas rezult\u0101tus pat liel\u0101kos platumos<br \/>\nUzticama V\u00f6gele konstrukcija &#8211; iztur\u012bga un iztur\u012bga.<\/p>\n","protected":false},"excerpt":{"rendered":"<p>Cena bez PVN<\/p>\n<p>Ra\u017eot\u0101js: Wirtgen<br \/>\nModelis: 2042824<br \/>\nZvans: <a href=\"tel:+37063025580\">+37063025580<\/a><br \/>\nE-pasts: <a href=\"mailto:e-commerce@kasima.lt\">e-commerce@kasima.lt<\/a><\/p>\n","protected":false},"featured_media":55410,"template":"","meta":{"_et_pb_use_builder":"","_et_pb_old_content":"","_et_gb_content_width":"","_monsterinsights_skip_tracking":false,"_monsterinsights_sitenote_active":false,"_monsterinsights_sitenote_note":"","_monsterinsights_sitenote_category":0},"product_brand":[],"product_cat":[155],"product_tag":[],"class_list":{"0":"post-55480","1":"product","2":"type-product","3":"status-publish","4":"has-post-thumbnail","6":"product_cat-jauns","8":"first","9":"instock","10":"shipping-taxable","11":"purchasable","12":"product-type-simple"},"aioseo_notices":[],"_links":{"self":[{"href":"https:\/\/kasima.lt\/lv\/wp-json\/wp\/v2\/product\/55480","targetHints":{"allow":["GET"]}}],"collection":[{"href":"https:\/\/kasima.lt\/lv\/wp-json\/wp\/v2\/product"}],"about":[{"href":"https:\/\/kasima.lt\/lv\/wp-json\/wp\/v2\/types\/product"}],"wp:featuredmedia":[{"embeddable":true,"href":"https:\/\/kasima.lt\/lv\/wp-json\/wp\/v2\/media\/55410"}],"wp:attachment":[{"href":"https:\/\/kasima.lt\/lv\/wp-json\/wp\/v2\/media?parent=55480"}],"wp:term":[{"taxonomy":"product_brand","embeddable":true,"href":"https:\/\/kasima.lt\/lv\/wp-json\/wp\/v2\/product_brand?post=55480"},{"taxonomy":"product_cat","embeddable":true,"href":"https:\/\/kasima.lt\/lv\/wp-json\/wp\/v2\/product_cat?post=55480"},{"taxonomy":"product_tag","embeddable":true,"href":"https:\/\/kasima.lt\/lv\/wp-json\/wp\/v2\/product_tag?post=55480"}],"curies":[{"name":"wp","href":"https:\/\/api.w.org\/{rel}","templated":true}]}}