{"id":55320,"date":"2025-07-09T13:03:04","date_gmt":"2025-07-09T11:03:04","guid":{"rendered":"https:\/\/kasima.lt\/produktas\/vogele-ab340-tv-praplatinimo-modulis-025-m-025-m\/"},"modified":"2025-10-29T13:34:40","modified_gmt":"2025-10-29T13:34:40","slug":"vogele-ab340-tv-praplatinimo-modulis-025-m-025-m","status":"publish","type":"product","link":"https:\/\/kasima.lt\/lv\/produktas\/vogele-ab340-tv-praplatinimo-modulis-025-m-025-m\/","title":{"rendered":"V\u00d6GELE AB340 TV pagarin\u0101juma modulis (0,25 m + 0,25 m)"},"content":{"rendered":"<p>Neizmantotie AB340 TV pagarin\u0101jumi (0,25 m + 0,25 m)<\/p>\n<p>P\u0101rdod ori\u0123in\u0101lus V\u00f6gele AB340 TV multiplekss pagarin\u0101juma modu\u013cus, 2 x 0,25 m, ra\u017eots 2019. gad\u0101. Modu\u013ci ir piln\u012bgi neizmantoti &#8211; lieliska izv\u0113le ikvienam, kas mekl\u0113 augstas kvalit\u0101tes risin\u0101jumu asfalta iekl\u0101j\u0113ja darba platuma palielin\u0101\u0161anai. <\/p>\n<p>Funkcijas:<\/p>\n<p>Darba platums: 0,25 m + 0,25 m<br \/>\nGads: 2019<br \/>\nKond\u012bcija: nelietots<br \/>\nSavietojam\u012bba: V\u00f6gele AB340 TV tipa bl\u012bv\u0113t\u0101jiem.<\/p>\n<p>Ieguvumi:<\/p>\n<p>\u0100tra un vienk\u0101r\u0161a uzst\u0101d\u012b\u0161ana uz eso\u0161ajiem bru\u0123akme\u0146iem<br \/>\nNodro\u0161ina augstas kvalit\u0101tes asfalt\u0113\u0161anas rezult\u0101tus pat liel\u0101kos platumos<br \/>\nUzticama V\u00f6gele konstrukcija &#8211; iztur\u012bga un iztur\u012bga.<\/p>\n","protected":false},"excerpt":{"rendered":"<p>Cena bez PVN<\/p>\n<p>Ra\u017eot\u0101js: Wirtgen<br \/>\nModelis: 2159533<br \/>\nZvans: <a href=\"tel:+37063025580\">+37063025580<\/a><br \/>\nE-pasts: <a href=\"mailto:e-commerce@kasima.lt\">e-commerce@kasima.lt<\/a><\/p>\n","protected":false},"featured_media":55235,"template":"","meta":{"_et_pb_use_builder":"","_et_pb_old_content":"","_et_gb_content_width":"","_monsterinsights_skip_tracking":false,"_monsterinsights_sitenote_active":false,"_monsterinsights_sitenote_note":"","_monsterinsights_sitenote_category":0},"product_brand":[],"product_cat":[155],"product_tag":[],"class_list":{"0":"post-55320","1":"product","2":"type-product","3":"status-publish","4":"has-post-thumbnail","6":"product_cat-jauns","8":"first","9":"instock","10":"shipping-taxable","11":"purchasable","12":"product-type-simple"},"aioseo_notices":[],"_links":{"self":[{"href":"https:\/\/kasima.lt\/lv\/wp-json\/wp\/v2\/product\/55320","targetHints":{"allow":["GET"]}}],"collection":[{"href":"https:\/\/kasima.lt\/lv\/wp-json\/wp\/v2\/product"}],"about":[{"href":"https:\/\/kasima.lt\/lv\/wp-json\/wp\/v2\/types\/product"}],"wp:featuredmedia":[{"embeddable":true,"href":"https:\/\/kasima.lt\/lv\/wp-json\/wp\/v2\/media\/55235"}],"wp:attachment":[{"href":"https:\/\/kasima.lt\/lv\/wp-json\/wp\/v2\/media?parent=55320"}],"wp:term":[{"taxonomy":"product_brand","embeddable":true,"href":"https:\/\/kasima.lt\/lv\/wp-json\/wp\/v2\/product_brand?post=55320"},{"taxonomy":"product_cat","embeddable":true,"href":"https:\/\/kasima.lt\/lv\/wp-json\/wp\/v2\/product_cat?post=55320"},{"taxonomy":"product_tag","embeddable":true,"href":"https:\/\/kasima.lt\/lv\/wp-json\/wp\/v2\/product_tag?post=55320"}],"curies":[{"name":"wp","href":"https:\/\/api.w.org\/{rel}","templated":true}]}}