{"id":54766,"date":"2025-07-07T06:42:45","date_gmt":"2025-07-07T06:42:45","guid":{"rendered":"https:\/\/kasima.lt\/produktas\/claas-mygtukiniai-jungikliai\/"},"modified":"2025-10-29T13:34:37","modified_gmt":"2025-10-29T13:34:37","slug":"claas-mygtukiniai-jungikliai","status":"publish","type":"product","link":"https:\/\/kasima.lt\/lv\/produktas\/claas-mygtukiniai-jungikliai\/","title":{"rendered":"Claas spiedpogu sl\u0113d\u017ei"},"content":{"rendered":"<p>\u0160ie sl\u0113d\u017ei ir izmantoti<br \/>\nNo\u0146emts no CLAAS Arion 530, 2013<br \/>\nDeta\u013cas numurs:<br \/>\n145004AB1603<br \/>\n14510AB42<br \/>\n145000AB2301<br \/>\n145004AB1701<br \/>\n11026410<br \/>\n7700076389<\/p>\n","protected":false},"excerpt":{"rendered":"<p>Cena bez PVN<\/p>\n<p>Ra\u017eot\u0101js: CLAAS<br \/>\nModelis: CL530ARION0047<br \/>\nIzsaukums: <a href=\"tel:+37060842988\">+37060842988<\/a><br \/>\nE-pasts: <a href=\"mailto:usedparts@kasima.lt\">usedparts@kasima.lt<\/a><\/p>\n","protected":false},"featured_media":54737,"template":"","meta":{"_et_pb_use_builder":"","_et_pb_old_content":"","_et_gb_content_width":"","_monsterinsights_skip_tracking":false,"_monsterinsights_sitenote_active":false,"_monsterinsights_sitenote_note":"","_monsterinsights_sitenote_category":0},"product_brand":[],"product_cat":[887,922,498,490,645,318,701,455],"product_tag":[],"class_list":{"0":"post-54766","1":"product","2":"type-product","3":"status-publish","4":"has-post-thumbnail","6":"product_cat-arion-530-2013","7":"product_cat-citas-elektroniskas-detalas","8":"product_cat-claas-dalas","9":"product_cat-elektronikas-dalas","10":"product_cat-kabines-un-to-dalas","11":"product_cat-lietotas-dalas","12":"product_cat-traktoru-dalas","13":"product_cat-lauksaimniecibas-tehnikas-dalas","15":"first","16":"instock","17":"shipping-taxable","18":"product-type-simple"},"aioseo_notices":[],"_links":{"self":[{"href":"https:\/\/kasima.lt\/lv\/wp-json\/wp\/v2\/product\/54766","targetHints":{"allow":["GET"]}}],"collection":[{"href":"https:\/\/kasima.lt\/lv\/wp-json\/wp\/v2\/product"}],"about":[{"href":"https:\/\/kasima.lt\/lv\/wp-json\/wp\/v2\/types\/product"}],"wp:featuredmedia":[{"embeddable":true,"href":"https:\/\/kasima.lt\/lv\/wp-json\/wp\/v2\/media\/54737"}],"wp:attachment":[{"href":"https:\/\/kasima.lt\/lv\/wp-json\/wp\/v2\/media?parent=54766"}],"wp:term":[{"taxonomy":"product_brand","embeddable":true,"href":"https:\/\/kasima.lt\/lv\/wp-json\/wp\/v2\/product_brand?post=54766"},{"taxonomy":"product_cat","embeddable":true,"href":"https:\/\/kasima.lt\/lv\/wp-json\/wp\/v2\/product_cat?post=54766"},{"taxonomy":"product_tag","embeddable":true,"href":"https:\/\/kasima.lt\/lv\/wp-json\/wp\/v2\/product_tag?post=54766"}],"curies":[{"name":"wp","href":"https:\/\/api.w.org\/{rel}","templated":true}]}}