{"id":54600,"date":"2025-07-04T12:30:59","date_gmt":"2025-07-04T12:30:59","guid":{"rendered":"https:\/\/kasima.lt\/produktas\/vredestein-traction-xxl-padanga-su-ratlankiu\/"},"modified":"2025-10-29T13:34:37","modified_gmt":"2025-10-29T13:34:37","slug":"vredestein-traction-xxl-padanga-su-ratlankiu","status":"publish","type":"product","link":"https:\/\/kasima.lt\/lv\/produktas\/vredestein-traction-xxl-padanga-su-ratlankiu\/","title":{"rendered":"VREDESTEIN TRACTION XXL riepa ar loka disku"},"content":{"rendered":"<p>\u0160\u012b riepa ir lietota, viena puse bija pak\u013cauta ugunsgr\u0113kam<br \/>\nNo\u0146emta no Case Puma CVX 185, 2018<br \/>\nRiepa<br \/>\n600\/70 R28<br \/>\nRitenis<br \/>\nW18x28<br \/>\n82031127<\/p>\n","protected":false},"excerpt":{"rendered":"<p>Cena bez PVN<\/p>\n<p>Ra\u017eot\u0101js: VREDESTEIN<br \/>\nModelis: CS185PUMA0028<br \/>\nIzsaukums: <a href=\"tel:+37060842988\">+37060842988<\/a><br \/>\nE-pasts: <a href=\"mailto:usedparts@kasima.lt\">usedparts@kasima.lt<\/a><\/p>\n","protected":false},"featured_media":54536,"template":"","meta":{"_et_pb_use_builder":"","_et_pb_old_content":"","_et_gb_content_width":"","_monsterinsights_skip_tracking":false,"_monsterinsights_sitenote_active":false,"_monsterinsights_sitenote_note":"","_monsterinsights_sitenote_category":0},"product_brand":[],"product_cat":[508,842,318,665,701,455],"product_tag":[],"class_list":{"0":"post-54600","1":"product","2":"type-product","3":"status-publish","4":"has-post-thumbnail","6":"product_cat-case-dalas","7":"product_cat-puma-cvx-185-2018","8":"product_cat-lietotas-dalas","9":"product_cat-riepas-ar-diskiem","10":"product_cat-traktoru-dalas","11":"product_cat-lauksaimniecibas-tehnikas-dalas","13":"first","14":"instock","15":"shipping-taxable","16":"purchasable","17":"product-type-simple"},"aioseo_notices":[],"_links":{"self":[{"href":"https:\/\/kasima.lt\/lv\/wp-json\/wp\/v2\/product\/54600","targetHints":{"allow":["GET"]}}],"collection":[{"href":"https:\/\/kasima.lt\/lv\/wp-json\/wp\/v2\/product"}],"about":[{"href":"https:\/\/kasima.lt\/lv\/wp-json\/wp\/v2\/types\/product"}],"wp:featuredmedia":[{"embeddable":true,"href":"https:\/\/kasima.lt\/lv\/wp-json\/wp\/v2\/media\/54536"}],"wp:attachment":[{"href":"https:\/\/kasima.lt\/lv\/wp-json\/wp\/v2\/media?parent=54600"}],"wp:term":[{"taxonomy":"product_brand","embeddable":true,"href":"https:\/\/kasima.lt\/lv\/wp-json\/wp\/v2\/product_brand?post=54600"},{"taxonomy":"product_cat","embeddable":true,"href":"https:\/\/kasima.lt\/lv\/wp-json\/wp\/v2\/product_cat?post=54600"},{"taxonomy":"product_tag","embeddable":true,"href":"https:\/\/kasima.lt\/lv\/wp-json\/wp\/v2\/product_tag?post=54600"}],"curies":[{"name":"wp","href":"https:\/\/api.w.org\/{rel}","templated":true}]}}