{"id":54530,"date":"2025-07-04T12:14:32","date_gmt":"2025-07-04T12:14:32","guid":{"rendered":"https:\/\/kasima.lt\/produktas\/hamm-hd-12-vv-asfaltinis-volas\/"},"modified":"2025-10-29T13:34:37","modified_gmt":"2025-10-29T13:34:37","slug":"hamm-hd-12-vv-asfaltinis-volas","status":"publish","type":"product","link":"https:\/\/kasima.lt\/lv\/produktas\/hamm-hd-12-vv-asfaltinis-volas\/","title":{"rendered":"Hamm HD 12 VV asfalta veltnis"},"content":{"rendered":"<p>Gads: 2013<br \/>\nStundas: 362 m\/h<br \/>\nPa\u0161u svars: 2 510 kg<br \/>\nDarb\u012bbas svars: 2 695 kg<br \/>\nDzin\u0113js: Kubota d\u012bze\u013cdzin\u0113js, 3 cilindru<br \/>\nJauda: aptuveni 22,9 kW<br \/>\nKond\u012bcija: Lietots, lab\u0101 tehnisk\u0101 st\u0101vokl\u012b.<\/p>\n<p>Apraksts:<\/p>\n<p>Hamm HD 12 VV ir uzticams un viegli lietojams divu velt\u0146u asfalta veltnis efekt\u012bvai asfalta un augsnes bl\u012bv\u0113\u0161anai. Ide\u0101li piem\u0113rots gan maziem, gan vid\u0113jiem projektiem: ce\u013ciem, autost\u0101vviet\u0101m, veloceli\u0146iem, ietv\u0113m un pagalmiem. <\/p>\n<p>Tehniskie dati:<\/p>\n<p>Darba platums: 1 200 mm<br \/>\nBungas diametrs: aptuveni 700 mm<br \/>\nPa\u0161u svars: 2 510 kg<br \/>\nDarb\u012bbas svars: 2 695 kg<br \/>\nDzin\u0113js: Kubota, d\u012bze\u013cdegviela, 3 cilindri<br \/>\nVibr\u0101cija: priek\u0161\u0113jie + aizmugur\u0113jie cilindri<br \/>\n\u016adens smidzin\u0101\u0161anas sist\u0113ma: ar tvertni un sprausl\u0101m<br \/>\n\u0160arn\u012brveida st\u016br\u0113\u0161ana &#8211; manevr\u0113jam\u012bba ierobe\u017eot\u0101s telp\u0101s<\/p>\n<p>Galvenie ieguvumi:<\/p>\n<p>Kompakts izm\u0113rs &#8211; ide\u0101li piem\u0113rots pils\u0113tvid\u0113<br \/>\nVienk\u0101r\u0161a vad\u012bba un ergonomiska operatora zona<br \/>\nZems trok\u0161\u0146a l\u012bmenis &#8211; piem\u0113rots ar\u012b dz\u012bvojam\u0101m zon\u0101m<br \/>\nV\u0101cu kvalit\u0101te &#8211; uzticam\u012bba un iztur\u012bba.<\/p>\n<p>Papildu inform\u0101cija:<\/p>\n<p>Sadz\u012bves tehnika UAB KASIMA noliktava<br \/>\nIesp\u0113jama sadz\u012bves tehnikas pieg\u0101de uz J\u016bsu adresi<\/p>\n<p><iframe loading=\"lazy\" title=\"Hamm HD 12 VV \u2502 UAB KASIMA\" width=\"1080\" height=\"608\" src=\"https:\/\/www.youtube.com\/embed\/Pl534Y_aQOg?feature=oembed\"  allow=\"accelerometer; autoplay; clipboard-write; encrypted-media; gyroscope; picture-in-picture; web-share\" referrerpolicy=\"strict-origin-when-cross-origin\" allowfullscreen><\/iframe><\/p>\n","protected":false},"excerpt":{"rendered":"<p>Cena bez PVN<\/p>\n<p>Ra\u017eot\u0101js: Hamm<br \/>\nModelis: HD 12 VV<br \/>\nZvans: <a href=\"tel:+37067607071\">+37067607071<\/a><br \/>\nE-pasts: <a href=\"mailto:sales@kasima.lt\">sales@kasima.lt<\/a><\/p>\n","protected":false},"featured_media":54400,"template":"","meta":{"_et_pb_use_builder":"","_et_pb_old_content":"","_et_gb_content_width":"","_monsterinsights_skip_tracking":false,"_monsterinsights_sitenote_active":false,"_monsterinsights_sitenote_note":"","_monsterinsights_sitenote_category":0},"product_brand":[],"product_cat":[208,149],"product_tag":[],"class_list":{"0":"post-54530","1":"product","2":"type-product","3":"status-publish","4":"has-post-thumbnail","6":"product_cat-celu-buvnieciba","7":"product_cat-buvnieciba","9":"first","10":"outofstock","11":"shipping-taxable","12":"product-type-simple"},"aioseo_notices":[],"_links":{"self":[{"href":"https:\/\/kasima.lt\/lv\/wp-json\/wp\/v2\/product\/54530","targetHints":{"allow":["GET"]}}],"collection":[{"href":"https:\/\/kasima.lt\/lv\/wp-json\/wp\/v2\/product"}],"about":[{"href":"https:\/\/kasima.lt\/lv\/wp-json\/wp\/v2\/types\/product"}],"wp:featuredmedia":[{"embeddable":true,"href":"https:\/\/kasima.lt\/lv\/wp-json\/wp\/v2\/media\/54400"}],"wp:attachment":[{"href":"https:\/\/kasima.lt\/lv\/wp-json\/wp\/v2\/media?parent=54530"}],"wp:term":[{"taxonomy":"product_brand","embeddable":true,"href":"https:\/\/kasima.lt\/lv\/wp-json\/wp\/v2\/product_brand?post=54530"},{"taxonomy":"product_cat","embeddable":true,"href":"https:\/\/kasima.lt\/lv\/wp-json\/wp\/v2\/product_cat?post=54530"},{"taxonomy":"product_tag","embeddable":true,"href":"https:\/\/kasima.lt\/lv\/wp-json\/wp\/v2\/product_tag?post=54530"}],"curies":[{"name":"wp","href":"https:\/\/api.w.org\/{rel}","templated":true}]}}